{"id":398,"date":"2026-02-10T00:44:09","date_gmt":"2026-02-10T00:44:09","guid":{"rendered":"https:\/\/medtempl.cz\/pharm\/?post_type=product&#038;p=398"},"modified":"2026-03-03T16:12:04","modified_gmt":"2026-03-03T16:12:04","slug":"hairperfecta","status":"publish","type":"product","link":"https:\/\/medtempl.cz\/pharm\/product\/hairperfecta\/","title":{"rendered":"HairPerfecta"},"content":{"rendered":"<p class=\"font-claude-response-body break-words whitespace-normal leading-[1.7]\">Vypad\u00e1v\u00e1n\u00ed vlas\u016f je probl\u00e9m, kter\u00fd tr\u00e1p\u00ed miliony lid\u00ed po cel\u00e9m sv\u011bt\u011b. A\u0165 u\u017e jde o v\u011bkov\u00e9 zm\u011bny, hormon\u00e1ln\u00ed nerovnov\u00e1hu, stres nebo genetickou predispozici, ztr\u00e1ta vlas\u016f negativn\u011b ovliv\u0148uje sebev\u011bdom\u00ed a kvalitu \u017eivota. HairPerfecta p\u0159edstavuje modern\u00ed \u0159e\u0161en\u00ed tohoto probl\u00e9mu formou praktick\u00e9ho spreje, kter\u00fd kombinuje \u00fa\u010dinn\u00e9 p\u0159\u00edrodn\u00ed slo\u017eky s v\u011bdecky podlo\u017een\u00fdmi aktivn\u00edmi l\u00e1tkami.<\/p>\n<h2 class=\"text-text-100 mt-3 -mb-1 text-[1.125rem] font-bold\">HairPerfecta &#8211; stru\u010dn\u00fd popis<\/h2>\n<p class=\"font-claude-response-body break-words whitespace-normal leading-[1.7]\">HairPerfecta je inovativn\u00ed sprej ur\u010den\u00fd k boji proti vypad\u00e1v\u00e1n\u00ed vlas\u016f a podporuj\u00edc\u00ed jejich zdrav\u00fd r\u016fst. Produkt vyu\u017e\u00edv\u00e1 synergick\u00e9ho p\u016fsoben\u00ed n\u011bkolika kl\u00ed\u010dov\u00fdch ingredienc\u00ed, kter\u00e9 c\u00edl\u00ed na r\u016fzn\u00e9 p\u0159\u00ed\u010diny oslaben\u00ed a \u00fabytku vlas\u016f. D\u00edky tekut\u00e9 form\u011b ve spreji se aktivn\u00ed slo\u017eky snadno aplikuj\u00ed p\u0159\u00edmo na poko\u017eku hlavy, kde mohou \u00fa\u010dinn\u011b pronikat k vlasov\u00fdm folikul\u016fm.<\/p>\n<p class=\"font-claude-response-body break-words whitespace-normal leading-[1.7]\">Tento kosmetick\u00fd p\u0159\u00edpravek je vhodn\u00fd jak pro mu\u017ee, tak pro \u017eeny trp\u00edc\u00ed probl\u00e9my s vypad\u00e1v\u00e1n\u00edm vlas\u016f. Jeho slo\u017een\u00ed respektuje p\u0159irozen\u00e9 procesy regenerace vlasov\u00fdch ko\u0159\u00ednk\u016f a podporuje optim\u00e1ln\u00ed prost\u0159ed\u00ed pro r\u016fst siln\u00fdch a zdrav\u00fdch vlas\u016f. HairPerfecta se zam\u011b\u0159uje nejen na zastaven\u00ed vypad\u00e1v\u00e1n\u00ed, ale tak\u00e9 na zlep\u0161en\u00ed celkov\u00e9 kvality a vzhledu vlas\u016f.<\/p>\n<h2 class=\"text-text-100 mt-3 -mb-1 text-[1.125rem] font-bold\">Slo\u017een\u00ed a \u00fa\u010dinky HairPerfecta<\/h2>\n<p class=\"font-claude-response-body break-words whitespace-normal leading-[1.7]\">\u00da\u010dinnost p\u0159\u00edpravku HairPerfecta spo\u010d\u00edv\u00e1 v pe\u010dliv\u011b vyv\u00e1\u017een\u00e9 kombinaci aktivn\u00edch slo\u017eek, z nich\u017e ka\u017ed\u00e1 p\u0159isp\u00edv\u00e1 specifick\u00fdm zp\u016fsobem k ochran\u011b a pos\u00edlen\u00ed vlas\u016f:<\/p>\n<ul>\n<li class=\"font-claude-response-body break-words whitespace-normal leading-[1.7]\"><strong>Procapil<\/strong> &#8211; patentovan\u00e1 slo\u017eka vyvinut\u00e1 pro zpevn\u011bn\u00ed vlas\u016f prost\u0159ednictv\u00edm zv\u00fd\u0161en\u00ed metabolismu a zlep\u0161en\u00ed folikul\u00e1rn\u00ed struktury. Tato jedine\u010dn\u00e1 kombinace biotinyl-GHK, apigeninu a kyseliny oleanolov\u00e9 p\u016fsob\u00ed p\u0159\u00edmo na vlasov\u00fd folikul, kter\u00fd posiluje a omlazuje. Procapil je zvl\u00e1\u0161t\u011b \u00fa\u010dinn\u00fd p\u0159i prevenci vypad\u00e1v\u00e1n\u00ed vlas\u016f u mu\u017e\u016f, proto\u017ee c\u00edl\u00ed na hlavn\u00ed p\u0159\u00ed\u010diny oslaben\u00ed vlasov\u00fdch ko\u0159\u00ednk\u016f.<\/li>\n<li class=\"font-claude-response-body break-words whitespace-normal leading-[1.7]\"><strong>Keratin<\/strong> &#8211; p\u0159\u00edrodn\u00ed protein tvo\u0159\u00edc\u00ed z\u00e1klad struktury vlas\u016f i horn\u00ed vrstvy poko\u017eky. P\u0159isp\u00edv\u00e1 k vylep\u0161en\u00ed p\u0159irozen\u00e9 struktury vlasov\u00e9ho vl\u00e1kna, \u010d\u00edm\u017e vlasy z\u00edsk\u00e1vaj\u00ed pevnost a pru\u017enost. Keratin m\u00e1 tak\u00e9 ochrann\u00e9 vlastnosti pro epiteli\u00e1ln\u00ed bu\u0148ky, chr\u00e1n\u00ed je p\u0159ed po\u0161kozen\u00edm a stresem zp\u016fsoben\u00fdm vn\u011bj\u0161\u00edmi vlivy. Revitalizuje vlasov\u00e9 folikuly a podporuje tvorbu kvalitn\u00edho vlasov\u00e9ho vl\u00e1kna.<\/li>\n<li class=\"font-claude-response-body break-words whitespace-normal leading-[1.7]\"><strong>Magnesium<\/strong> &#8211; nezbytn\u00fd miner\u00e1l, kter\u00fd hraje kl\u00ed\u010dovou roli v prevenci ucp\u00e1v\u00e1n\u00ed vlasov\u00fdch folikul\u016f. Zabra\u0148uje hromad\u011bn\u00ed v\u00e1pn\u00edku na poko\u017ece hlavy, co\u017e by jinak vedlo k blokaci folikul\u016f a z\u00e1n\u011btu. Magnesium zlep\u0161uje mikrocirkulaci v poko\u017ece hlavy, co\u017e zaji\u0161\u0165uje lep\u0161\u00ed p\u0159\u00edsun \u017eivin k vlasov\u00fdm ko\u0159\u00ednk\u016fm. Nav\u00edc podporuje synt\u00e9zu protein\u016f nezbytn\u00fdch pro norm\u00e1ln\u00ed r\u016fst vlas\u016f.<\/li>\n<li class=\"font-claude-response-body break-words whitespace-normal leading-[1.7]\"><strong>Kofein<\/strong> &#8211; stimula\u010dn\u00ed l\u00e1tka, kter\u00e1 prokazateln\u011b podporuje r\u016fst vlas\u016f. Pronik\u00e1 p\u0159\u00edmo ke ko\u0159\u00ednk\u016fm a aktivuje vlasov\u00e9 folikuly. Jednou z nejv\u00fdznamn\u011bj\u0161\u00edch vlastnost\u00ed kofeinu je jeho schopnost blokovat p\u016fsoben\u00ed dihydrotestosteronu (DHT), mu\u017esk\u00e9ho hormonu zodpov\u011bdn\u00e9ho za androgenn\u00ed alopecii neboli ple\u0161atost u mu\u017e\u016f. V\u00fdsledkem je nejen zamezen\u00ed vypad\u00e1v\u00e1n\u00ed, ale tak\u00e9 zlep\u0161en\u00ed vzhledu vlas\u016f, kter\u00e9 se st\u00e1vaj\u00ed m\u011bk\u010d\u00edmi a lesklej\u0161\u00edmi.<\/li>\n<\/ul>\n<h2 class=\"text-text-100 mt-3 -mb-1 text-[1.125rem] font-bold\">V\u00fdsledky HairPerfecta<\/h2>\n<p class=\"font-claude-response-body break-words whitespace-normal leading-[1.7]\">Pravideln\u00e9 pou\u017e\u00edv\u00e1n\u00ed p\u0159\u00edpravku HairPerfecta p\u0159in\u00e1\u0161\u00ed viditeln\u00e9 v\u00fdsledky, kter\u00e9 se projevuj\u00ed postupn\u011b b\u011bhem n\u011bkolika t\u00fddn\u016f aplikace. V\u011bt\u0161ina u\u017eivatel\u016f zaznamen\u00e1v\u00e1 prvn\u00ed pozitivn\u00ed zm\u011bny ji\u017e po t\u0159ech a\u017e \u010dty\u0159ech t\u00fddnech pravideln\u00e9ho u\u017e\u00edv\u00e1n\u00ed.<\/p>\n<p class=\"font-claude-response-body break-words whitespace-normal leading-[1.7]\">Zpo\u010d\u00e1tku doch\u00e1z\u00ed ke sn\u00ed\u017een\u00ed intenzity vypad\u00e1v\u00e1n\u00ed vlas\u016f. U\u017eivatel\u00e9 pozoruj\u00ed m\u00e9n\u011b vlas\u016f na kart\u00e1\u010di, na pol\u0161t\u00e1\u0159i nebo p\u0159i myt\u00ed hlavy. Tento efekt je zp\u016fsoben pos\u00edlen\u00edm vlasov\u00fdch folikul\u016f a zlep\u0161en\u00edm jejich ukotven\u00ed v poko\u017ece hlavy.<\/p>\n<p class=\"font-claude-response-body break-words whitespace-normal leading-[1.7]\">Po \u0161esti a\u017e osmi t\u00fddnech se za\u010d\u00ednaj\u00ed objevovat nov\u00e9 vl\u00e1sky v m\u00edstech, kde d\u0159\u00edve vlasy chyb\u011bly nebo byly \u0159\u00eddk\u00e9. Tyto nov\u00e9 vlasy postupn\u011b nab\u00fdvaj\u00ed na s\u00edle a tlou\u0161\u0165ce. St\u00e1vaj\u00edc\u00ed vlasy z\u00edsk\u00e1vaj\u00ed na hustot\u011b, lesku a celkov\u00e9m zdrav\u00e9m vzhledu.<\/p>\n<p class=\"font-claude-response-body break-words whitespace-normal leading-[1.7]\">Dlouhodob\u00e9 u\u017e\u00edv\u00e1n\u00ed vede k v\u00fdrazn\u00e9mu zlep\u0161en\u00ed stavu vlas\u016f. Poko\u017eka hlavy je zdrav\u011bj\u0161\u00ed, vlasy jsou siln\u011bj\u0161\u00ed, m\u00e9n\u011b l\u00e1mav\u00e9 a vypad\u00e1vaj\u00ed v minim\u00e1ln\u00ed m\u00ed\u0159e odpov\u00eddaj\u00edc\u00ed p\u0159irozen\u00e9mu cyklu r\u016fstu vlas\u016f. Mnoz\u00ed u\u017eivatel\u00e9 tak\u00e9 oce\u0148uj\u00ed zlep\u0161en\u00ed struktury vlas\u016f, kter\u00e9 jsou hlad\u0161\u00ed a l\u00e9pe upraviteln\u00e9.<\/p>\n<h2 class=\"text-text-100 mt-3 -mb-1 text-[1.125rem] font-bold\">Recenze u\u017eivatel\u016f HairPerfecta<\/h2>\n<p class=\"font-claude-response-body break-words whitespace-normal leading-[1.7]\">V\u011bt\u0161ina recenz\u00ed od u\u017eivatel\u016f p\u0159\u00edpravku HairPerfecta je pozitivn\u00ed, p\u0159i\u010dem\u017e lid\u00e9 zd\u016fraz\u0148uj\u00ed p\u0159edev\u0161\u00edm viditeln\u00e9 v\u00fdsledky a snadnou aplikaci produktu. Z\u00e1kazn\u00edci oce\u0148uj\u00ed, \u017ee sprej nezanech\u00e1v\u00e1 mastn\u00fd film a snadno se vst\u0159eb\u00e1v\u00e1.<\/p>\n<blockquote>\n<p class=\"font-claude-response-body break-words whitespace-normal leading-[1.7]\"><strong>Petr K., 42 let:<\/strong> <em>\u201eS vypad\u00e1v\u00e1n\u00edm vlas\u016f jsem bojoval n\u011bkolik let a zkou\u0161el jsem r\u016fzn\u00e9 p\u0159\u00edpravky bez v\u00fdrazn\u011bj\u0161\u00edho efektu. HairPerfecta m\u011b p\u0159\u00edjemn\u011b p\u0159ekvapila. Po m\u011bs\u00edci pou\u017e\u00edv\u00e1n\u00ed jsem si v\u0161iml, \u017ee vlas\u016f vypad\u00e1v\u00e1 v\u00fdrazn\u011b m\u00e9n\u011b, a po t\u0159ech m\u011bs\u00edc\u00edch jsem zaznamenal i nov\u00fd r\u016fst vlas\u016f v m\u00edstech, kde byly ji\u017e viditeln\u00e9 pro\u0159\u00eddl\u00e9 partie. Nav\u00edc se mi l\u00edb\u00ed, \u017ee sprej se rychle vst\u0159eb\u00e1v\u00e1 a vlasy po n\u011bm vypadaj\u00ed p\u0159irozen\u011b. Ur\u010dit\u011b budu v pou\u017e\u00edv\u00e1n\u00ed pokra\u010dovat.&#8220;<\/em><\/p>\n<p class=\"font-claude-response-body break-words whitespace-normal leading-[1.7]\"><strong>Jana M., 38 let:<\/strong> <em>\u201ePo porodu jsem za\u010dala intenzivn\u011b ztr\u00e1cet vlasy a byl to pro m\u011b velk\u00fd probl\u00e9m. Zkusila jsem HairPerfecta na doporu\u010den\u00ed kamar\u00e1dky a po \u0161esti t\u00fddnech jsem za\u010dala vid\u011bt rozd\u00edl. Vypad\u00e1v\u00e1n\u00ed se v\u00fdrazn\u011b zpomalilo a vlasy za\u010daly b\u00fdt op\u011bt hust\u0161\u00ed. Jsem moc r\u00e1da, \u017ee jsem na\u0161la p\u0159\u00edpravek, kter\u00fd skute\u010dn\u011b funguje a nen\u00ed to jen vyhozen\u00ed pen\u011bz.&#8220;<\/em><\/p>\n<\/blockquote>\n<h2 class=\"text-text-100 mt-3 -mb-1 text-[1.125rem] font-bold\">Mo\u017en\u00e9 ne\u017e\u00e1douc\u00ed \u00fa\u010dinky<\/h2>\n<p class=\"font-claude-response-body break-words whitespace-normal leading-[1.7]\">HairPerfecta je kosmetick\u00fd p\u0159\u00edpravek na b\u00e1zi p\u0159\u00edrodn\u00edch slo\u017eek a aktivn\u00edch l\u00e1tek, kter\u00e9 jsou obecn\u011b dob\u0159e sn\u00e1\u0161eny. V\u00fdskyt ne\u017e\u00e1douc\u00edch \u00fa\u010dink\u016f je vz\u00e1cn\u00fd a omezuje se p\u0159ev\u00e1\u017en\u011b na individu\u00e1ln\u00ed p\u0159ecitliv\u011blost na n\u011bkterou ze slo\u017eek.<\/p>\n<p class=\"font-claude-response-body break-words whitespace-normal leading-[1.7]\">U citliv\u00fdch osob se m\u016f\u017ee objevit m\u00edrn\u00e9 podr\u00e1\u017ed\u011bn\u00ed poko\u017eky hlavy, zarudnut\u00ed nebo sv\u011bd\u011bn\u00ed v m\u00edst\u011b aplikace. Tyto projevy jsou obvykle do\u010dasn\u00e9 a miz\u00ed po p\u0159eru\u0161en\u00ed pou\u017e\u00edv\u00e1n\u00ed nebo sn\u00ed\u017een\u00ed frekvence aplikace. V p\u0159\u00edpad\u011b, \u017ee p\u0159\u00edznaky p\u0159etrv\u00e1vaj\u00ed nebo se zhor\u0161uj\u00ed, je vhodn\u00e9 p\u0159eru\u0161it pou\u017e\u00edv\u00e1n\u00ed a konzultovat situaci s dermatologem.<\/p>\n<p class=\"font-claude-response-body break-words whitespace-normal leading-[1.7]\">Alergick\u00e1 reakce na n\u011bkterou ze slo\u017eek je mo\u017en\u00e1, ale nen\u00ed \u010dast\u00e1. P\u0159ed prvn\u00edm pou\u017eit\u00edm je proto doporu\u010deno prov\u00e9st test na mal\u00e9 plo\u0161e poko\u017eky a vy\u010dkat 24 hodin, zda se neobjev\u00ed ne\u017e\u00e1douc\u00ed reakce.<\/p>\n<h2 class=\"text-text-100 mt-3 -mb-1 text-[1.125rem] font-bold\">Bezpe\u010dnostn\u00ed opat\u0159en\u00ed<\/h2>\n<p class=\"font-claude-response-body break-words whitespace-normal leading-[1.7]\">Pro zaji\u0161t\u011bn\u00ed bezpe\u010dn\u00e9ho a \u00fa\u010dinn\u00e9ho pou\u017e\u00edv\u00e1n\u00ed p\u0159\u00edpravku HairPerfecta je d\u016fle\u017eit\u00e9 dodr\u017eovat n\u011bkolik z\u00e1kladn\u00edch doporu\u010den\u00ed:<\/p>\n<ul class=\"[li_&amp;]:mb-0 [li_&amp;]:mt-1 [li_&amp;]:gap-1 [&amp;:not(:last-child)_ul]:pb-1 [&amp;:not(:last-child)_ol]:pb-1 list-disc flex flex-col gap-1 pl-8 mb-3\">\n<li class=\"whitespace-normal break-words pl-2\">P\u0159\u00edpravek je ur\u010den pouze k zevn\u00edmu pou\u017eit\u00ed na poko\u017eku hlavy<\/li>\n<li class=\"whitespace-normal break-words pl-2\">Vyhn\u011bte se kontaktu se sliznicemi, zejm\u00e9na s o\u010dima<\/li>\n<li class=\"whitespace-normal break-words pl-2\">V p\u0159\u00edpad\u011b n\u00e1hodn\u00e9ho zasa\u017een\u00ed o\u010d\u00ed d\u016fkladn\u011b vypl\u00e1chn\u011bte \u010distou vodou<\/li>\n<li class=\"whitespace-normal break-words pl-2\">Nep\u0159ekra\u010dujte doporu\u010den\u00e9 d\u00e1vkov\u00e1n\u00ed<\/li>\n<li class=\"whitespace-normal break-words pl-2\">Uchov\u00e1vejte mimo dosah d\u011bt\u00ed<\/li>\n<li class=\"whitespace-normal break-words pl-2\">Skladujte p\u0159i pokojov\u00e9 teplot\u011b mimo p\u0159\u00edm\u00e9 slune\u010dn\u00ed z\u00e1\u0159en\u00ed<\/li>\n<li class=\"whitespace-normal break-words pl-2\">Nepou\u017e\u00edvejte na po\u0161kozenou poko\u017eku s otev\u0159en\u00fdmi ranami nebo z\u00e1n\u011btem<\/li>\n<li class=\"whitespace-normal break-words pl-2\">V p\u0159\u00edpad\u011b t\u011bhotenstv\u00ed nebo kojen\u00ed konzultujte pou\u017eit\u00ed s l\u00e9ka\u0159em<\/li>\n<li class=\"whitespace-normal break-words pl-2\">P\u0159\u00edpravek nen\u00ed ur\u010den pro d\u011bti a mladistv\u00e9<\/li>\n<\/ul>\n<p class=\"font-claude-response-body break-words whitespace-normal leading-[1.7]\">Pokud m\u00e1te z\u00e1va\u017en\u00e9 dermatologick\u00e9 onemocn\u011bn\u00ed nebo jste v sou\u010dasnosti v p\u00e9\u010di dermatologa, pora\u010fte se p\u0159ed za\u010d\u00e1tkem pou\u017e\u00edv\u00e1n\u00ed HairPerfecta s odborn\u00edkem.<\/p>\n<h2 class=\"text-text-100 mt-3 -mb-1 text-[1.125rem] font-bold\">N\u00e1vod k pou\u017eit\u00ed<\/h2>\n<p class=\"font-claude-response-body break-words whitespace-normal leading-[1.7]\">Aplikace p\u0159\u00edpravku HairPerfecta je jednoduch\u00e1 a zabere jen n\u011bkolik minut denn\u011b. Pro dosa\u017een\u00ed optim\u00e1ln\u00edch v\u00fdsledk\u016f je kl\u00ed\u010dov\u00e1 pravidelnost:<\/p>\n<p class=\"font-claude-response-body break-words whitespace-normal leading-[1.7]\"><strong>D\u00e1vkov\u00e1n\u00ed a frekvence:<\/strong><\/p>\n<ul class=\"[li_&amp;]:mb-0 [li_&amp;]:mt-1 [li_&amp;]:gap-1 [&amp;:not(:last-child)_ul]:pb-1 [&amp;:not(:last-child)_ol]:pb-1 list-disc flex flex-col gap-1 pl-8 mb-3\">\n<li class=\"whitespace-normal break-words pl-2\">Aplikujte 2\u00d7 denn\u011b, nejl\u00e9pe r\u00e1no a ve\u010der<\/li>\n<li class=\"whitespace-normal break-words pl-2\">P\u0159ed aplikac\u00ed se ujist\u011bte, \u017ee je poko\u017eka hlavy such\u00e1 a \u010dist\u00e1<\/li>\n<li class=\"whitespace-normal break-words pl-2\">Nast\u0159\u00edkejte 5-7 d\u00e1vek p\u0159\u00edmo na posti\u017een\u00e9 oblasti poko\u017eky hlavy<\/li>\n<li class=\"whitespace-normal break-words pl-2\">Jemn\u011b vm\u00e1s\u00edrujte kone\u010dky prst\u016f pro lep\u0161\u00ed vst\u0159eb\u00e1n\u00ed<\/li>\n<li class=\"whitespace-normal break-words pl-2\">Nechte p\u0159\u00edpravek voln\u011b zaschnout, neoplachujte<\/li>\n<li class=\"whitespace-normal break-words pl-2\">Pro maxim\u00e1ln\u00ed \u00fa\u010dinek pou\u017e\u00edvejte kontinu\u00e1ln\u011b minim\u00e1ln\u011b 3 m\u011bs\u00edce<\/li>\n<\/ul>\n<p class=\"font-claude-response-body break-words whitespace-normal leading-[1.7]\"><strong>Praktick\u00e9 tipy:<\/strong> Po aplikaci si m\u016f\u017eete norm\u00e1ln\u011b upravit vlasy, p\u0159\u00edpravek nezanech\u00e1v\u00e1 mastn\u00fd film. P\u0159i myt\u00ed vlas\u016f aplikujte sprej a\u017e po \u00fapln\u00e9m vyschnut\u00ed vlas\u016f. Pro lep\u0161\u00ed v\u00fdsledky kombinujte s vyv\u00e1\u017eerou stravou bohatou na vitaminy a miner\u00e1ly podporuj\u00edc\u00ed r\u016fst vlas\u016f.<\/p>\n<h2 class=\"text-text-100 mt-3 -mb-1 text-[1.125rem] font-bold\">Cena v \u010cesk\u00e9 republice<\/h2>\n<p class=\"font-claude-response-body break-words whitespace-normal leading-[1.7]\">HairPerfecta nab\u00edz\u00ed kvalitn\u00ed \u0159e\u0161en\u00ed probl\u00e9mu vypad\u00e1v\u00e1n\u00ed vlas\u016f za rozumnou cenu. Konkr\u00e9tn\u00ed cenov\u00e9 podm\u00ednky a aktu\u00e1ln\u00ed ak\u010dn\u00ed nab\u00eddky naleznete p\u0159\u00edmo na ofici\u00e1ln\u00edch str\u00e1nk\u00e1ch v\u00fdrobce, kde jsou pravideln\u011b dostupn\u00e9 zv\u00fdhodn\u011bn\u00e9 bal\u00ed\u010dky pro dlouhodob\u00e9 pou\u017e\u00edv\u00e1n\u00ed.<\/p>\n<p class=\"font-claude-response-body break-words whitespace-normal leading-[1.7]\">Investice do kvalitn\u00edho p\u0159\u00edpravku proti vypad\u00e1v\u00e1n\u00ed vlas\u016f se vyplat\u00ed, zejm\u00e9na pokud zv\u00e1\u017e\u00edte dlouhodob\u00e9 n\u00e1klady na ne\u00fa\u010dinn\u00e9 produkty nebo p\u0159\u00edpadn\u00e9 n\u00e1kladn\u011bj\u0161\u00ed \u0159e\u0161en\u00ed jako vlasov\u00e9 implant\u00e1ty.<\/p>\n<h2 class=\"text-text-100 mt-3 -mb-1 text-[1.125rem] font-bold\">Kde koupit HairPerfecta?<\/h2>\n<p class=\"font-claude-response-body break-words whitespace-normal leading-[1.7]\">Pro n\u00e1kup origin\u00e1ln\u00edho p\u0159\u00edpravku HairPerfecta je nejbezpe\u010dn\u011bj\u0161\u00ed cestou ofici\u00e1ln\u00ed webov\u00e1 str\u00e1nka v\u00fdrobce. Tento distribu\u010dn\u00ed kan\u00e1l zaru\u010duje autenticitu produktu, \u010derstvost skladov\u00e1n\u00ed a platnost v\u0161ech certifik\u00e1t\u016f.<\/p>\n<p class=\"font-claude-response-body break-words whitespace-normal leading-[1.7]\"><strong>V\u00fdhody n\u00e1kupu p\u0159\u00edmo od v\u00fdrobce:<\/strong><\/p>\n<ul class=\"[li_&amp;]:mb-0 [li_&amp;]:mt-1 [li_&amp;]:gap-1 [&amp;:not(:last-child)_ul]:pb-1 [&amp;:not(:last-child)_ol]:pb-1 list-disc flex flex-col gap-1 pl-8 mb-3\">\n<li class=\"whitespace-normal break-words pl-2\">Z\u00e1ruka originality produktu<\/li>\n<li class=\"whitespace-normal break-words pl-2\">Aktu\u00e1ln\u00ed datum spot\u0159eby<\/li>\n<li class=\"whitespace-normal break-words pl-2\">Mo\u017enost vyu\u017eit\u00ed ak\u010dn\u00edch nab\u00eddek a bal\u00ed\u010dk\u016f<\/li>\n<li class=\"whitespace-normal break-words pl-2\">Z\u00e1kaznick\u00e1 podpora a poradenstv\u00ed<\/li>\n<li class=\"whitespace-normal break-words pl-2\">Diskr\u00e9tn\u00ed dod\u00e1n\u00ed p\u0159\u00edmo do va\u0161ich rukou<\/li>\n<li class=\"whitespace-normal break-words pl-2\">Mo\u017enost vr\u00e1cen\u00ed zbo\u017e\u00ed v souladu s podm\u00ednkami<\/li>\n<\/ul>\n<p class=\"font-claude-response-body break-words whitespace-normal leading-[1.7]\">HairPerfecta nen\u00ed dostupn\u00e1 v b\u011b\u017en\u00fdch l\u00e9k\u00e1rn\u00e1ch ani droger\u00ed\u00edch. Tento distribu\u010dn\u00ed model umo\u017e\u0148uje v\u00fdrobci udr\u017eet konkurenceschopnou cenu a z\u00e1rove\u0148 garantovat kvalitu od v\u00fdroby a\u017e ke spot\u0159ebiteli. Vyvarujete se tak riziku podvodn\u00fdch produkt\u016f nebo pad\u011blk\u016f, kter\u00e9 bohu\u017eel cirkuluj\u00ed na n\u011bkter\u00fdch tr\u017ei\u0161t\u00edch.<\/p>\n<h2 class=\"text-text-100 mt-3 -mb-1 text-[1.125rem] font-bold\">V\u00fdhody u\u017e\u00edv\u00e1n\u00ed<\/h2>\n<p class=\"font-claude-response-body break-words whitespace-normal leading-[1.7]\">Pravideln\u00e9 pou\u017e\u00edv\u00e1n\u00ed p\u0159\u00edpravku HairPerfecta p\u0159in\u00e1\u0161\u00ed \u0159adu konkr\u00e9tn\u00edch benefit\u016f, kter\u00e9 spole\u010dn\u011b vytv\u00e1\u0159\u00ed komplexn\u00ed \u0159e\u0161en\u00ed probl\u00e9mu vypad\u00e1v\u00e1n\u00ed vlas\u016f:<\/p>\n<ol>\n<li class=\"font-claude-response-body break-words whitespace-normal leading-[1.7]\"><strong>\u00da\u010dinn\u00e9 zastaven\u00ed vypad\u00e1v\u00e1n\u00ed<\/strong> &#8211; d\u00edky p\u016fsoben\u00ed aktivn\u00edch slo\u017eek na vlasov\u00e9 folikuly doch\u00e1z\u00ed k v\u00fdrazn\u00e9mu sn\u00ed\u017een\u00ed \u00fabytku vlas\u016f ji\u017e po n\u011bkolika t\u00fddnech pravideln\u00e9 aplikace.<\/li>\n<li class=\"font-claude-response-body break-words whitespace-normal leading-[1.7]\"><strong>Stimulace nov\u00e9ho r\u016fstu<\/strong> &#8211; p\u0159\u00edpravek podporuje probuzen\u00ed neaktivn\u00edch vlasov\u00fdch folikul\u016f a stimuluje r\u016fst nov\u00fdch vlas\u016f v m\u00edstech s pro\u0159\u00eddnut\u00edm nebo za\u010d\u00ednaj\u00edc\u00ed ple\u0161atost\u00ed.<\/li>\n<li class=\"font-claude-response-body break-words whitespace-normal leading-[1.7]\"><strong>Posilov\u00e1n\u00ed vlasov\u00e9 struktury<\/strong> &#8211; keratin a dal\u0161\u00ed aktivn\u00ed l\u00e1tky zpev\u0148uj\u00ed vlasov\u00e9 vl\u00e1kno, \u010d\u00edm\u017e se vlasy st\u00e1vaj\u00ed odoln\u011bj\u0161\u00edmi v\u016f\u010di l\u00e1m\u00e1n\u00ed a mechanick\u00e9mu po\u0161kozen\u00ed.<\/li>\n<li class=\"font-claude-response-body break-words whitespace-normal leading-[1.7]\"><strong>Zlep\u0161en\u00ed vzhledu vlas\u016f<\/strong> &#8211; pravideln\u00e1 aplikace vede k viditeln\u011b zdrav\u011bj\u0161\u00edm, lesklej\u0161\u00edm a hust\u011bj\u0161\u00edm vlas\u016fm, co\u017e pozitivn\u011b ovliv\u0148uje celkov\u00fd vzhled.<\/li>\n<li class=\"font-claude-response-body break-words whitespace-normal leading-[1.7]\"><strong>Jednoduch\u00e9 pou\u017eit\u00ed<\/strong> &#8211; forma spreje umo\u017e\u0148uje rychlou a p\u0159esnou aplikaci p\u0159\u00edmo na poko\u017eku hlavy bez nep\u0159\u00edjemn\u00e9 mastnosti nebo lepkavosti.<\/li>\n<li class=\"font-claude-response-body break-words whitespace-normal leading-[1.7]\"><strong>P\u0159\u00edrodn\u00ed slo\u017een\u00ed<\/strong> &#8211; p\u0159\u00edpravek kombinuje p\u0159\u00edrodn\u00ed ingredience s v\u011bdecky testovan\u00fdmi aktivn\u00edmi l\u00e1tkami, co\u017e minimalizuje riziko ne\u017e\u00e1douc\u00edch \u00fa\u010dink\u016f.<\/li>\n<li class=\"font-claude-response-body break-words whitespace-normal leading-[1.7]\"><strong>Dlouhodob\u00e9 v\u00fdsledky<\/strong> &#8211; p\u0159i kontinu\u00e1ln\u00edm pou\u017e\u00edv\u00e1n\u00ed si udr\u017eujete dosa\u017een\u00e9 v\u00fdsledky a p\u0159edch\u00e1z\u00edte dal\u0161\u00edmu vypad\u00e1v\u00e1n\u00ed vlas\u016f.<\/li>\n<li class=\"font-claude-response-body break-words whitespace-normal leading-[1.7]\"><strong>Univerz\u00e1ln\u00ed pou\u017eit\u00ed<\/strong> &#8211; HairPerfecta je vhodn\u00e1 pro mu\u017ee i \u017eeny r\u016fzn\u00e9ho v\u011bku trp\u00edc\u00ed r\u016fzn\u00fdmi formami vypad\u00e1v\u00e1n\u00ed vlas\u016f.<\/li>\n<\/ol>\n<p class=\"font-claude-response-body break-words whitespace-normal leading-[1.7]\">HairPerfecta p\u0159edstavuje modern\u00ed p\u0159\u00edstup k \u0159e\u0161en\u00ed probl\u00e9mu vypad\u00e1v\u00e1n\u00ed vlas\u016f, kter\u00fd kombinuje v\u011bdeck\u00e9 poznatky s p\u0159\u00edrodn\u00edmi ingrediencemi. Pokud bojujete s \u00fabytkem vlas\u016f a hled\u00e1te \u00fa\u010dinn\u00e9 \u0159e\u0161en\u00ed, m\u016f\u017ee b\u00fdt tento p\u0159\u00edpravek odpov\u011bd\u00ed na va\u0161e pot\u0159eby.<\/p>\n","protected":false},"excerpt":{"rendered":"<p>Vypad\u00e1v\u00e1n\u00ed vlas\u016f je probl\u00e9m, kter\u00fd tr\u00e1p\u00ed miliony lid\u00ed po cel\u00e9m sv\u011bt\u011b. A\u0165 u\u017e jde [&hellip;]<\/p>\n","protected":false},"featured_media":399,"comment_status":"open","ping_status":"closed","template":"","meta":[],"product_brand":[],"product_cat":[15],"product_tag":[],"class_list":{"0":"post-398","1":"product","2":"type-product","3":"status-publish","4":"has-post-thumbnail","6":"product_cat-prirodni","8":"first","9":"instock","10":"sale","11":"shipping-taxable","12":"product-type-external"},"aioseo_notices":[],"_links":{"self":[{"href":"https:\/\/medtempl.cz\/pharm\/wp-json\/wp\/v2\/product\/398","targetHints":{"allow":["GET"]}}],"collection":[{"href":"https:\/\/medtempl.cz\/pharm\/wp-json\/wp\/v2\/product"}],"about":[{"href":"https:\/\/medtempl.cz\/pharm\/wp-json\/wp\/v2\/types\/product"}],"replies":[{"embeddable":true,"href":"https:\/\/medtempl.cz\/pharm\/wp-json\/wp\/v2\/comments?post=398"}],"wp:featuredmedia":[{"embeddable":true,"href":"https:\/\/medtempl.cz\/pharm\/wp-json\/wp\/v2\/media\/399"}],"wp:attachment":[{"href":"https:\/\/medtempl.cz\/pharm\/wp-json\/wp\/v2\/media?parent=398"}],"wp:term":[{"taxonomy":"product_brand","embeddable":true,"href":"https:\/\/medtempl.cz\/pharm\/wp-json\/wp\/v2\/product_brand?post=398"},{"taxonomy":"product_cat","embeddable":true,"href":"https:\/\/medtempl.cz\/pharm\/wp-json\/wp\/v2\/product_cat?post=398"},{"taxonomy":"product_tag","embeddable":true,"href":"https:\/\/medtempl.cz\/pharm\/wp-json\/wp\/v2\/product_tag?post=398"}],"curies":[{"name":"wp","href":"https:\/\/api.w.org\/{rel}","templated":true}]}}