{"id":353,"date":"2026-02-09T18:00:46","date_gmt":"2026-02-09T18:00:46","guid":{"rendered":"https:\/\/medtempl.cz\/pharm\/?post_type=product&#038;p=353"},"modified":"2026-02-09T18:00:46","modified_gmt":"2026-02-09T18:00:46","slug":"tonerin","status":"publish","type":"product","link":"https:\/\/medtempl.cz\/pharm\/product\/tonerin\/","title":{"rendered":"Tonerin"},"content":{"rendered":"<p class=\"font-claude-response-body break-words whitespace-normal leading-[1.7]\">Vysok\u00fd krevn\u00ed tlak p\u0159edstavuje v\u00e1\u017en\u00e9 zdravotn\u00ed riziko, kter\u00e9 postihuje miliony lid\u00ed po cel\u00e9m sv\u011bt\u011b. Hypertenze \u010dasto prob\u00edh\u00e1 bez z\u0159eteln\u00fdch p\u0159\u00edznak\u016f, ale jej\u00ed dlouhodob\u00e9 p\u016fsoben\u00ed m\u016f\u017ee v\u00e9st k infarktu myokardu, mrtvici nebo selh\u00e1n\u00ed ledvin. Tonerin nab\u00edz\u00ed p\u0159irozen\u00e9 \u0159e\u0161en\u00ed tohoto probl\u00e9mu prost\u0159ednictv\u00edm pe\u010dliv\u011b vybran\u00fdch p\u0159\u00edrodn\u00edch slo\u017eek, kter\u00e9 \u00fa\u010dinn\u011b normalizuj\u00ed krevn\u00ed tlak a podporuj\u00ed celkov\u00e9 zdrav\u00ed kardiovaskul\u00e1rn\u00edho syst\u00e9mu.<\/p>\n<h2 class=\"text-text-100 mt-3 -mb-1 text-[1.125rem] font-bold\">Tonerin &#8211; stru\u010dn\u00fd popis<\/h2>\n<p class=\"font-claude-response-body break-words whitespace-normal leading-[1.7]\">Tonerin je inovativn\u00ed dopln\u011bk stravy ve form\u011b kapsl\u00ed, kter\u00fd byl vyvinut pro lidi trp\u00edc\u00ed zv\u00fd\u0161en\u00fdm krevn\u00edm tlakem a dal\u0161\u00edmi probl\u00e9my spojen\u00fdmi s kardiovaskul\u00e1rn\u00edm syst\u00e9mem. Produkt kombinuje \u00fa\u010dinn\u00e9 p\u0159\u00edrodn\u00ed extrakty a vitaminy, kter\u00e9 komplexn\u011b p\u016fsob\u00ed na p\u0159\u00ed\u010diny hypertenze, nikoli pouze na jej\u00ed p\u0159\u00edznaky.<\/p>\n<p class=\"font-claude-response-body break-words whitespace-normal leading-[1.7]\">Tento p\u0159\u00edpravek se vyzna\u010duje jedine\u010dn\u00fdm p\u0159\u00edstupem k \u0159e\u0161en\u00ed probl\u00e9m\u016f s krevn\u00edm tlakem. Na rozd\u00edl od mnoha b\u011b\u017en\u00fdch prepar\u00e1t\u016f Tonerin nejen sni\u017euje tlak, ale tak\u00e9 odstra\u0148uje p\u0159\u00ed\u010diny jeho vzniku &#8211; \u010dist\u00ed c\u00e9vy od cholesterolov\u00fdch usazenin, posiluje c\u00e9vn\u00ed st\u011bny a zlep\u0161uje celkovou cirkulaci krve v organismu.<\/p>\n<p class=\"font-claude-response-body break-words whitespace-normal leading-[1.7]\">Tonerin vytv\u00e1\u0159\u00ed takzvan\u00fd &#8222;efekt mot\u00fdl\u00edch k\u0159\u00eddel&#8220; &#8211; po\u010d\u00ednaje likvidac\u00ed zbytk\u016f z c\u00e9v, akumulovan\u00fdch po des\u00edtky let, krok za krokem iniciuje \u0159et\u011bzovou reakci pro regeneraci organismu. Tato komplexn\u00ed akce vede k obnov\u011b zdrav\u00ed nejen srdce a c\u00e9v, ale cel\u00e9ho t\u011bla.<\/p>\n<h2 class=\"text-text-100 mt-3 -mb-1 text-[1.125rem] font-bold\">Slo\u017een\u00ed a \u00fa\u010dinky Tonerin<\/h2>\n<p class=\"font-claude-response-body break-words whitespace-normal leading-[1.7]\">S\u00edla p\u0159\u00edpravku Tonerin spo\u010d\u00edv\u00e1 v jeho pe\u010dliv\u011b vybran\u00e9msl\u00ed slo\u017een\u00ed. Ka\u017ed\u00e1 slo\u017eka byla zvolena pro sv\u00e9 specifick\u00e9 \u00fa\u010dinky na kardiovaskul\u00e1rn\u00ed syst\u00e9m:<\/p>\n<ul>\n<li class=\"font-claude-response-body break-words whitespace-normal leading-[1.7]\"><strong>Extrakt z olivov\u00fdch list\u016f<\/strong> &#8211; tento p\u0159\u00edrodn\u00ed ingredient normalizuje hladinu cholesterolu v krvi a zabra\u0148uje rozvoji ateroskler\u00f3zy. Pom\u00e1h\u00e1 p\u0159edch\u00e1zet tvorb\u011b arteri\u00e1ln\u00edho plaku, co\u017e v\u00fdrazn\u011b sni\u017euje riziko srde\u010dn\u00edho infarktu a mrtvice. Olivov\u00e9 listy jsou bohat\u00e9 na polyfenoly, kter\u00e9 maj\u00ed siln\u00e9 antioxida\u010dn\u00ed vlastnosti.<\/li>\n<li class=\"font-claude-response-body break-words whitespace-normal leading-[1.7]\"><strong>Extrakt z Gymn\u00e9my lesn\u00ed<\/strong> &#8211; tato rostlina je zn\u00e1m\u00e1 sv\u00fdmi \u00fa\u010dinky na krevn\u00ed tlak. Sni\u017euje zv\u00fd\u0161en\u00fd tlak, zm\u00edr\u0148uje podr\u00e1\u017ed\u011bnost a \u00fanavu, kter\u00e9 \u010dasto doprov\u00e1zej\u00ed hypertenzi. Nav\u00edc chr\u00e1n\u00ed p\u0159ed vznikem arytmi\u00ed a podporuje pravideln\u00fd srde\u010dn\u00ed rytmus.<\/li>\n<li class=\"font-claude-response-body break-words whitespace-normal leading-[1.7]\"><strong>Vitamin C<\/strong> &#8211; hraje kl\u00ed\u010dovou roli ve zdrav\u00ed c\u00e9vn\u00edho syst\u00e9mu. Zlep\u0161uje pevnost c\u00e9v, normalizuje metabolismus cholesterolu a p\u0159\u00edzniv\u011b p\u016fsob\u00ed na endokrinn\u00ed a nervov\u00fd syst\u00e9m. Pom\u00e1h\u00e1 udr\u017eovat hladinu cukru v krvi v norm\u00e1ln\u00edch mez\u00edch a zaji\u0161\u0165uje zdrav\u00e9 slo\u017een\u00ed t\u011blesn\u00fdch tk\u00e1n\u00ed.<\/li>\n<li class=\"font-claude-response-body break-words whitespace-normal leading-[1.7]\"><strong>Chrom<\/strong> &#8211; tento miner\u00e1l m\u00e1 z\u00e1sadn\u00ed v\u00fdznam pro odstra\u0148ov\u00e1n\u00ed c\u00e9vn\u00edch k\u0159e\u010d\u016f. Uklid\u0148uje a uvol\u0148uje c\u00e9vy, kter\u00e9 trp\u00ed nedostatkem ob\u011bhu. D\u00edky chromu se krevn\u00ed tlak vrac\u00ed do norm\u00e1lu, miz\u00ed bolesti hlavy, sni\u017euje se hu\u010den\u00ed v u\u0161\u00edch, pl\u00edce a pr\u016fdu\u0161nice funguj\u00ed l\u00e9pe a snadn\u011bji.<\/li>\n<\/ul>\n<p class=\"font-claude-response-body break-words whitespace-normal leading-[1.7]\">Tonerin \u0159e\u0161\u00ed dva kl\u00ed\u010dov\u00e9 probl\u00e9my sou\u010dasn\u011b &#8211; odstra\u0148uje odpad cholesterolu z c\u00e9v a stimuluje spr\u00e1vn\u00e9 spalov\u00e1n\u00ed tuk\u016f. Tato dvoj\u00ed akce zaji\u0161\u0165uje dlouhodob\u00fd a stabiln\u00ed efekt.<\/p>\n<h2 class=\"text-text-100 mt-3 -mb-1 text-[1.125rem] font-bold\">V\u00fdsledky Tonerin<\/h2>\n<p class=\"font-claude-response-body break-words whitespace-normal leading-[1.7]\">U\u017eivatel\u00e9 p\u0159\u00edpravku Tonerin hl\u00e1s\u00ed \u0159adu pozitivn\u00edch zm\u011bn, kter\u00e9 se projevuj\u00ed postupn\u011b b\u011bhem u\u017e\u00edv\u00e1n\u00ed:<\/p>\n<ul>\n<li class=\"font-claude-response-body break-words whitespace-normal leading-[1.7]\"><strong>Normalizace krevn\u00edho tlaku<\/strong> &#8211; hlavn\u00ed \u00fa\u010dinek p\u0159\u00edpravku se projevuje postupn\u00fdm sni\u017eov\u00e1n\u00edm vysok\u00e9ho tlaku a jeho stabilizac\u00ed na optim\u00e1ln\u00edch hodnot\u00e1ch. Krevn\u00ed tlak se vrac\u00ed do norm\u00e1lu bez n\u00e1hl\u00fdch v\u00fdkyv\u016f.<\/li>\n<li class=\"font-claude-response-body break-words whitespace-normal leading-[1.7]\"><strong>Zmizen\u00ed otok\u016f<\/strong> &#8211; mnoho u\u017eivatel\u016f zaznamen\u00e1v\u00e1 v\u00fdrazn\u00e9 zmen\u0161en\u00ed nebo \u00fapln\u00e9 vymizen\u00ed otok\u016f, zejm\u00e9na na doln\u00edch kon\u010detin\u00e1ch. Nohy u\u017e nejsou otekl\u00e9 ani po cel\u00e9m dni ch\u016fze nebo st\u00e1n\u00ed.<\/li>\n<li class=\"font-claude-response-body break-words whitespace-normal leading-[1.7]\"><strong>Zlep\u0161en\u00ed krevn\u00edho pr\u016ftoku<\/strong> &#8211; obnovuje se spr\u00e1vn\u00fd krevn\u00ed pr\u016ftok v k\u016f\u017ei, d\u00edky \u010demu\u017e miz\u00ed s\u00ed\u0165 viditeln\u00fdch \u017eilek a roz\u0161\u00ed\u0159en\u00fdch c\u00e9v. K\u0159e\u010dov\u00e9 \u017e\u00edly postupn\u011b ustupuj\u00ed, hemoroidy vyschnou.<\/li>\n<li class=\"font-claude-response-body break-words whitespace-normal leading-[1.7]\"><strong>N\u00e1r\u016fst energie<\/strong> &#8211; u\u017eivatel\u00e9 poci\u0165uj\u00ed v\u00fdrazn\u00fd n\u00e1r\u016fst s\u00edly a vitality. Objevuje se p\u0159irozen\u00e1 pot\u0159eba pohybu a aktivity, celkov\u011b se zlep\u0161uje kvalita \u017eivota.<\/li>\n<li class=\"font-claude-response-body break-words whitespace-normal leading-[1.7]\"><strong>Odstran\u011bn\u00ed nep\u0159\u00edjemn\u00fdch p\u0159\u00edznak\u016f<\/strong> &#8211; miz\u00ed bolesti hlavy spojen\u00e9 s vysok\u00fdm tlakem, sni\u017euje se hu\u010den\u00ed v u\u0161\u00edch, zlep\u0161uje se d\u00fdch\u00e1n\u00ed a zmiz\u00ed pocit nedostatku vzduchu.<\/li>\n<li class=\"font-claude-response-body break-words whitespace-normal leading-[1.7]\"><strong>Ochrana srdce a c\u00e9v<\/strong> &#8211; dlouhodob\u00e9 u\u017e\u00edv\u00e1n\u00ed p\u0159\u00edpravku p\u0159isp\u00edv\u00e1 k prevenci v\u00e1\u017en\u00fdch kardiovaskul\u00e1rn\u00edch onemocn\u011bn\u00ed v\u010detn\u011b infarktu a mrtvice.<\/li>\n<\/ul>\n<p class=\"font-claude-response-body break-words whitespace-normal leading-[1.7]\">V\u00fdsledky se dostavuj\u00ed postupn\u011b a jejich intenzita z\u00e1vis\u00ed na individu\u00e1ln\u00edm stavu organismu ka\u017ed\u00e9ho u\u017eivatele. V\u011bt\u0161ina lid\u00ed v\u0161ak zaznamen\u00e1v\u00e1 prvn\u00ed pozitivn\u00ed zm\u011bny ji\u017e po n\u011bkolika t\u00fddnech pravideln\u00e9ho u\u017e\u00edv\u00e1n\u00ed.<\/p>\n<h2 class=\"text-text-100 mt-3 -mb-1 text-[1.125rem] font-bold\">Recenze u\u017eivatel\u016f Tonerin<\/h2>\n<p class=\"font-claude-response-body break-words whitespace-normal leading-[1.7]\">V\u011bt\u0161ina u\u017eivatel\u016f hodnot\u00ed Tonerin velmi pozitivn\u011b a sd\u00edl\u00ed sv\u00e9 zku\u0161enosti s t\u00edmto p\u0159\u00edpravkem. Zde jsou dva p\u0159\u00edklady skute\u010dn\u00fdch recenz\u00ed:<\/p>\n<blockquote>\n<p class=\"font-claude-response-body break-words whitespace-normal leading-[1.7]\"><strong>Marie K., 58 let: <\/strong><em>&#8222;S vysok\u00fdm tlakem jsem se pot\u00fdkala v\u00edce ne\u017e deset let. Ka\u017ed\u00e9 r\u00e1no jsem se budila s bolest\u00ed hlavy a m\u011bla jsem neust\u00e1le otekl\u00e9 nohy. M\u016fj l\u00e9ka\u0159 mi doporu\u010dil krom\u011b p\u0159edepsan\u00fdch l\u00e9k\u016f vyzkou\u0161et i Tonerin. Po t\u0159ech t\u00fddnech u\u017e\u00edv\u00e1n\u00ed jsem si v\u0161imla, \u017ee otok na nohou v\u00fdrazn\u011b poklesl a bolesti hlavy se vyskytuj\u00ed mnohem m\u00e9n\u011b \u010dasto. Tlak se mi stabilizoval a celkov\u011b se c\u00edt\u00edm mnohem l\u00e9pe. Jsem r\u00e1da, \u017ee jsem Tonerin vyzkou\u0161ela.&#8220;<\/em><\/p>\n<p class=\"font-claude-response-body break-words whitespace-normal leading-[1.7]\"><strong>Petr S., 62 let: <\/strong><em>&#8222;Hypertenze m\u011b tr\u00e1pila n\u011bkolik let a m\u011bl jsem tak\u00e9 probl\u00e9my s k\u0159e\u010dov\u00fdmi \u017eilami. Po dvou m\u011bs\u00edc\u00edch u\u017e\u00edv\u00e1n\u00ed Tonerin se m\u016fj stav v\u00fdrazn\u011b zlep\u0161il. Tlak m\u00e1m t\u00e9m\u011b\u0159 norm\u00e1ln\u00ed, k\u0159e\u010dov\u00e9 \u017e\u00edly jsou m\u00e9n\u011b viditeln\u00e9 a hlavn\u011b &#8211; m\u00e1m mnohem v\u00edce energie. U\u017e se nec\u00edt\u00edm neust\u00e1le unaven\u00fd a mohu si kone\u010dn\u011b u\u017e\u00edvat proch\u00e1zky s vnou\u010daty. Ur\u010dit\u011b doporu\u010duji.&#8220;<\/em><\/p>\n<\/blockquote>\n<p class=\"font-claude-response-body break-words whitespace-normal leading-[1.7]\">Tyto recenze potvrzuj\u00ed, \u017ee Tonerin skute\u010dn\u011b pom\u00e1h\u00e1 lidem \u0159e\u0161it probl\u00e9my s vysok\u00fdm tlakem a zlep\u0161ovat jejich celkov\u00fd zdravotn\u00ed stav.<\/p>\n<h2 class=\"text-text-100 mt-3 -mb-1 text-[1.125rem] font-bold\">Mo\u017en\u00e9 ne\u017e\u00e1douc\u00ed \u00fa\u010dinky<\/h2>\n<p class=\"font-claude-response-body break-words whitespace-normal leading-[1.7]\">Tonerin je vyroben z p\u0159\u00edrodn\u00edch slo\u017eek, co\u017e v\u00fdrazn\u011b sni\u017euje riziko ne\u017e\u00e1douc\u00edch \u00fa\u010dink\u016f. P\u0159esto je d\u016fle\u017eit\u00e9 b\u00fdt informov\u00e1n o mo\u017en\u00fdch reakc\u00edch organismu:<\/p>\n<ul>\n<li class=\"font-claude-response-body break-words whitespace-normal leading-[1.7]\">U v\u011bt\u0161iny u\u017eivatel\u016f prob\u00edh\u00e1 u\u017e\u00edv\u00e1n\u00ed Tonerin bez jak\u00fdchkoli negativn\u00edch projev\u016f. P\u0159\u00edpravek je obecn\u011b velmi dob\u0159e sn\u00e1\u0161en d\u00edky sv\u00e9 p\u0159\u00edrodn\u00ed formulaci.<\/li>\n<li class=\"font-claude-response-body break-words whitespace-normal leading-[1.7]\">V ojedin\u011bl\u00fdch p\u0159\u00edpadech se mohou objevit m\u00edrn\u00e9 tr\u00e1vic\u00ed pot\u00ed\u017ee, zejm\u00e9na na za\u010d\u00e1tku u\u017e\u00edv\u00e1n\u00ed, kdy si t\u011blo zvyk\u00e1 na nov\u00e9 slo\u017eky. Tyto p\u0159\u00edznaky obvykle rychle ustoup\u00ed.<\/li>\n<li class=\"font-claude-response-body break-words whitespace-normal leading-[1.7]\">Osoby s alergi\u00ed na n\u011bkterou ze slo\u017eek p\u0159\u00edpravku by m\u011bly Tonerin neu\u017e\u00edvat. P\u0159ed za\u010d\u00e1tkem u\u017e\u00edv\u00e1n\u00ed je vhodn\u00e9 pe\u010dliv\u011b prostudovat seznam ingredienc\u00ed.<\/li>\n<li class=\"font-claude-response-body break-words whitespace-normal leading-[1.7]\">Pokud se b\u011bhem u\u017e\u00edv\u00e1n\u00ed objev\u00ed jak\u00e9koli neobvykl\u00e9 reakce, je doporu\u010deno p\u0159eru\u0161it u\u017e\u00edv\u00e1n\u00ed a poradit se s l\u00e9ka\u0159em. Bezpe\u010dnost by m\u011bla b\u00fdt v\u017edy na prvn\u00edm m\u00edst\u011b.<\/li>\n<\/ul>\n<h2 class=\"text-text-100 mt-3 -mb-1 text-[1.125rem] font-bold\">Bezpe\u010dnostn\u00ed opat\u0159en\u00ed<\/h2>\n<p class=\"font-claude-response-body break-words whitespace-normal leading-[1.7]\">Pro zaji\u0161t\u011bn\u00ed maxim\u00e1ln\u00ed bezpe\u010dnosti a \u00fa\u010dinnosti p\u0159\u00edpravku Tonerin je t\u0159eba dodr\u017eovat n\u011bkolik z\u00e1kladn\u00edch pravidel:<\/p>\n<ul>\n<li class=\"font-claude-response-body break-words whitespace-normal leading-[1.7]\">Tonerin nen\u00ed vhodn\u00fd pro t\u011bhotn\u00e9 a koj\u00edc\u00ed \u017eeny, jeliko\u017e nebyly provedeny studie o vlivu p\u0159\u00edpravku na tyto specifick\u00e9 skupiny.<\/li>\n<li class=\"font-claude-response-body break-words whitespace-normal leading-[1.7]\">Dopln\u011bk stravy nen\u00ed ur\u010den pro d\u011bti a mladistv\u00e9 do 18 let, proto\u017ee byl vyvinut speci\u00e1ln\u011b pro dosp\u011bl\u00e9 s probl\u00e9my s krevn\u00edm tlakem.<\/li>\n<li class=\"font-claude-response-body break-words whitespace-normal leading-[1.7]\">Osoby u\u017e\u00edvaj\u00edc\u00ed l\u00e9ky na p\u0159edpis by m\u011bly p\u0159ed za\u010d\u00e1tkem u\u017e\u00edv\u00e1n\u00ed Tonerin konzultovat tuto kombinaci se sv\u00fdm o\u0161et\u0159uj\u00edc\u00edm l\u00e9ka\u0159em, aby se p\u0159ede\u0161lo mo\u017en\u00fdm interakc\u00edm.<\/li>\n<li class=\"font-claude-response-body break-words whitespace-normal leading-[1.7]\">P\u0159\u00edpravek by m\u011bl b\u00fdt skladov\u00e1n v suchu a chladnu, mimo dosah p\u0159\u00edm\u00e9ho slune\u010dn\u00edho z\u00e1\u0159en\u00ed a mimo dosah d\u011bt\u00ed.<\/li>\n<li class=\"font-claude-response-body break-words whitespace-normal leading-[1.7]\">Je d\u016fle\u017eit\u00e9 nep\u0159ekra\u010dovat doporu\u010den\u00e9 denn\u00ed d\u00e1vkov\u00e1n\u00ed &#8211; v\u00edce neznamen\u00e1 nutn\u011b lep\u0161\u00ed v\u00fdsledky a m\u016f\u017ee naopak v\u00e9st k ne\u017e\u00e1douc\u00edm reakc\u00edm.<\/li>\n<\/ul>\n<h2 class=\"text-text-100 mt-3 -mb-1 text-[1.125rem] font-bold\">N\u00e1vod k pou\u017eit\u00ed<\/h2>\n<p class=\"font-claude-response-body break-words whitespace-normal leading-[1.7]\">Pro dosa\u017een\u00ed optim\u00e1ln\u00edch v\u00fdsledk\u016f je nezbytn\u00e9 dodr\u017eovat spr\u00e1vn\u00e9 d\u00e1vkov\u00e1n\u00ed a zp\u016fsob u\u017e\u00edv\u00e1n\u00ed p\u0159\u00edpravku Tonerin:<\/p>\n<ul>\n<li class=\"font-claude-response-body break-words whitespace-normal leading-[1.7]\"><strong>Doporu\u010den\u00e9 d\u00e1vkov\u00e1n\u00ed:<\/strong> U\u017e\u00edvejte 2 kapsle denn\u011b, nejl\u00e9pe r\u00e1no a ve\u010der, s dostate\u010dn\u00fdm mno\u017estv\u00edm vody. Kapsle se polykaj\u00ed cel\u00e9, nen\u00ed t\u0159eba je kousat nebo d\u011blit.<\/li>\n<li class=\"font-claude-response-body break-words whitespace-normal leading-[1.7]\"><strong>Doba u\u017e\u00edv\u00e1n\u00ed:<\/strong> Pro dosa\u017een\u00ed trval\u00fdch v\u00fdsledk\u016f se doporu\u010duje u\u017e\u00edvat Tonerin minim\u00e1ln\u011b po dobu 30 dn\u00ed. Optim\u00e1ln\u00ed d\u00e9lka k\u00fary je 2-3 m\u011bs\u00edce, po kter\u00e9 m\u016f\u017ee n\u00e1sledovat p\u0159est\u00e1vka.<\/li>\n<li class=\"font-claude-response-body break-words whitespace-normal leading-[1.7]\"><strong>Na\u010dasov\u00e1n\u00ed:<\/strong> Kapsle je nejl\u00e9pe u\u017e\u00edvat p\u0159ibli\u017en\u011b 30 minut p\u0159ed j\u00eddlem, aby se zajistila optim\u00e1ln\u00ed absorpce \u00fa\u010dinn\u00fdch l\u00e1tek.<\/li>\n<li class=\"font-claude-response-body break-words whitespace-normal leading-[1.7]\"><strong>Pravidelnost:<\/strong> Kl\u00ed\u010dem k \u00fasp\u011bchu je pravideln\u00e9 u\u017e\u00edv\u00e1n\u00ed ve stejnou denn\u00ed dobu. Vytvo\u0159te si rutinu, kter\u00e1 v\u00e1m pom\u016f\u017ee na u\u017e\u00edv\u00e1n\u00ed nezapomenout.<\/li>\n<\/ul>\n<p class=\"font-claude-response-body break-words whitespace-normal leading-[1.7]\">P\u0159i dodr\u017eov\u00e1n\u00ed t\u011bchto pokyn\u016f m\u016f\u017eete o\u010dek\u00e1vat postupn\u00e9 zlep\u0161ov\u00e1n\u00ed va\u0161eho stavu a normalizaci krevn\u00edho tlaku.<\/p>\n<h2 class=\"text-text-100 mt-3 -mb-1 text-[1.125rem] font-bold\">Cena v \u010cesk\u00e9 republice<\/h2>\n<p class=\"font-claude-response-body break-words whitespace-normal leading-[1.7]\">Tonerin nen\u00ed b\u011b\u017en\u00fd l\u00e9k\u00e1rensk\u00fd prepar\u00e1t a jeho distribuce prob\u00edh\u00e1 prim\u00e1rn\u011b p\u0159es ofici\u00e1ln\u00ed kan\u00e1ly v\u00fdrobce. Tento p\u0159\u00edstup zaji\u0161\u0165uje, \u017ee z\u00e1kazn\u00edci z\u00edskaj\u00ed origin\u00e1ln\u00ed produkt nejvy\u0161\u0161\u00ed kvality p\u0159\u00edmo od v\u00fdrobce.<\/p>\n<p class=\"font-claude-response-body break-words whitespace-normal leading-[1.7]\">Aktu\u00e1ln\u00ed nab\u00eddky a p\u0159\u00edpadn\u00e9 slevy se mogutvyvoje v \u010dase m\u011bnit, proto je nejlep\u0161\u00ed informovat se o cen\u00e1ch p\u0159\u00edmo na ofici\u00e1ln\u00edch str\u00e1nk\u00e1ch v\u00fdrobce.<\/p>\n<p class=\"font-claude-response-body break-words whitespace-normal leading-[1.7]\">N\u00e1kup p\u0159\u00edmo od v\u00fdrobce p\u0159in\u00e1\u0161\u00ed n\u011bkolik v\u00fdhod &#8211; garantovanou originalitu produktu, nejlep\u0161\u00ed cenu bez mar\u017e\u00ed prost\u0159edn\u00edk\u016f a mo\u017enost vyu\u017e\u00edt speci\u00e1ln\u00ed nab\u00eddky a bal\u00ed\u010dky.<\/p>\n<h2 class=\"text-text-100 mt-3 -mb-1 text-[1.125rem] font-bold\">Kde koupit Tonerin?<\/h2>\n<p class=\"font-claude-response-body break-words whitespace-normal leading-[1.7]\">Tonerin nen\u00ed k dispozici v b\u011b\u017en\u00fdch l\u00e9k\u00e1rn\u00e1ch ani ve standardn\u00edch obchodech se zdravou v\u00fd\u017eivou. Tento p\u0159\u00edpravek se prod\u00e1v\u00e1 v\u00fdhradn\u011b p\u0159es ofici\u00e1ln\u00ed webov\u00e9 str\u00e1nky v\u00fdrobce.<\/p>\n<p class=\"font-claude-response-body break-words whitespace-normal leading-[1.7]\"><strong>Pro\u010d nakupovat p\u0159\u00edmo u v\u00fdrobce:<\/strong><\/p>\n<ul>\n<li class=\"font-claude-response-body break-words whitespace-normal leading-[1.7]\">N\u00e1kup na ofici\u00e1ln\u00edch str\u00e1nk\u00e1ch zaru\u010duje, \u017ee obdr\u017e\u00edte origin\u00e1ln\u00ed p\u0159\u00edpravek s plnou \u00fa\u010dinnost\u00ed v\u0161ech slo\u017eek. Bohu\u017eel na trhu existuj\u00ed pad\u011blky, kter\u00e9 mohou b\u00fdt ne\u00fa\u010dinn\u00e9 nebo dokonce nebezpe\u010dn\u00e9.<\/li>\n<li class=\"font-claude-response-body break-words whitespace-normal leading-[1.7]\">V\u00fdrobce nab\u00edz\u00ed z\u00e1kaznickou podporu a poradenstv\u00ed, co\u017e ocen\u00edte zejm\u00e9na p\u0159i prvn\u00edm n\u00e1kupu nebo pokud m\u00e1te jak\u00e9koli dotazy ohledn\u011b u\u017e\u00edv\u00e1n\u00ed.<\/li>\n<li class=\"font-claude-response-body break-words whitespace-normal leading-[1.7]\">\u010casto jsou na ofici\u00e1ln\u00edch str\u00e1nk\u00e1ch dostupn\u00e9 v\u00fdhodn\u00e9 bal\u00ed\u010dky a ak\u010dn\u00ed nab\u00eddky, kter\u00e9 v b\u011b\u017en\u00fdch obchodech nenajdete.<\/li>\n<li class=\"font-claude-response-body break-words whitespace-normal leading-[1.7]\">Objedn\u00e1vka je jednoduch\u00e1 a rychl\u00e1 &#8211; sta\u010d\u00ed vyplnit kr\u00e1tk\u00fd formul\u00e1\u0159 a vy\u010dkat na kontaktov\u00e1n\u00ed oper\u00e1tora, kter\u00fd potvrd\u00ed va\u0161i objedn\u00e1vku a zodpov\u00ed p\u0159\u00edpadn\u00e9 dotazy.<\/li>\n<\/ul>\n<h2 class=\"text-text-100 mt-3 -mb-1 text-[1.125rem] font-bold\">V\u00fdhody u\u017e\u00edv\u00e1n\u00ed<\/h2>\n<p class=\"font-claude-response-body break-words whitespace-normal leading-[1.7]\">Tonerin nab\u00edz\u00ed \u0159adu v\u00fdhod, kter\u00e9 z n\u011bj \u010din\u00ed preferovanou volbu pro lidi s probl\u00e9my s krevn\u00edm tlakem:<\/p>\n<ol>\n<li class=\"font-claude-response-body break-words whitespace-normal leading-[1.7]\"><strong>P\u0159\u00edrodn\u00ed slo\u017een\u00ed<\/strong> znamen\u00e1 minim\u00e1ln\u00ed riziko ne\u017e\u00e1douc\u00edch \u00fa\u010dink\u016f a vysokou sn\u00e1\u0161enlivost organismu. Neobsahuje syntetick\u00e9 chemik\u00e1lie ani um\u011bl\u00e1 barviva.<\/li>\n<li class=\"font-claude-response-body break-words whitespace-normal leading-[1.7]\"><strong>Komplexn\u00ed p\u016fsoben\u00ed<\/strong> &#8211; p\u0159\u00edpravek ne\u0159e\u0161\u00ed pouze p\u0159\u00edznaky, ale zasahuje p\u0159\u00ed\u010diny probl\u00e9mu. \u010cist\u00ed c\u00e9vy, posiluje jejich st\u011bny, zlep\u0161uje cirkulaci a normalizuje metabolismus.<\/li>\n<li class=\"font-claude-response-body break-words whitespace-normal leading-[1.7]\"><strong>Dlouhodob\u00fd efekt<\/strong> &#8211; p\u0159i pravideln\u00e9m u\u017e\u00edv\u00e1n\u00ed doch\u00e1z\u00ed k trval\u00fdm pozitivn\u00edm zm\u011bn\u00e1m, nikoli pouze k do\u010dasn\u00e9mu zlep\u0161en\u00ed.<\/li>\n<li class=\"font-claude-response-body break-words whitespace-normal leading-[1.7]\"><strong>Podpora celkov\u00e9ho zdrav\u00ed<\/strong> &#8211; krom\u011b normalizace tlaku p\u0159in\u00e1\u0161\u00ed Tonerin i dal\u0161\u00ed benefity jako zv\u00fd\u0161en\u00ed energie, zlep\u0161en\u00ed sp\u00e1nku, odstran\u011bn\u00ed otok\u016f a celkov\u00e9 pos\u00edlen\u00ed organismu.<\/li>\n<li class=\"font-claude-response-body break-words whitespace-normal leading-[1.7]\"><strong>Snadn\u00e9 u\u017e\u00edv\u00e1n\u00ed<\/strong> &#8211; kapsle jsou snadno polykateln\u00e9 a u\u017e\u00edv\u00e1n\u00ed nevy\u017eaduje \u017e\u00e1dn\u00e9 speci\u00e1ln\u00ed postupy nebo zm\u011bny \u017eivotn\u00edho stylu.<\/li>\n<li class=\"font-claude-response-body break-words whitespace-normal leading-[1.7]\"><strong>Prevence z\u00e1va\u017en\u00fdch onemocn\u011bn\u00ed<\/strong> &#8211; pravideln\u00e9 u\u017e\u00edv\u00e1n\u00ed v\u00fdrazn\u011b sni\u017euje riziko infarktu, mrtvice a dal\u0161\u00edch kardiovaskul\u00e1rn\u00edch probl\u00e9m\u016f.<\/li>\n<\/ol>\n<p class=\"font-claude-response-body break-words whitespace-normal leading-[1.7]\">Tonerin p\u0159edstavuje modern\u00ed a \u00fa\u010dinn\u00e9 \u0159e\u0161en\u00ed pro lidi, kte\u0159\u00ed cht\u011bj\u00ed p\u0159irozenou cestou normalizovat sv\u016fj krevn\u00ed tlak a zlep\u0161it zdrav\u00ed kardiovaskul\u00e1rn\u00edho syst\u00e9mu. D\u00edky pe\u010dliv\u011b vybran\u00fdm p\u0159\u00edrodn\u00edm slo\u017ek\u00e1m a komplexn\u00edmu p\u016fsoben\u00ed nab\u00edz\u00ed tento p\u0159\u00edpravek bezpe\u010dnou a efektivn\u00ed alternativu pro podporu zdrav\u00ed srdce a c\u00e9v.<\/p>\n","protected":false},"excerpt":{"rendered":"<p>Vysok\u00fd krevn\u00ed tlak p\u0159edstavuje v\u00e1\u017en\u00e9 zdravotn\u00ed riziko, kter\u00e9 postihuje miliony lid\u00ed po cel\u00e9m sv\u011bt\u011b. [&hellip;]<\/p>\n","protected":false},"featured_media":354,"comment_status":"open","ping_status":"closed","template":"","meta":[],"product_brand":[],"product_cat":[15],"product_tag":[],"class_list":{"0":"post-353","1":"product","2":"type-product","3":"status-publish","4":"has-post-thumbnail","6":"product_cat-prirodni","8":"first","9":"instock","10":"sale","11":"shipping-taxable","12":"product-type-external"},"aioseo_notices":[],"_links":{"self":[{"href":"https:\/\/medtempl.cz\/pharm\/wp-json\/wp\/v2\/product\/353","targetHints":{"allow":["GET"]}}],"collection":[{"href":"https:\/\/medtempl.cz\/pharm\/wp-json\/wp\/v2\/product"}],"about":[{"href":"https:\/\/medtempl.cz\/pharm\/wp-json\/wp\/v2\/types\/product"}],"replies":[{"embeddable":true,"href":"https:\/\/medtempl.cz\/pharm\/wp-json\/wp\/v2\/comments?post=353"}],"wp:featuredmedia":[{"embeddable":true,"href":"https:\/\/medtempl.cz\/pharm\/wp-json\/wp\/v2\/media\/354"}],"wp:attachment":[{"href":"https:\/\/medtempl.cz\/pharm\/wp-json\/wp\/v2\/media?parent=353"}],"wp:term":[{"taxonomy":"product_brand","embeddable":true,"href":"https:\/\/medtempl.cz\/pharm\/wp-json\/wp\/v2\/product_brand?post=353"},{"taxonomy":"product_cat","embeddable":true,"href":"https:\/\/medtempl.cz\/pharm\/wp-json\/wp\/v2\/product_cat?post=353"},{"taxonomy":"product_tag","embeddable":true,"href":"https:\/\/medtempl.cz\/pharm\/wp-json\/wp\/v2\/product_tag?post=353"}],"curies":[{"name":"wp","href":"https:\/\/api.w.org\/{rel}","templated":true}]}}