{"id":321,"date":"2026-02-09T16:29:30","date_gmt":"2026-02-09T16:29:30","guid":{"rendered":"https:\/\/medtempl.cz\/pharm\/?post_type=product&#038;p=321"},"modified":"2026-02-09T16:29:30","modified_gmt":"2026-02-09T16:29:30","slug":"ultravix","status":"publish","type":"product","link":"https:\/\/medtempl.cz\/pharm\/product\/ultravix\/","title":{"rendered":"UltraVix"},"content":{"rendered":"<p class=\"font-claude-response-body break-words whitespace-normal leading-[1.7]\">Probl\u00e9my s tr\u00e1vic\u00edm syst\u00e9mem mohou v\u00fdrazn\u011b sn\u00ed\u017eit kvalitu \u017eivota. Bolesti \u017ealudku, nevolnost, plynatost \u010di probl\u00e9my se st\u0159evn\u00ed mikrofl\u00f3rou jsou \u010dast\u00fdmi obt\u00ed\u017eemi, kter\u00e9 postihuj\u00ed mnoho lid\u00ed bez ohledu na v\u011bk. UltraVix kapsle p\u0159edstavuj\u00ed p\u0159\u00edrodn\u00ed \u0159e\u0161en\u00ed pro podporu zdrav\u00ed tr\u00e1vic\u00edho traktu s d\u016frazem na komplexn\u00ed p\u00e9\u010di o \u017ealudek i st\u0159eva. Produkt kombinuje pe\u010dliv\u011b vybran\u00e9 vitam\u00edny a rostlinn\u00e9 extrakty, kter\u00e9 spole\u010dn\u011b p\u016fsob\u00ed na zlep\u0161en\u00ed tr\u00e1vic\u00edch funkc\u00ed a celkov\u00e9ho stavu organismu.<\/p>\n<h2 class=\"text-text-100 mt-3 -mb-1 text-[1.125rem] font-bold\">UltraVix &#8211; stru\u010dn\u00fd popis<\/h2>\n<p class=\"font-claude-response-body break-words whitespace-normal leading-[1.7]\">UltraVix kapsle jsou unik\u00e1tn\u00edm p\u0159\u00edrodn\u00edm produktem se synergick\u00fdm \u00fa\u010dinkem. P\u0159\u00edzniv\u011b p\u016fsob\u00ed na zdrav\u00ed tr\u00e1vic\u00edho syst\u00e9mu a cel\u00e9ho t\u011bla. P\u0159\u00edpravek byl vyvinut s c\u00edlem poskytnout komplexn\u00ed podporu pro spr\u00e1vnou funkci \u017ealudku a st\u0159ev, p\u0159i\u010dem\u017e vyu\u017e\u00edv\u00e1 s\u00edlu p\u0159\u00edrodn\u00edch slo\u017eek bez zbyte\u010dn\u00e9 chemie.<\/p>\n<p class=\"font-claude-response-body break-words whitespace-normal leading-[1.7]\">Hlavn\u00edm zam\u011b\u0159en\u00edm produktu je regenerace \u017ealude\u010dn\u00ed sliznice, regulace tr\u00e1vic\u00edch proces\u016f a podpora zdrav\u00e9 st\u0159evn\u00ed mikrofl\u00f3ry. D\u00edky kombinaci vitam\u00edn\u016f skupiny B, vitam\u00ednu D, zinku a \u00fa\u010dinn\u00fdch rostlinn\u00fdch extrakt\u016f dok\u00e1\u017ee UltraVix \u0159e\u0161it \u0161irok\u00e9 spektrum tr\u00e1vic\u00edch obt\u00ed\u017e\u00ed &#8211; od nevolnosti a plynatosti a\u017e po probl\u00e9my s vyprazd\u0148ov\u00e1n\u00edm. Produkt je vhodn\u00fd pro dosp\u011bl\u00e9 osoby, kter\u00e9 hledaj\u00ed p\u0159\u00edrodn\u00ed cestu ke zlep\u0161en\u00ed tr\u00e1ven\u00ed a celkov\u00e9 pohody.<\/p>\n<h2 class=\"text-text-100 mt-3 -mb-1 text-[1.125rem] font-bold\">Slo\u017een\u00ed a \u00fa\u010dinky UltraVix<\/h2>\n<p class=\"font-claude-response-body break-words whitespace-normal leading-[1.7]\">S\u00edla p\u0159\u00edpravku UltraVix spo\u010d\u00edv\u00e1 v pe\u010dliv\u011b sestaven\u00e9 kombinaci aktivn\u00edch l\u00e1tek, kde ka\u017ed\u00e1 slo\u017eka pln\u00ed specifickou roli v podpo\u0159e tr\u00e1vic\u00edho zdrav\u00ed:<\/p>\n<p class=\"font-claude-response-body break-words whitespace-normal leading-[1.7]\"><strong>Vitam\u00edn B12:<\/strong><\/p>\n<ul class=\"[li_&amp;]:mb-0 [li_&amp;]:mt-1 [li_&amp;]:gap-1 [&amp;:not(:last-child)_ul]:pb-1 [&amp;:not(:last-child)_ol]:pb-1 list-disc flex flex-col gap-1 pl-8 mb-3\">\n<li class=\"whitespace-normal break-words pl-2\">Pom\u00e1h\u00e1 obnovit po\u0161kozenou \u017ealude\u010dn\u00ed sliznici<\/li>\n<li class=\"whitespace-normal break-words pl-2\">Urychluje proces hojen\u00ed po\u0161kozen\u00fdch tk\u00e1n\u00ed<\/li>\n<li class=\"whitespace-normal break-words pl-2\">Podporuje spr\u00e1vnou funkci nervov\u00e9ho syst\u00e9mu zapojen\u00e9ho do tr\u00e1ven\u00ed<\/li>\n<\/ul>\n<p class=\"font-claude-response-body break-words whitespace-normal leading-[1.7]\"><strong>Vitam\u00edn B1:<\/strong><\/p>\n<ul class=\"[li_&amp;]:mb-0 [li_&amp;]:mt-1 [li_&amp;]:gap-1 [&amp;:not(:last-child)_ul]:pb-1 [&amp;:not(:last-child)_ol]:pb-1 list-disc flex flex-col gap-1 pl-8 mb-3\">\n<li class=\"whitespace-normal break-words pl-2\">Reguluje chu\u0165 k j\u00eddlu a metabolismus \u017eivin<\/li>\n<li class=\"whitespace-normal break-words pl-2\">P\u0159isp\u00edv\u00e1 k norm\u00e1ln\u00edmu energetick\u00e9mu metabolismu<\/li>\n<li class=\"whitespace-normal break-words pl-2\">Zaji\u0161\u0165uje spr\u00e1vnou funkci nervov\u00fdch vl\u00e1ken v tr\u00e1vic\u00edm traktu<\/li>\n<\/ul>\n<p class=\"font-claude-response-body break-words whitespace-normal leading-[1.7]\"><strong>Vitam\u00edn D:<\/strong><\/p>\n<ul class=\"[li_&amp;]:mb-0 [li_&amp;]:mt-1 [li_&amp;]:gap-1 [&amp;:not(:last-child)_ul]:pb-1 [&amp;:not(:last-child)_ol]:pb-1 list-disc flex flex-col gap-1 pl-8 mb-3\">\n<li class=\"whitespace-normal break-words pl-2\">P\u0159\u00edzniv\u011b p\u016fsob\u00ed na st\u0159evn\u00ed mikrofl\u00f3ru<\/li>\n<li class=\"whitespace-normal break-words pl-2\">Stabilizuje rovnov\u00e1hu prosp\u011b\u0161n\u00e9 mikrofl\u00f3ry ve st\u0159ev\u011b<\/li>\n<li class=\"whitespace-normal break-words pl-2\">Podporuje imunitn\u00ed syst\u00e9m, kter\u00fd \u00fazce souvis\u00ed se zdrav\u00edm st\u0159ev<\/li>\n<\/ul>\n<p class=\"font-claude-response-body break-words whitespace-normal leading-[1.7]\"><strong>Zinek:<\/strong><\/p>\n<ul class=\"[li_&amp;]:mb-0 [li_&amp;]:mt-1 [li_&amp;]:gap-1 [&amp;:not(:last-child)_ul]:pb-1 [&amp;:not(:last-child)_ol]:pb-1 list-disc flex flex-col gap-1 pl-8 mb-3\">\n<li class=\"whitespace-normal break-words pl-2\">Pom\u00e1h\u00e1 zlep\u0161it funkci st\u0159ev<\/li>\n<li class=\"whitespace-normal break-words pl-2\">Podporuje hojen\u00ed a regeneraci sliznic<\/li>\n<li class=\"whitespace-normal break-words pl-2\">P\u0159isp\u00edv\u00e1 k norm\u00e1ln\u00ed imunitn\u00ed odpov\u011bdi organismu<\/li>\n<\/ul>\n<p class=\"font-claude-response-body break-words whitespace-normal leading-[1.7]\"><strong>Extrakt ze z\u00e1zvoru:<\/strong><\/p>\n<ul class=\"[li_&amp;]:mb-0 [li_&amp;]:mt-1 [li_&amp;]:gap-1 [&amp;:not(:last-child)_ul]:pb-1 [&amp;:not(:last-child)_ol]:pb-1 list-disc flex flex-col gap-1 pl-8 mb-3\">\n<li class=\"whitespace-normal break-words pl-2\">\u00da\u010dinn\u00fd v boji s p\u0159\u00edznaky nevolnosti<\/li>\n<li class=\"whitespace-normal break-words pl-2\">Pom\u00e1h\u00e1 zm\u00edrnit plynatost a nad\u00fdm\u00e1n\u00ed<\/li>\n<li class=\"whitespace-normal break-words pl-2\">P\u0159edch\u00e1z\u00ed zvracen\u00ed a podporuje norm\u00e1ln\u00ed tr\u00e1ven\u00ed<\/li>\n<\/ul>\n<p class=\"font-claude-response-body break-words whitespace-normal leading-[1.7]\"><strong>Extrakt z echinacey:<\/strong><\/p>\n<ul class=\"[li_&amp;]:mb-0 [li_&amp;]:mt-1 [li_&amp;]:gap-1 [&amp;:not(:last-child)_ul]:pb-1 [&amp;:not(:last-child)_ol]:pb-1 list-disc flex flex-col gap-1 pl-8 mb-3\">\n<li class=\"whitespace-normal break-words pl-2\">P\u016fsob\u00ed jako m\u00edrn\u00e9 proj\u00edmadlo p\u0159i z\u00e1cp\u011b<\/li>\n<li class=\"whitespace-normal break-words pl-2\">Stimuluje \u010dinnost st\u0159ev a podporuje pravideln\u00e9 vyprazd\u0148ov\u00e1n\u00ed<\/li>\n<li class=\"whitespace-normal break-words pl-2\">Posiluje imunitn\u00ed syst\u00e9m<\/li>\n<\/ul>\n<p class=\"font-claude-response-body break-words whitespace-normal leading-[1.7]\">Synergick\u00e9 p\u016fsoben\u00ed t\u011bchto slo\u017eek zaji\u0161\u0165uje komplexn\u00ed p\u00e9\u010di o cel\u00fd tr\u00e1vic\u00ed syst\u00e9m, od \u017ealudku p\u0159es tenk\u00e9 st\u0159evo a\u017e po tlust\u00e9ho st\u0159eva.<\/p>\n<h2 class=\"text-text-100 mt-3 -mb-1 text-[1.125rem] font-bold\">V\u00fdsledky UltraVix<\/h2>\n<p class=\"font-claude-response-body break-words whitespace-normal leading-[1.7]\">Pravideln\u00e9 u\u017e\u00edv\u00e1n\u00ed UltraVix kapsli p\u0159in\u00e1\u0161\u00ed pozitivn\u00ed zm\u011bny v oblasti tr\u00e1vic\u00edho zdrav\u00ed. U\u017eivatel\u00e9 obvykle zaznamen\u00e1vaj\u00ed prvn\u00ed zlep\u0161en\u00ed ji\u017e b\u011bhem prvn\u00edch t\u00fddn\u016f pou\u017e\u00edv\u00e1n\u00ed. Produkt p\u016fsob\u00ed postupn\u011b a jeho \u00fa\u010dinky se prohlubuj\u00ed s pokra\u010duj\u00edc\u00edm u\u017e\u00edv\u00e1n\u00edm.<\/p>\n<p class=\"font-claude-response-body break-words whitespace-normal leading-[1.7]\">Mezi hlavn\u00ed v\u00fdsledky pat\u0159\u00ed zm\u00edrn\u011bn\u00ed nevolnosti a pocitu plnosti po j\u00eddle. Extrakt ze z\u00e1zvoru rychle pom\u00e1h\u00e1 p\u0159i akutn\u00edch stavech, zat\u00edmco vitam\u00edny B12 a B1 zaji\u0161\u0165uj\u00ed dlouhodobou regeneraci \u017ealude\u010dn\u00ed sliznice. Mnoho u\u017eivatel\u016f uv\u00e1d\u00ed, \u017ee po n\u011bkolika t\u00fddnech u\u017e\u00edv\u00e1n\u00ed se v\u00fdrazn\u011b zlep\u0161ila jejich tolerance r\u016fzn\u00fdch potravin a zmizely opakuj\u00edc\u00ed se \u017ealude\u010dn\u00ed pot\u00ed\u017ee.<\/p>\n<p class=\"font-claude-response-body break-words whitespace-normal leading-[1.7]\">Dal\u0161\u00ed v\u00fdznamn\u00fd benefit se projevuje v oblasti st\u0159evn\u00ed funkce. D\u00edky vitam\u00ednu D a zinku doch\u00e1z\u00ed k pos\u00edlen\u00ed st\u0159evn\u00ed mikrofl\u00f3ry, co\u017e se odr\u00e1\u017e\u00ed v pravideln\u00e9m vyprazd\u0148ov\u00e1n\u00ed a zm\u00edrn\u011bn\u00ed nad\u00fdm\u00e1n\u00ed. Extrakt z echinacey jemn\u011b stimuluje peristaltiku st\u0159ev, \u010d\u00edm\u017e pom\u00e1h\u00e1 osob\u00e1m trp\u00edc\u00edm ob\u010dasnou z\u00e1cpou.<\/p>\n<p class=\"font-claude-response-body break-words whitespace-normal leading-[1.7]\">Celkov\u011b u\u017eivatel\u00e9 popisuj\u00ed zlep\u0161en\u00ed kvality \u017eivota spojen\u00e9ho s tr\u00e1ven\u00edm &#8211; m\u00e9n\u011b nep\u0159\u00edjemn\u00fdch pocit\u016f po j\u00eddle, lep\u0161\u00ed vst\u0159eb\u00e1v\u00e1n\u00ed \u017eivin, stabiln\u011bj\u0161\u00ed energii b\u011bhem dne a pos\u00edlen\u00ed celkov\u00e9 odolnosti organismu. Produkt podporuje p\u0159irozen\u00e9 funkce t\u011bla, ani\u017e by zp\u016fsoboval z\u00e1vislost nebo nutnost neust\u00e1l\u00e9ho zvy\u0161ov\u00e1n\u00ed d\u00e1vky.<\/p>\n<h2 class=\"text-text-100 mt-3 -mb-1 text-[1.125rem] font-bold\">Recenze u\u017eivatel\u016f UltraVix<\/h2>\n<p class=\"font-claude-response-body break-words whitespace-normal leading-[1.7]\">V\u011bt\u0161ina u\u017eivatel\u016f hodnot\u00ed UltraVix pozitivn\u011b a sd\u00edl\u00ed sv\u00e9 zku\u0161enosti s pozitivn\u00edmi zm\u011bnami v oblasti tr\u00e1vic\u00edho zdrav\u00ed. Zde jsou dva reprezentativn\u00ed p\u0159\u00edklady:<\/p>\n<blockquote>\n<p class=\"font-claude-response-body break-words whitespace-normal leading-[1.7]\"><strong>Jana K., 42 let: <\/strong><em>\u201eRoky jsem trp\u011bla nepravideln\u00fdm tr\u00e1ven\u00edm a \u010dast\u00fdmi bolestmi \u017ealudku po j\u00eddle. Zkou\u0161ela jsem r\u016fzn\u00e9 p\u0159\u00edpravky, ale v\u011bt\u0161ina m\u011bla jen kr\u00e1tkodob\u00fd efekt. S UltraVix jsem poc\u00edtila rozd\u00edl u\u017e po t\u0159ech t\u00fddnech. Nevolnost po j\u00eddle prakticky vymizela a c\u00edt\u00edm se mnohem leh\u010deji. Oce\u0148uji, \u017ee je to p\u0159\u00edrodn\u00ed produkt bez chemie. Mohu kone\u010dn\u011b j\u00edst bez strachu z nep\u0159\u00edjemn\u00fdch pocit\u016f.&#8220;<\/em><\/p>\n<p class=\"font-claude-response-body break-words whitespace-normal leading-[1.7]\"><strong>Martin D., 55 let: <\/strong><em>\u201eM\u011bl jsem dlouhodob\u00e9 probl\u00e9my se z\u00e1cpou a nad\u00fdm\u00e1n\u00edm, co\u017e bylo opravdu nep\u0159\u00edjemn\u00e9. L\u00e9ka\u0159 mi doporu\u010dil zm\u011bnit stravu, ale to samo nesta\u010dilo. Kdy\u017e jsem za\u010dal br\u00e1t UltraVix kapsle, situace se za\u010dala zlep\u0161ovat. Po dvou m\u011bs\u00edc\u00edch u\u017e\u00edv\u00e1n\u00ed mohu \u0159\u00edct, \u017ee moje tr\u00e1ven\u00ed je mnohem pravideln\u00e9 a c\u00edt\u00edm se celkov\u011b energi\u010dt\u011bji. Z\u00e1zvor v slo\u017een\u00ed mi tak\u00e9 pomohl s ob\u010dasnou nevolnost\u00ed. Ur\u010dit\u011b doporu\u010duji vyzkou\u0161et.&#8220;<\/em><\/p>\n<\/blockquote>\n<p class=\"font-claude-response-body break-words whitespace-normal leading-[1.7]\">Pozitivn\u00ed hodnocen\u00ed dominuj\u00ed v diskus\u00edch mezi u\u017eivateli, p\u0159i\u010dem\u017e lid\u00e9 \u010dasto vyzdvihuj\u00ed p\u0159\u00edrodn\u00ed slo\u017een\u00ed, absenci vedlej\u0161\u00edch \u00fa\u010dink\u016f a postupn\u00e9, ale trval\u00e9 zlep\u0161en\u00ed tr\u00e1vic\u00edch funkc\u00ed.<\/p>\n<h2 class=\"text-text-100 mt-3 -mb-1 text-[1.125rem] font-bold\">Mo\u017en\u00e9 ne\u017e\u00e1douc\u00ed \u00fa\u010dinky<\/h2>\n<p class=\"font-claude-response-body break-words whitespace-normal leading-[1.7]\">UltraVix je p\u0159\u00edrodn\u00ed dopln\u011bk stravy s velmi dobrou sn\u00e1\u0161enlivost\u00ed. Produkt vyu\u017e\u00edv\u00e1 rostlinn\u00e9 extrakty a vitam\u00edny, kter\u00e9 jsou obecn\u011b bezpe\u010dn\u00e9 pro lidsk\u00fd organismus. B\u011bhem klinick\u00e9ho testov\u00e1n\u00ed a n\u00e1sledn\u00e9ho pou\u017e\u00edv\u00e1n\u00ed se neobjevily \u017e\u00e1dn\u00e9 z\u00e1va\u017en\u00e9 ne\u017e\u00e1douc\u00ed \u00fa\u010dinky.<\/p>\n<p class=\"font-claude-response-body break-words whitespace-normal leading-[1.7]\">V ojedin\u011bl\u00fdch p\u0159\u00edpadech m\u016f\u017ee u citliv\u00fdch osob doj\u00edt k m\u00edrn\u00fdm tr\u00e1vic\u00edm obt\u00ed\u017e\u00edm v po\u010d\u00e1te\u010dn\u00edch dnech u\u017e\u00edv\u00e1n\u00ed, co\u017e je zp\u016fsobeno adaptac\u00ed organismu na nov\u00e9 l\u00e1tky. Tyto projevy obvykle rychle vymiz\u00ed a nevy\u017eaduj\u00ed p\u0159eru\u0161en\u00ed terapie.<\/p>\n<p class=\"font-claude-response-body break-words whitespace-normal leading-[1.7]\">Osoby s alergi\u00ed na n\u011bkterou ze slo\u017eek by m\u011bly produkt nepou\u017e\u00edvat. Z\u00e1zvor m\u016f\u017ee u n\u011bkter\u00fdch jedinc\u016f zp\u016fsobit m\u00edrn\u00e9 p\u00e1len\u00ed \u017e\u00e1hy, zejm\u00e9na p\u0159i u\u017e\u00edv\u00e1n\u00ed na la\u010dn\u00fd \u017ealudek. V takov\u00e9m p\u0159\u00edpad\u011b je vhodn\u00e9 kapsle u\u017e\u00edvat s j\u00eddlem.<\/p>\n<p class=\"font-claude-response-body break-words whitespace-normal leading-[1.7]\">Extrakt z echinacey m\u00e1 m\u00edrn\u00fd proj\u00edmav\u00fd \u00fa\u010dinek, co\u017e je \u017e\u00e1douc\u00ed vlastnost p\u0159i l\u00e9\u010db\u011b z\u00e1cpy. U osob s norm\u00e1ln\u00edm vyprazd\u0148ov\u00e1n\u00edm by tento efekt nem\u011bl zp\u016fsobit \u017e\u00e1dn\u00e9 komplikace, ale p\u0159i nadm\u011brn\u00e9m u\u017e\u00edv\u00e1n\u00ed by mohl v\u00e9st k \u0159\u00eddk\u00e9 stolici.<\/p>\n<h2 class=\"text-text-100 mt-3 -mb-1 text-[1.125rem] font-bold\">Bezpe\u010dnostn\u00ed opat\u0159en\u00ed<\/h2>\n<p class=\"font-claude-response-body break-words whitespace-normal leading-[1.7]\">P\u0159ed zah\u00e1jen\u00edm u\u017e\u00edv\u00e1n\u00ed UltraVix je d\u016fle\u017eit\u00e9 sezn\u00e1mit se s z\u00e1kladn\u00edmi bezpe\u010dnostn\u00edmi pokyny. Produkt je ur\u010den v\u00fdhradn\u011b pro dosp\u011bl\u00e9 osoby. Nen\u00ed vhodn\u00fd pro d\u011bti, t\u011bhotn\u00e9 a koj\u00edc\u00ed \u017eeny bez p\u0159edchoz\u00ed konzultace s l\u00e9ka\u0159em.<\/p>\n<p class=\"font-claude-response-body break-words whitespace-normal leading-[1.7]\">Osoby s chronick\u00fdmi onemocn\u011bn\u00edmi tr\u00e1vic\u00edho syst\u00e9mu, jako je Crohnova choroba, ulcer\u00f3zn\u00ed kolitida nebo z\u00e1va\u017en\u00e9 jatern\u00ed \u010di ledvinov\u00e9 poruchy, by m\u011bly p\u0159ed pou\u017eit\u00edm konzultovat sv\u016fj zdravotn\u00ed stav s odborn\u00edkem. UltraVix je dopln\u011bk stravy, nikoli l\u00e9\u010divo, a nenahrazuje odbornou l\u00e9ka\u0159skou p\u00e9\u010di.<\/p>\n<p class=\"font-claude-response-body break-words whitespace-normal leading-[1.7]\">Pokud u\u017e\u00edv\u00e1te pravidelnou medikaci, zejm\u00e9na antikoagulancia nebo l\u00e9ky ovliv\u0148uj\u00edc\u00ed imunitn\u00ed syst\u00e9m, pora\u010fte se s l\u00e9ka\u0159em o mo\u017en\u00fdch interakc\u00edch. Z\u00e1zvor m\u016f\u017ee ovlivnit \u00fa\u010dinnost n\u011bkter\u00fdch l\u00e9k\u016f.<\/p>\n<p class=\"font-claude-response-body break-words whitespace-normal leading-[1.7]\">Nep\u0159ekra\u010dujte doporu\u010den\u00e9 denn\u00ed d\u00e1vkov\u00e1n\u00ed. V\u00edce neznamen\u00e1 lep\u0161\u00ed v\u00fdsledky a m\u016f\u017ee v\u00e9st k ne\u017e\u00e1douc\u00edm \u00fa\u010dink\u016fm. Uchov\u00e1vejte produkt mimo dosah d\u011bt\u00ed, na such\u00e9m a chladn\u00e9m m\u00edst\u011b, chr\u00e1n\u011bn\u00e9m p\u0159ed p\u0159\u00edm\u00fdm slune\u010dn\u00edm sv\u011btlem.<\/p>\n<h2 class=\"text-text-100 mt-3 -mb-1 text-[1.125rem] font-bold\">N\u00e1vod k pou\u017eit\u00ed<\/h2>\n<p class=\"font-claude-response-body break-words whitespace-normal leading-[1.7]\">Pro dosa\u017een\u00ed optim\u00e1ln\u00edch v\u00fdsledk\u016f je d\u016fle\u017eit\u00e9 dodr\u017eovat spr\u00e1vn\u00e9 d\u00e1vkov\u00e1n\u00ed a re\u017eim u\u017e\u00edv\u00e1n\u00ed. Doporu\u010den\u00e9 d\u00e1vkov\u00e1n\u00ed UltraVix je dv\u011b kapsle denn\u011b &#8211; jednu kapsli r\u00e1no a jednu ve\u010der, ide\u00e1ln\u011b asi 30 minut p\u0159ed j\u00eddlem. Kapsle zapijte dostate\u010dn\u00fdm mno\u017estv\u00edm vody.<\/p>\n<p class=\"font-claude-response-body break-words whitespace-normal leading-[1.7]\">Pro osoby s citliv\u00fdm \u017ealudkem je vhodn\u011bj\u0161\u00ed u\u017e\u00edvat kapsle b\u011bhem j\u00eddla nebo bezprost\u0159edn\u011b po n\u011bm. T\u00edm se minimalizuje riziko m\u00edrn\u00e9ho podr\u00e1\u017ed\u011bn\u00ed, kter\u00e9 m\u016f\u017ee z\u00e1zvor zp\u016fsobit na la\u010dn\u00fd \u017ealudek.<\/p>\n<p class=\"font-claude-response-body break-words whitespace-normal leading-[1.7]\">Minim\u00e1ln\u00ed doporu\u010den\u00e1 d\u00e9lka k\u00fary je jeden m\u011bs\u00edc. Pro dosa\u017een\u00ed dlouhodob\u00fdch v\u00fdsledk\u016f a stabilizaci tr\u00e1vic\u00edch funkc\u00ed se doporu\u010duje u\u017e\u00edvat produkt po dobu dvou a\u017e t\u0159\u00ed m\u011bs\u00edc\u016f. Podle pot\u0159eby je mo\u017en\u00e9 k\u00faru opakovat nebo u\u017e\u00edvat p\u0159\u00edpravek dlouhodob\u011b s pauzami.<\/p>\n<p class=\"font-claude-response-body break-words whitespace-normal leading-[1.7]\">Nep\u0159ekra\u010dujte denn\u00ed d\u00e1vku \u010dty\u0159 kapsl\u00ed. Nadm\u011brn\u00e9 d\u00e1vkov\u00e1n\u00ed nezv\u00fd\u0161\u00ed \u00fa\u010dinnost produktu a m\u016f\u017ee v\u00e9st k ne\u017e\u00e1douc\u00edm reakc\u00edm organismu.<\/p>\n<h2 class=\"text-text-100 mt-3 -mb-1 text-[1.125rem] font-bold\">Cena v \u010cesk\u00e9 republice<\/h2>\n<p class=\"font-claude-response-body break-words whitespace-normal leading-[1.7]\">Cena UltraVix kapsli se m\u016f\u017ee li\u0161it v z\u00e1vislosti na zvolen\u00e9m balen\u00ed a prob\u00edhaj\u00edc\u00edch akc\u00edch. V\u00fdrobce pravideln\u011b nab\u00edz\u00ed v\u00fdhodn\u00e9 bal\u00ed\u010dky p\u0159i n\u00e1kupu v\u011bt\u0161\u00edho mno\u017estv\u00ed balen\u00ed, co\u017e umo\u017e\u0148uje dlouhodobou k\u00faru za p\u0159\u00edzniv\u011bj\u0161\u00ed jednotkovou cenu.<\/p>\n<p class=\"font-claude-response-body break-words whitespace-normal leading-[1.7]\">Pro aktu\u00e1ln\u00ed cenov\u00e9 informace a p\u0159\u00edpadn\u00e9 slevy doporu\u010dujeme nav\u0161t\u00edvit ofici\u00e1ln\u00ed webov\u00e9 str\u00e1nky v\u00fdrobce. Tam najdete p\u0159ehled v\u0161ech dostupn\u00fdch variant balen\u00ed a m\u016f\u017eete si vybrat tu, kter\u00e1 nejl\u00e9pe odpov\u00edd\u00e1 va\u0161im pot\u0159eb\u00e1m a d\u00e9lce pl\u00e1novan\u00e9 k\u00fary.<\/p>\n<h2 class=\"text-text-100 mt-3 -mb-1 text-[1.125rem] font-bold\">Kde koupit UltraVix?<\/h2>\n<p class=\"font-claude-response-body break-words whitespace-normal leading-[1.7]\">UltraVix kapsle nejsou dostupn\u00e9 v b\u011b\u017en\u00fdch l\u00e9k\u00e1rn\u00e1ch ani v kamenn\u00fdch obchodech. Toto omezen\u00ed slou\u017e\u00ed k ochran\u011b p\u0159ed pad\u011blan\u00fdmi produkty a zaji\u0161\u0165uje, \u017ee z\u00e1kazn\u00edci obdr\u017e\u00ed origin\u00e1ln\u00ed p\u0159\u00edpravek p\u0159\u00edmo od v\u00fdrobce.<\/p>\n<p class=\"font-claude-response-body break-words whitespace-normal leading-[1.7]\">Nejspolehliv\u011bj\u0161\u00edm a doporu\u010den\u00fdm m\u00edstem pro n\u00e1kup je ofici\u00e1ln\u00ed webov\u00e1 str\u00e1nka v\u00fdrobce. Objedn\u00e1vka p\u0159es ofici\u00e1ln\u00ed kan\u00e1l p\u0159in\u00e1\u0161\u00ed n\u011bkolik v\u00fdhod: m\u00e1te jistotu originality produktu, p\u0159\u00edstup k aktu\u00e1ln\u00edm slevov\u00fdm akc\u00edm, mo\u017enost konzultace s odborn\u00fdmi poradci v\u00fdrobce a zabezpe\u010denou platbu s ochranou osobn\u00edch \u00fadaj\u016f.<\/p>\n<p class=\"font-claude-response-body break-words whitespace-normal leading-[1.7]\">Vyvarujte se n\u00e1kupu na neov\u011b\u0159en\u00fdch internetov\u00fdch platform\u00e1ch \u010di od neautorizovan\u00fdch prodejc\u016f. Pad\u011blan\u00e1 nebo neorigin\u00e1ln\u00ed verze produktu nemus\u00ed obsahovat spr\u00e1vn\u00e9 slo\u017een\u00ed ani v deklarovan\u00fdch mno\u017estv\u00edch, co\u017e m\u016f\u017ee v\u00e9st k absenci o\u010dek\u00e1van\u00fdch v\u00fdsledk\u016f nebo dokonce zdravotn\u00edm rizik\u016fm.<\/p>\n<p class=\"font-claude-response-body break-words whitespace-normal leading-[1.7]\">Proces objedn\u00e1vky je jednoduch\u00fd &#8211; vypln\u00edte kontaktn\u00ed formul\u00e1\u0159, vyberete po\u017eadovan\u00e9 balen\u00ed a zp\u016fsob platby. Z\u00e1silka je obvykle doru\u010dena do n\u011bkolika pracovn\u00edch dn\u016f p\u0159\u00edmo na va\u0161i adresu v diskr\u00e9tn\u00edm balen\u00ed.<\/p>\n<h2 class=\"text-text-100 mt-3 -mb-1 text-[1.125rem] font-bold\">V\u00fdhody u\u017e\u00edv\u00e1n\u00ed<\/h2>\n<p class=\"font-claude-response-body break-words whitespace-normal leading-[1.7]\">UltraVix kapsle nab\u00edzej\u00ed \u0159adu p\u0159\u00ednos\u016f pro osoby hledaj\u00edc\u00ed p\u0159\u00edrodn\u00ed podporu tr\u00e1vic\u00edho zdrav\u00ed. Produkt se vyzna\u010duje komplexn\u00edm p\u0159\u00edstupem k p\u00e9\u010di o \u017ealudek a st\u0159eva, p\u0159i\u010dem\u017e \u0159e\u0161\u00ed sou\u010dasn\u011b n\u011bkolik problematick\u00fdch oblast\u00ed.<\/p>\n<ul>\n<li class=\"font-claude-response-body break-words whitespace-normal leading-[1.7]\">P\u0159\u00edrodn\u00ed slo\u017een\u00ed bez syntetick\u00fdch p\u0159\u00edsad je velkou v\u00fdhodou pro ty, kte\u0159\u00ed preferuj\u00ed \u0161etrn\u00e9 metody p\u00e9\u010de o zdrav\u00ed. Kombinace vitam\u00edn\u016f a rostlinn\u00fdch extrakt\u016f pracuje v souladu s p\u0159irozen\u00fdmi procesy t\u011bla, podporuje regeneraci a nenaru\u0161uje p\u0159irozen\u00e9 funkce organismu.<\/li>\n<li class=\"font-claude-response-body break-words whitespace-normal leading-[1.7]\">Synergick\u00fd \u00fa\u010dinek jednotliv\u00fdch slo\u017eek znamen\u00e1, \u017ee jejich spole\u010dn\u00e9 p\u016fsoben\u00ed je \u00fa\u010dinn\u011bj\u0161\u00ed ne\u017e pouh\u00fd sou\u010det samostatn\u00fdch \u00fa\u010dink\u016f. Vitam\u00edny B12, B1 a D podporuj\u00ed zdrav\u00ed sliznic a st\u0159evn\u00ed mikrofl\u00f3ry, zat\u00edmco z\u00e1zvor a echinaceya \u0159e\u0161\u00ed akutn\u00ed symptomy jako nevolnost a z\u00e1cpu.<\/li>\n<li class=\"font-claude-response-body break-words whitespace-normal leading-[1.7]\">Snadn\u00e9 u\u017e\u00edv\u00e1n\u00ed v podob\u011b kapsl\u00ed umo\u017e\u0148uje pohodlnou aplikaci kdekoli a kdykoli. Nen\u00ed t\u0159eba slo\u017eit\u00fdch postup\u016f ani speci\u00e1ln\u00ed p\u0159\u00edpravy. Dobr\u00e1 sn\u00e1\u0161enlivost produktu znamen\u00e1, \u017ee ho mohou pou\u017e\u00edvat i osoby s citliv\u00fdm tr\u00e1vic\u00edm syst\u00e9mem.<\/li>\n<li class=\"font-claude-response-body break-words whitespace-normal leading-[1.7]\">Dlouhodob\u00e1 pou\u017eitelnost bez rizika z\u00e1vislosti je dal\u0161\u00ed d\u016fle\u017eitou charakteristikou. UltraVix m\u016f\u017eete u\u017e\u00edvat podle pot\u0159eby, s p\u0159est\u00e1vkami nebo kontinu\u00e1ln\u011b, ani\u017e by se \u00fa\u010dinnost sni\u017eovala nebo vznikala pot\u0159eba zvy\u0161ovat d\u00e1vkov\u00e1n\u00ed.<\/li>\n<li class=\"font-claude-response-body break-words whitespace-normal leading-[1.7]\">Produkt nen\u00ed pouze symptomatick\u00fdm \u0159e\u0161en\u00edm, ale zam\u011b\u0159uje se na p\u0159\u00ed\u010diny tr\u00e1vic\u00edch pot\u00ed\u017e\u00ed &#8211; podporuje hojen\u00ed \u017ealude\u010dn\u00ed sliznice, stabilizuje st\u0159evn\u00ed mikrofl\u00f3ru a zlep\u0161uje celkovou funkci tr\u00e1vic\u00edho traktu. T\u00edm p\u0159isp\u00edv\u00e1 k dlouhodob\u00e9mu zlep\u0161en\u00ed zdrav\u00ed, nikoli pouze k do\u010dasn\u00e9mu potla\u010den\u00ed p\u0159\u00edznak\u016f.<\/li>\n<\/ul>\n<p class=\"font-claude-response-body break-words whitespace-normal leading-[1.7]\">UltraVix kapsle p\u0159edstavuj\u00ed modern\u00ed p\u0159\u00edstup k podpo\u0159e tr\u00e1vic\u00edho zdrav\u00ed, kter\u00fd respektuje p\u0159irozen\u00e9 procesy organismu a vyu\u017e\u00edv\u00e1 osv\u011bd\u010den\u00e9 p\u0159\u00edrodn\u00ed l\u00e1tky pro dosa\u017een\u00ed optim\u00e1ln\u00edch v\u00fdsledk\u016f.<\/p>\n","protected":false},"excerpt":{"rendered":"<p>Probl\u00e9my s tr\u00e1vic\u00edm syst\u00e9mem mohou v\u00fdrazn\u011b sn\u00ed\u017eit kvalitu \u017eivota. Bolesti \u017ealudku, nevolnost, plynatost \u010di [&hellip;]<\/p>\n","protected":false},"featured_media":322,"comment_status":"open","ping_status":"closed","template":"","meta":[],"product_brand":[],"product_cat":[15],"product_tag":[],"class_list":{"0":"post-321","1":"product","2":"type-product","3":"status-publish","4":"has-post-thumbnail","6":"product_cat-prirodni","8":"first","9":"instock","10":"sale","11":"shipping-taxable","12":"product-type-external"},"aioseo_notices":[],"_links":{"self":[{"href":"https:\/\/medtempl.cz\/pharm\/wp-json\/wp\/v2\/product\/321","targetHints":{"allow":["GET"]}}],"collection":[{"href":"https:\/\/medtempl.cz\/pharm\/wp-json\/wp\/v2\/product"}],"about":[{"href":"https:\/\/medtempl.cz\/pharm\/wp-json\/wp\/v2\/types\/product"}],"replies":[{"embeddable":true,"href":"https:\/\/medtempl.cz\/pharm\/wp-json\/wp\/v2\/comments?post=321"}],"wp:featuredmedia":[{"embeddable":true,"href":"https:\/\/medtempl.cz\/pharm\/wp-json\/wp\/v2\/media\/322"}],"wp:attachment":[{"href":"https:\/\/medtempl.cz\/pharm\/wp-json\/wp\/v2\/media?parent=321"}],"wp:term":[{"taxonomy":"product_brand","embeddable":true,"href":"https:\/\/medtempl.cz\/pharm\/wp-json\/wp\/v2\/product_brand?post=321"},{"taxonomy":"product_cat","embeddable":true,"href":"https:\/\/medtempl.cz\/pharm\/wp-json\/wp\/v2\/product_cat?post=321"},{"taxonomy":"product_tag","embeddable":true,"href":"https:\/\/medtempl.cz\/pharm\/wp-json\/wp\/v2\/product_tag?post=321"}],"curies":[{"name":"wp","href":"https:\/\/api.w.org\/{rel}","templated":true}]}}