{"id":283,"date":"2026-02-09T15:11:19","date_gmt":"2026-02-09T15:11:19","guid":{"rendered":"https:\/\/medtempl.cz\/pharm\/?post_type=product&#038;p=283"},"modified":"2026-02-09T15:12:46","modified_gmt":"2026-02-09T15:12:46","slug":"oculear","status":"publish","type":"product","link":"https:\/\/medtempl.cz\/pharm\/product\/oculear\/","title":{"rendered":"Oculear"},"content":{"rendered":"<p class=\"font-claude-response-body break-words whitespace-normal leading-[1.7]\">Kvalita zraku m\u00e1 z\u00e1sadn\u00ed vliv na n\u00e1\u0161 ka\u017edodenn\u00ed \u017eivot. Mnoho lid\u00ed se pot\u00fdk\u00e1 s \u00fanavou o\u010d\u00ed, suchost\u00ed, z\u00e1n\u011bty \u010di postupn\u00fdm zhor\u0161ov\u00e1n\u00edm zrakov\u00e9 ostrosti. Modern\u00ed \u017eivotn\u00ed styl charakterizovan\u00fd dlouh\u00fdm sledov\u00e1n\u00edm obrazovek, nedostate\u010dn\u00fdm sp\u00e1nkem a \u0161patnou v\u00fd\u017eivou p\u0159isp\u00edv\u00e1 k probl\u00e9m\u016fm se zrakem ji\u017e v relativn\u011b mlad\u00e9m v\u011bku. Oculear p\u0159edstavuje inovativn\u00ed \u0159e\u0161en\u00ed, kter\u00e9 kombinuje p\u0159\u00edrodn\u00ed slo\u017eky s v\u011bdecky podlo\u017een\u00fdmi \u00fa\u010dinky pro komplexn\u00ed p\u00e9\u010di o zdrav\u00ed o\u010d\u00ed.<\/p>\n<h2 class=\"text-text-100 mt-3 -mb-1 text-[1.125rem] font-bold\">Oculear &#8211; stru\u010dn\u00fd popis<\/h2>\n<p class=\"font-claude-response-body break-words whitespace-normal leading-[1.7]\">Oculear p\u0159edstavuje inovativn\u00ed o\u010dn\u00ed kapky ur\u010den\u00e9 k obnov\u011b norm\u00e1ln\u00edho stavu o\u010dn\u00edch sval\u016f a celkov\u00e9ho zlep\u0161en\u00ed zdrav\u00ed zrakov\u00e9ho apar\u00e1tu. P\u0159\u00edpravek funguje na principu komplexn\u00edho p\u016fsoben\u00ed na r\u016fzn\u00e9 struktury oka, \u010d\u00edm\u017e zaji\u0161\u0165uje optim\u00e1ln\u00ed funkci zrakov\u00e9ho syst\u00e9mu. Kapky pom\u00e1haj\u00ed p\u0159edch\u00e1zet suchu, podr\u00e1\u017ed\u011bn\u00ed a z\u00e1n\u011bt\u016fm, p\u0159i\u010dem\u017e v\u00fdrazn\u00e9 zlep\u0161en\u00ed lze pozorovat ji\u017e po prvn\u00edm pou\u017eit\u00ed.<\/p>\n<p class=\"font-claude-response-body break-words whitespace-normal leading-[1.7]\">Jednou z kl\u00ed\u010dov\u00fdch vlastnost\u00ed p\u0159\u00edpravku Oculear je jeho schopnost stimulovat nervov\u00e9 bu\u0148ky, kter\u00e9 p\u0159isp\u00edvaj\u00ed k lep\u0161\u00ed anal\u00fdze okoln\u00edho prostoru. To vede k postupn\u00e9mu zvy\u0161ov\u00e1n\u00ed zrakov\u00e9 ostrosti a lep\u0161\u00edmu vn\u00edm\u00e1n\u00ed detail\u016f. Produkt sou\u010dasn\u011b podporuje procesy kapil\u00e1rn\u00edho krevn\u00edho ob\u011bhu ve zrakov\u00e9m syst\u00e9mu, co\u017e zaji\u0161\u0165uje optim\u00e1ln\u00ed p\u0159\u00edsun kysl\u00edku a \u017eivin do o\u010dn\u00edch tk\u00e1n\u00ed.<\/p>\n<p class=\"font-claude-response-body break-words whitespace-normal leading-[1.7]\">Oculear tak\u00e9 \u00fa\u010dinn\u011b zm\u00edr\u0148uje v\u011bkov\u00e9 zm\u011bny spojen\u00e9 se zrakem a pom\u00e1h\u00e1 normalizovat nitroo\u010dn\u00ed tlak. Tyto vlastnosti \u010din\u00ed z p\u0159\u00edpravku komplexn\u00ed \u0159e\u0161en\u00ed pro ka\u017ed\u00e9ho, kdo usiluje o dlouhodob\u00e9 zachov\u00e1n\u00ed zdrav\u00ed o\u010d\u00ed a prevenci z\u00e1va\u017en\u011bj\u0161\u00edch probl\u00e9m\u016f v budoucnosti.<\/p>\n<h2 class=\"text-text-100 mt-3 -mb-1 text-[1.125rem] font-bold\">Slo\u017een\u00ed a \u00fa\u010dinky Oculear<\/h2>\n<p class=\"font-claude-response-body break-words whitespace-normal leading-[1.7]\">Oculear obsahuje v\u00fdhradn\u011b p\u0159\u00edrodn\u00ed ingredience, kter\u00e9 jemn\u011b p\u016fsob\u00ed na o\u010di a z\u00e1rove\u0148 p\u0159in\u00e1\u0161ej\u00ed jasn\u00e9 pozitivn\u00ed v\u00fdsledky. Agresivn\u00ed a chemick\u00e9 komponenty jsou ze slo\u017een\u00ed zcela vylou\u010deny, co\u017e zaji\u0161\u0165uje bezpe\u010dnost a sn\u00e1\u0161enlivost produktu.<\/p>\n<p class=\"font-claude-response-body break-words whitespace-normal leading-[1.7]\"><strong>Hlavn\u00ed aktivn\u00ed slo\u017eky:<\/strong><\/p>\n<ul class=\"[li_&amp;]:mb-0 [li_&amp;]:mt-1 [li_&amp;]:gap-1 [&amp;:not(:last-child)_ul]:pb-1 [&amp;:not(:last-child)_ol]:pb-1 list-disc flex flex-col gap-1 pl-8 mb-3\">\n<li class=\"whitespace-normal break-words pl-2\"><strong>Extrakt z plod\u016f \u010dern\u00e9ho je\u0159\u00e1bu<\/strong> &#8211; podporuje c\u00e9vn\u00ed zdrav\u00ed a ochranu o\u010dn\u00edch tk\u00e1n\u00ed<\/li>\n<li class=\"whitespace-normal break-words pl-2\"><strong>Extrakt z plod\u016f \u0161\u00edpku<\/strong> &#8211; bohat\u00fd zdroj vitam\u00ednu C s antioxida\u010dn\u00edmi \u00fa\u010dinky<\/li>\n<li class=\"whitespace-normal break-words pl-2\"><strong>Extrakt z kv\u011bt\u016f m\u011bs\u00ed\u010dku l\u00e9ka\u0159sk\u00e9ho<\/strong> &#8211; zm\u00edr\u0148uje z\u00e1n\u011bty a podr\u00e1\u017ed\u011bn\u00ed<\/li>\n<li class=\"whitespace-normal break-words pl-2\"><strong>Extrakt z plod\u016f bor\u016fvky<\/strong> &#8211; p\u0159isp\u00edv\u00e1 ke zdrav\u00ed o\u010d\u00ed a stabilizaci tvorby kolagenu v oku<\/li>\n<li class=\"whitespace-normal break-words pl-2\"><strong>Zinek<\/strong> &#8211; spolu s vitam\u00ednem B2 p\u0159isp\u00edv\u00e1 k udr\u017een\u00ed norm\u00e1ln\u00edho zraku a chr\u00e1n\u00ed bu\u0148ky p\u0159ed oxidativn\u00edm stresem<\/li>\n<li class=\"whitespace-normal break-words pl-2\"><strong>Niacin<\/strong> &#8211; podporuje norm\u00e1ln\u00ed psychologickou funkci a fungov\u00e1n\u00ed nervov\u00e9 soustavy<\/li>\n<li class=\"whitespace-normal break-words pl-2\"><strong>Vitam\u00edn B1<\/strong> &#8211; p\u0159isp\u00edv\u00e1 k norm\u00e1ln\u00ed psychologick\u00e9 funkci a \u010dinnosti nervov\u00e9ho syst\u00e9mu<\/li>\n<li class=\"whitespace-normal break-words pl-2\"><strong>Vitam\u00edn B2<\/strong> &#8211; pom\u00e1h\u00e1 udr\u017eovat norm\u00e1ln\u00ed zrak a chr\u00e1n\u00ed bu\u0148ky p\u0159ed oxidativn\u00edm stresem<\/li>\n<li class=\"whitespace-normal break-words pl-2\"><strong>Vitam\u00edn B6<\/strong> &#8211; podporuje norm\u00e1ln\u00ed fungov\u00e1n\u00ed nervov\u00e9 soustavy<\/li>\n<li class=\"whitespace-normal break-words pl-2\"><strong>Vitam\u00edn B12<\/strong> &#8211; p\u0159isp\u00edv\u00e1 k norm\u00e1ln\u00edmu fungov\u00e1n\u00ed nervov\u00e9ho syst\u00e9mu<\/li>\n<li class=\"whitespace-normal break-words pl-2\"><strong>Beta-karoten<\/strong> &#8211; prekurzor vitam\u00ednu A, d\u016fle\u017eit\u00fd pro zdrav\u00ed o\u010d\u00ed<\/li>\n<li class=\"whitespace-normal break-words pl-2\"><strong>Regul\u00e1tor kyselosti (kyselina citronov\u00e1)<\/strong> &#8211; zaji\u0161\u0165uje optim\u00e1ln\u00ed pH p\u0159\u00edpravku<\/li>\n<\/ul>\n<p class=\"font-claude-response-body break-words whitespace-normal leading-[1.7]\">Ka\u017ed\u00e1 slo\u017eka pln\u00ed specifickou \u00falohu v podpo\u0159e zdrav\u00ed o\u010d\u00ed. Kombinace vitamin\u016f B-komplexu zaji\u0161\u0165uje norm\u00e1ln\u00ed funkci nervov\u00e9 soustavy, kter\u00e1 je kl\u00ed\u010dov\u00e1 pro spr\u00e1vn\u00e9 zpracov\u00e1n\u00ed vizu\u00e1ln\u00edch informac\u00ed. Antioxidanty chr\u00e1n\u00ed o\u010dn\u00ed struktury p\u0159ed \u0161kodliv\u00fdmi voln\u00fdmi radik\u00e1ly, zat\u00edmco rostlinn\u00e9 extrakty poskytuj\u00ed protiz\u00e1n\u011btliv\u00e9 a regenera\u010dn\u00ed \u00fa\u010dinky.<\/p>\n<h2 class=\"text-text-100 mt-3 -mb-1 text-[1.125rem] font-bold\">V\u00fdsledky Oculear<\/h2>\n<p class=\"font-claude-response-body break-words whitespace-normal leading-[1.7]\">Pravideln\u00e9 pou\u017e\u00edv\u00e1n\u00ed kapek Oculear p\u0159in\u00e1\u0161\u00ed \u0159adu m\u011b\u0159iteln\u00fdch benefit\u016f pro zdrav\u00ed o\u010d\u00ed. U\u017eivatel\u00e9 nej\u010dast\u011bji zaznamen\u00e1vaj\u00ed zlep\u0161en\u00ed kapil\u00e1rn\u00edho prokrven\u00ed zrakov\u00e9ho syst\u00e9mu, co\u017e m\u00e1 za n\u00e1sledek lep\u0161\u00ed v\u00fd\u017eivu o\u010dn\u00edch tk\u00e1n\u00ed a optimalizaci jejich funkc\u00ed. Tento efekt se projevuje zejm\u00e9na u lid\u00ed, kte\u0159\u00ed tr\u00e1v\u00ed dlouh\u00e9 hodiny u po\u010d\u00edta\u010de nebo jinak nam\u00e1haj\u00ed sv\u00e9 o\u010di.<\/p>\n<p class=\"font-claude-response-body break-words whitespace-normal leading-[1.7]\">V\u00fdznamn\u00fdm p\u0159\u00ednosem je tak\u00e9 sn\u00ed\u017een\u00ed v\u011bkov\u00fdch zm\u011bn spojen\u00fdch se zrakem. Antioxida\u010dn\u00ed p\u016fsoben\u00ed slo\u017eek p\u0159\u00edpravku pom\u00e1h\u00e1 chr\u00e1nit o\u010dn\u00ed tk\u00e1n\u011b p\u0159ed degenerativn\u00edmi procesy a zpomaluje jejich st\u00e1rnut\u00ed. Mnoho u\u017eivatel\u016f rovn\u011b\u017e oce\u0148uje normalizaci nitroo\u010dn\u00edho tlaku, co\u017e je d\u016fle\u017eit\u00e9 pro prevenci z\u00e1va\u017en\u011bj\u0161\u00edch o\u010dn\u00ed onemocn\u011bn\u00ed.<\/p>\n<p class=\"font-claude-response-body break-words whitespace-normal leading-[1.7]\">Oculear \u00fa\u010dinn\u011b regeneruje o\u010dn\u00ed svaly a podporuje jejich norm\u00e1ln\u00ed funkci, co\u017e vede ke sn\u00ed\u017een\u00ed \u00fanavy o\u010d\u00ed a lep\u0161\u00ed schopnosti zaost\u0159ov\u00e1n\u00ed na r\u016fzn\u00e9 vzd\u00e1lenosti. Nervov\u00e9 bu\u0148ky jsou stimulov\u00e1ny k efektivn\u011bj\u0161\u00edmu zpracov\u00e1n\u00ed vizu\u00e1ln\u00edch informac\u00ed, co\u017e se pozitivn\u011b odr\u00e1\u017e\u00ed v celkov\u00e9 zrakov\u00e9 ostrosti. U\u017eivatel\u00e9 \u010dasto hl\u00e1s\u00ed jasn\u011bj\u0161\u00ed vid\u011bn\u00ed, lep\u0161\u00ed vn\u00edm\u00e1n\u00ed barev a schopnost vid\u011bt detaily, kter\u00e9 jim d\u0159\u00edve unikaly.<\/p>\n<p class=\"font-claude-response-body break-words whitespace-normal leading-[1.7]\">Ji\u017e po prvn\u00edm pou\u017eit\u00ed lze pozorovat \u00falevu od sucha, podr\u00e1\u017ed\u011bn\u00ed a z\u00e1n\u011btu o\u010d\u00ed. Dlouhodob\u00e9 u\u017e\u00edv\u00e1n\u00ed pak vede k trvalej\u0161\u00edmu zlep\u0161en\u00ed celkov\u00e9ho stavu zrakov\u00e9ho apar\u00e1tu a prevenci budouc\u00edch probl\u00e9m\u016f.<\/p>\n<h2 class=\"text-text-100 mt-3 -mb-1 text-[1.125rem] font-bold\">Recenze u\u017eivatel\u016f Oculear<\/h2>\n<p class=\"font-claude-response-body break-words whitespace-normal leading-[1.7]\">V\u011bt\u0161ina u\u017eivatel\u016f hodnot\u00ed Oculear velmi kladn\u011b a oce\u0148uje zejm\u00e9na rychlost \u00fa\u010dinku a p\u0159\u00edrodn\u00ed slo\u017een\u00ed produktu. Z\u00e1kazn\u00edci vyzdvihuj\u00ed skute\u010dnost, \u017ee kapky \u00fa\u010dinn\u011b zm\u00edr\u0148uj\u00ed \u00fanavu o\u010d\u00ed a zlep\u0161uj\u00ed komfort p\u0159i ka\u017edodenn\u00edch \u010dinnostech vy\u017eaduj\u00edc\u00edch zrakovou koncentraci.<\/p>\n<blockquote>\n<p class=\"font-claude-response-body break-words whitespace-normal leading-[1.7]\"><strong>Jana, 45 let:<\/strong> <em>\u201eS Oculear jsem velmi spokojen\u00e1. Pracuji cel\u00fd den u po\u010d\u00edta\u010de a ve\u010der m\u011b v\u017edy bolely a p\u00e1lily o\u010di. Po dvou t\u00fddnech pou\u017e\u00edv\u00e1n\u00ed t\u011bchto kapek jsem zaznamenala v\u00fdrazn\u00e9 zlep\u0161en\u00ed. O\u010di jsou m\u00e9n\u011b unaven\u00e9, nemus\u00edm je tolik t\u0159\u00edt a dokonce mi p\u0159ipad\u00e1, \u017ee vid\u00edm ost\u0159eji. Oce\u0148ujem hlavn\u011b to, \u017ee jde o p\u0159\u00edrodn\u00ed produkt bez chemie. Ur\u010dit\u011b budu pokra\u010dovat v pou\u017e\u00edv\u00e1n\u00ed.&#8220;<\/em><\/p>\n<p class=\"font-claude-response-body break-words whitespace-normal leading-[1.7]\"><strong>Petr, 58 let:<\/strong> <em>\u201eOculear mi doporu\u010dil kamar\u00e1d, kter\u00fd m\u011bl podobn\u00e9 probl\u00e9my se zrakem jako j\u00e1. Trp\u011bl jsem suchem o\u010d\u00ed a postupn\u00fdm zhor\u0161ov\u00e1n\u00edm zraku, co\u017e m\u011b za\u010d\u00ednalo omezovat v b\u011b\u017en\u00fdch \u010dinnostech. Po m\u011bs\u00edci pravideln\u00e9ho pou\u017e\u00edv\u00e1n\u00ed c\u00edt\u00edm razantn\u00ed rozd\u00edl. O\u010di jsou vlh\u010d\u00ed, m\u00e9n\u011b podr\u00e1\u017eden\u00e9 a c\u00edt\u00edm, \u017ee vid\u00edm l\u00e9pe i na del\u0161\u00ed vzd\u00e1lenosti. Jsem r\u00e1d, \u017ee jsem na\u0161el n\u011bco, co opravdu funguje a nen\u00ed to pln\u00e9 chemick\u00fdch p\u0159\u00edsad.&#8220;<\/em><\/p>\n<\/blockquote>\n<p class=\"font-claude-response-body break-words whitespace-normal leading-[1.7]\">Pozitivn\u00ed reakce se t\u00fdkaj\u00ed tak\u00e9 snadn\u00e9ho pou\u017eit\u00ed produktu a jeho dobr\u00e9 sn\u00e1\u0161enlivosti. U\u017eivatel\u00e9 oce\u0148uj\u00ed, \u017ee mohou kapky snadno za\u010dlenit do sv\u00e9 ka\u017edodenn\u00ed rutiny bez komplikac\u00ed \u010di vedlej\u0161\u00edch \u00fa\u010dink\u016f.<\/p>\n<h2 class=\"text-text-100 mt-3 -mb-1 text-[1.125rem] font-bold\">Mo\u017en\u00e9 ne\u017e\u00e1douc\u00ed \u00fa\u010dinky<\/h2>\n<p class=\"font-claude-response-body break-words whitespace-normal leading-[1.7]\">Oculear je vyr\u00e1b\u011bn z p\u0159\u00edrodn\u00edch ingredienc\u00ed a m\u00e1 velmi dobrou sn\u00e1\u0161enlivost. P\u0159i dodr\u017een\u00ed doporu\u010den\u00e9ho d\u00e1vkov\u00e1n\u00ed se ne\u017e\u00e1douc\u00ed \u00fa\u010dinky vyskytuj\u00ed minim\u00e1ln\u011b. V ojedin\u011bl\u00fdch p\u0159\u00edpadech m\u016f\u017ee doj\u00edt k p\u0159echodn\u00e9 alergick\u00e9 reakci u osob citliv\u00fdch na n\u011bkterou ze slo\u017eek p\u0159\u00edpravku.<\/p>\n<p class=\"font-claude-response-body break-words whitespace-normal leading-[1.7]\">Pokud zaznamen\u00e1te jakoukoli neobvyklou reakci po aplikaci kapek, jako je nadm\u011brn\u00e9 zarudnut\u00ed, sv\u011bd\u011bn\u00ed nebo zhor\u0161en\u00ed obt\u00ed\u017e\u00ed, ukon\u010dete pou\u017e\u00edv\u00e1n\u00ed a v p\u0159\u00edpad\u011b p\u0159etrv\u00e1vaj\u00edc\u00edch obt\u00ed\u017e\u00ed vyhledejte odbornou l\u00e9ka\u0159skou pomoc. Obecn\u011b plat\u00ed, \u017ee p\u0159\u00edrodn\u00ed slo\u017een\u00ed produktu minimalizuje riziko vzniku vedlej\u0161\u00edch \u00fa\u010dink\u016f ve srovn\u00e1n\u00ed s chemick\u00fdmi alternativami.<\/p>\n<h2 class=\"text-text-100 mt-3 -mb-1 text-[1.125rem] font-bold\">Bezpe\u010dnostn\u00ed opat\u0159en\u00ed<\/h2>\n<p class=\"font-claude-response-body break-words whitespace-normal leading-[1.7]\">P\u0159ed prvn\u00edm pou\u017eit\u00edm p\u0159\u00edpravku Oculear si pe\u010dliv\u011b p\u0159e\u010dt\u011bte n\u00e1vod k pou\u017eit\u00ed. Produkt je ur\u010den pouze pro vn\u011bj\u0161\u00ed pou\u017eit\u00ed a nesm\u00ed b\u00fdt po\u017eit. Uchov\u00e1vejte mimo dosah d\u011bt\u00ed, aby nedo\u0161lo k ne\u00famysln\u00e9mu po\u017eit\u00ed nebo nespr\u00e1vn\u00e9mu pou\u017eit\u00ed.<\/p>\n<p class=\"font-claude-response-body break-words whitespace-normal leading-[1.7]\">Pokud u\u017e\u00edv\u00e1te jin\u00e9 o\u010dn\u00ed kapky nebo m\u00e1te diagnostikovan\u00e9 o\u010dn\u00ed onemocn\u011bn\u00ed, pora\u010fte se p\u0159ed pou\u017eit\u00edm Oculear se sv\u00fdm o\u010dn\u00edm l\u00e9ka\u0159em. T\u011bhotn\u00e9 a koj\u00edc\u00ed \u017eeny by m\u011bly p\u0159ed aplikac\u00ed produktu konzultovat pou\u017eit\u00ed s l\u00e9ka\u0159em. V p\u0159\u00edpad\u011b dlouhodob\u011bj\u0161\u00edch o\u010dn\u00edch probl\u00e9m\u016f nebo n\u00e1hl\u00e9ho zhor\u0161en\u00ed zraku v\u017edy vyhledejte odborn\u00e9 vy\u0161et\u0159en\u00ed.<\/p>\n<p class=\"font-claude-response-body break-words whitespace-normal leading-[1.7]\">Nepou\u017e\u00edvejte p\u0159\u00edpravek po uplynut\u00ed doby pou\u017eitelnosti uveden\u00e9 na obalu. Po otev\u0159en\u00ed skladujte na chladn\u00e9m a such\u00e9m m\u00edst\u011b mimo p\u0159\u00edm\u00e9 slune\u010dn\u00ed z\u00e1\u0159en\u00ed. Dodr\u017eov\u00e1n\u00edm t\u011bchto bezpe\u010dnostn\u00edch opat\u0159en\u00ed zajist\u00edte maxim\u00e1ln\u00ed \u00fa\u010dinnost a bezpe\u010dnost produktu.<\/p>\n<h2 class=\"text-text-100 mt-3 -mb-1 text-[1.125rem] font-bold\">N\u00e1vod k pou\u017eit\u00ed<\/h2>\n<div>\n<div class=\"standard-markdown grid-cols-1 grid [&amp;_&gt;_*]:min-w-0 gap-3\">\n<p class=\"font-claude-response-body break-words whitespace-normal leading-[1.7]\">Oculear je potravn\u00ed dopln\u011bk ve form\u011b kapek ur\u010den\u00fd k peror\u00e1ln\u00edmu u\u017e\u00edv\u00e1n\u00ed. P\u0159\u00edpravek se u\u017e\u00edv\u00e1 po na\u0159ed\u011bn\u00ed v \u010dist\u00e9 vod\u011b, co\u017e zaji\u0161\u0165uje optim\u00e1ln\u00ed vst\u0159eb\u00e1v\u00e1n\u00ed \u00fa\u010dinn\u00fdch l\u00e1tek a snadn\u00e9 pou\u017eit\u00ed.<\/p>\n<\/div>\n<\/div>\n<div>\n<div class=\"standard-markdown grid-cols-1 grid [&amp;_&gt;_*]:min-w-0 gap-3\">\n<p class=\"font-claude-response-body break-words whitespace-normal leading-[1.7]\"><strong>Doporu\u010den\u00e9 d\u00e1vkov\u00e1n\u00ed:<\/strong><\/p>\n<\/div>\n<\/div>\n<div>\n<div class=\"standard-markdown grid-cols-1 grid [&amp;_&gt;_*]:min-w-0 gap-3\">\n<ul class=\"[li_&amp;]:mb-0 [li_&amp;]:mt-1 [li_&amp;]:gap-1 [&amp;:not(:last-child)_ul]:pb-1 [&amp;:not(:last-child)_ol]:pb-1 list-disc flex flex-col gap-1 pl-8 mb-3\">\n<li class=\"whitespace-normal break-words pl-2\">Denn\u00ed d\u00e1vka: 10-20 kapek<\/li>\n<li class=\"whitespace-normal break-words pl-2\">Frekvence: jednou a\u017e dvakr\u00e1t denn\u011b<\/li>\n<li class=\"whitespace-normal break-words pl-2\">Zp\u016fsob p\u0159\u00edpravy: kapky na\u0159edit ve sklenici \u010dist\u00e9 vody (cca 200 ml)<\/li>\n<\/ul>\n<\/div>\n<\/div>\n<div>\n<div class=\"standard-markdown grid-cols-1 grid [&amp;_&gt;_*]:min-w-0 gap-3\">\n<p class=\"font-claude-response-body break-words whitespace-normal leading-[1.7]\"><strong>Postup u\u017e\u00edv\u00e1n\u00ed:<\/strong><\/p>\n<\/div>\n<\/div>\n<div>\n<div class=\"standard-markdown grid-cols-1 grid [&amp;_&gt;_*]:min-w-0 gap-3\">\n<ol class=\"[li_&amp;]:mb-0 [li_&amp;]:mt-1 [li_&amp;]:gap-1 [&amp;:not(:last-child)_ul]:pb-1 [&amp;:not(:last-child)_ol]:pb-1 list-decimal flex flex-col gap-1 pl-8 mb-3\">\n<li class=\"whitespace-normal break-words pl-2\">P\u0159ed pou\u017eit\u00edm lahvi\u010dku dob\u0159e prot\u0159epejte<\/li>\n<li class=\"whitespace-normal break-words pl-2\">Nakapejte 10-20 kapek do sklenice s \u010distou vodou<\/li>\n<li class=\"whitespace-normal break-words pl-2\">D\u016fkladn\u011b prom\u00edchejte<\/li>\n<li class=\"whitespace-normal break-words pl-2\">Vypijte p\u0159ipraven\u00fd roztok<\/li>\n<li class=\"whitespace-normal break-words pl-2\">Doporu\u010duje se u\u017e\u00edvat p\u0159ed j\u00eddlem nebo mezi j\u00eddly<\/li>\n<\/ol>\n<\/div>\n<\/div>\n<div>\n<div class=\"standard-markdown grid-cols-1 grid [&amp;_&gt;_*]:min-w-0 gap-3\">\n<p class=\"font-claude-response-body break-words whitespace-normal leading-[1.7]\">Pro dosa\u017een\u00ed optim\u00e1ln\u00edch v\u00fdsledk\u016f doporu\u010dujeme pravideln\u00e9 pou\u017e\u00edv\u00e1n\u00ed po dobu minim\u00e1ln\u011b \u010dty\u0159 t\u00fddn\u016f. \u00da\u010dinek se projevuje postupn\u011b, p\u0159i\u010dem\u017e prvn\u00ed zlep\u0161en\u00ed lze o\u010dek\u00e1vat ji\u017e po n\u011bkolika dnech pravideln\u00e9ho u\u017e\u00edv\u00e1n\u00ed. Pro dlouhodob\u00e9 udr\u017een\u00ed zdrav\u00ed o\u010d\u00ed lze pou\u017e\u00edv\u00e1n\u00ed opakovat v k\u00far\u00e1ch podle pot\u0159eby. Nep\u0159ekra\u010dujte doporu\u010den\u00e9 denn\u00ed d\u00e1vkov\u00e1n\u00ed.<\/p>\n<\/div>\n<\/div>\n<h2 class=\"text-text-100 mt-3 -mb-1 text-[1.125rem] font-bold\">Cena v \u010cesk\u00e9 republice<\/h2>\n<p class=\"font-claude-response-body break-words whitespace-normal leading-[1.7]\">P\u0159\u00edpravek Oculear p\u0159edstavuje investici do dlouhodob\u00e9ho zdrav\u00ed va\u0161ich o\u010d\u00ed. Konkr\u00e9tn\u00ed cenov\u00e9 informace se mohou m\u011bnit v z\u00e1vislosti na aktu\u00e1ln\u00edch nab\u00eddk\u00e1ch a slevov\u00fdch akc\u00edch. Pro z\u00edsk\u00e1n\u00ed nejaktu\u00e1ln\u011bj\u0161\u00edch informac\u00ed o cen\u011b doporu\u010dujeme nav\u0161t\u00edvit ofici\u00e1ln\u00ed webov\u00e9 str\u00e1nky v\u00fdrobce, kde jsou v\u017edy k dispozici platn\u00e9 cenov\u00e9 podm\u00ednky.<\/p>\n<p class=\"font-claude-response-body break-words whitespace-normal leading-[1.7]\">Je d\u016fle\u017eit\u00e9 m\u00edt na pam\u011bti, \u017ee kvalitn\u00ed p\u00e9\u010de o zrak je kl\u00ed\u010dovou investic\u00ed do kvality \u017eivota. Pravideln\u00e9 u\u017e\u00edv\u00e1n\u00ed Oculear m\u016f\u017ee pomoci p\u0159edej\u00edt z\u00e1va\u017en\u011bj\u0161\u00edm probl\u00e9m\u016fm, kter\u00e9 by v budoucnu mohly vy\u017eadovat n\u00e1kladn\u011bj\u0161\u00ed \u0159e\u0161en\u00ed.<\/p>\n<h2 class=\"text-text-100 mt-3 -mb-1 text-[1.125rem] font-bold\">Kde koupit Oculear?<\/h2>\n<p class=\"font-claude-response-body break-words whitespace-normal leading-[1.7]\">Pro zaji\u0161t\u011bn\u00ed autenticity a kvality produktu doporu\u010dujeme zakoupit Oculear v\u00fdhradn\u011b prost\u0159ednictv\u00edm ofici\u00e1ln\u00edch webov\u00fdch str\u00e1nek v\u00fdrobce. Tento p\u0159\u00edpravek nen\u00ed dostupn\u00fd v b\u011b\u017en\u00fdch l\u00e9k\u00e1rn\u00e1ch ani kamenn\u00fdch prodejn\u00e1ch, co\u017e zaji\u0161\u0165uje p\u0159\u00edm\u00e9 dod\u00e1n\u00ed od v\u00fdrobce ke spot\u0159ebiteli bez mezi\u010dl\u00e1nk\u016f.<\/p>\n<p class=\"font-claude-response-body break-words whitespace-normal leading-[1.7]\">N\u00e1kup p\u0159\u00edmo od v\u00fdrobce p\u0159in\u00e1\u0161\u00ed n\u011bkolik v\u00fdhod. M\u00e1te jistotu, \u017ee obdr\u017e\u00edte origin\u00e1ln\u00ed produkt s plnou \u00fa\u010dinnost\u00ed a spr\u00e1vn\u00fdm slo\u017een\u00edm. Vyhnete se riziku n\u00e1kupu pad\u011blk\u016f nebo skladov\u00fdch z\u00e1sob s pro\u0161lou dobou pou\u017eitelnosti. Nav\u00edc v\u00fdrobce \u010dasto nab\u00edz\u00ed zv\u00fdhodn\u011bn\u00e9 bal\u00ed\u010dky a ak\u010dn\u00ed ceny, kter\u00e9 nejsou dostupn\u00e9 jinde.<\/p>\n<p class=\"font-claude-response-body break-words whitespace-normal leading-[1.7]\">Objedn\u00e1vkov\u00fd proces je jednoduch\u00fd a bezpe\u010dn\u00fd. Sta\u010d\u00ed vyplnit objedn\u00e1vkov\u00fd formul\u00e1\u0159 na webov\u00fdch str\u00e1nk\u00e1ch, vybrat po\u017eadovan\u00e9 mno\u017estv\u00ed a zvolit zp\u016fsob platby. Diskr\u00e9tn\u00ed dod\u00e1n\u00ed zajist\u00ed, \u017ee produkt obdr\u017e\u00edte pohodln\u011b a\u017e dom\u016f. V p\u0159\u00edpad\u011b jak\u00fdchkoli dotaz\u016f je k dispozici z\u00e1kaznick\u00e1 podpora v\u00fdrobce.<\/p>\n<h2 class=\"text-text-100 mt-3 -mb-1 text-[1.125rem] font-bold\">V\u00fdhody u\u017e\u00edv\u00e1n\u00ed<\/h2>\n<p class=\"font-claude-response-body break-words whitespace-normal leading-[1.7]\">Pravideln\u00e9 pou\u017e\u00edv\u00e1n\u00ed kapek Oculear p\u0159in\u00e1\u0161\u00ed komplexn\u00ed podporu zdrav\u00ed o\u010d\u00ed a zrakov\u00e9ho syst\u00e9mu. Mezi hlavn\u00ed benefity pat\u0159\u00ed zlep\u0161en\u00ed kapil\u00e1rn\u00edho krevn\u00edho ob\u011bhu v o\u010d\u00edch, co\u017e zaji\u0161\u0165uje optim\u00e1ln\u00ed v\u00fd\u017eivu v\u0161ech o\u010dn\u00edch struktur a podporuje jejich spr\u00e1vnou funkci.<\/p>\n<p class=\"font-claude-response-body break-words whitespace-normal leading-[1.7]\"><strong>Kl\u00ed\u010dov\u00e9 v\u00fdhody:<\/strong><\/p>\n<ul class=\"[li_&amp;]:mb-0 [li_&amp;]:mt-1 [li_&amp;]:gap-1 [&amp;:not(:last-child)_ul]:pb-1 [&amp;:not(:last-child)_ol]:pb-1 list-disc flex flex-col gap-1 pl-8 mb-3\">\n<li class=\"whitespace-normal break-words pl-2\">Ochrana p\u0159ed suchem, podr\u00e1\u017ed\u011bn\u00edm a z\u00e1n\u011bty o\u010d\u00ed<\/li>\n<li class=\"whitespace-normal break-words pl-2\">Regenerace o\u010dn\u00edch sval\u016f a podpora jejich norm\u00e1ln\u00edho fungov\u00e1n\u00ed<\/li>\n<li class=\"whitespace-normal break-words pl-2\">Stimulace nervov\u00fdch bun\u011bk pro lep\u0161\u00ed anal\u00fdzu vizu\u00e1ln\u00edch podn\u011bt\u016f<\/li>\n<li class=\"whitespace-normal break-words pl-2\">Zv\u00fd\u0161en\u00ed zrakov\u00e9 ostrosti a kvality vid\u011bn\u00ed<\/li>\n<li class=\"whitespace-normal break-words pl-2\">Zm\u00edrn\u011bn\u00ed v\u011bkov\u00fdch zm\u011bn spojen\u00fdch se zrakem<\/li>\n<li class=\"whitespace-normal break-words pl-2\">Normalizace nitroo\u010dn\u00edho tlaku<\/li>\n<li class=\"whitespace-normal break-words pl-2\">P\u0159\u00edrodn\u00ed slo\u017een\u00ed bez agresivn\u00edch chemick\u00fdch l\u00e1tek<\/li>\n<li class=\"whitespace-normal break-words pl-2\">Rychl\u00fd n\u00e1stup \u00fa\u010dinku ji\u017e po prvn\u00edm pou\u017eit\u00ed<\/li>\n<li class=\"whitespace-normal break-words pl-2\">Vhodn\u00e9 pro dlouhodob\u00e9 pou\u017e\u00edv\u00e1n\u00ed bez rizika z\u00e1vislosti<\/li>\n<li class=\"whitespace-normal break-words pl-2\">Podpora celkov\u00e9ho zdrav\u00ed o\u010d\u00ed a prevence budouc\u00edch probl\u00e9m\u016f<\/li>\n<\/ul>\n<p class=\"font-claude-response-body break-words whitespace-normal leading-[1.7]\">Oculear p\u0159edstavuje modern\u00ed p\u0159\u00edstup k p\u00e9\u010di o zrak, kter\u00fd kombinuje s\u00edlu p\u0159\u00edrodn\u00edch ingredienc\u00ed s v\u011bdecky podlo\u017een\u00fdmi \u00fa\u010dinky. Produkt je vhodn\u00fd pro lidi v\u0161ech v\u011bkov\u00fdch kategori\u00ed, kte\u0159\u00ed cht\u011bj\u00ed aktivn\u011b pe\u010dovat o sv\u00e9 o\u010di a p\u0159edch\u00e1zet probl\u00e9m\u016fm spojen\u00fdm s modern\u00edm \u017eivotn\u00edm stylem. D\u00edky bezpe\u010dn\u00e9mu slo\u017een\u00ed a snadn\u00e9mu pou\u017eit\u00ed lze Oculear snadno za\u010dlenit do ka\u017edodenn\u00ed rutiny p\u00e9\u010de o zdrav\u00ed.<\/p>\n<p class=\"font-claude-response-body break-words whitespace-normal leading-[1.7]\">Investice do kvality zraku je investic\u00ed do kvality \u017eivota. Oculear nab\u00edz\u00ed efektivn\u00ed zp\u016fsob, jak podpo\u0159it zdrav\u00ed o\u010d\u00ed p\u0159irozenou cestou a t\u011b\u0161it se z jasn\u00e9ho, ostr\u00e9ho vid\u011bn\u00ed po mnoho let.<\/p>\n","protected":false},"excerpt":{"rendered":"<p>Kvalita zraku m\u00e1 z\u00e1sadn\u00ed vliv na n\u00e1\u0161 ka\u017edodenn\u00ed \u017eivot. Mnoho lid\u00ed se pot\u00fdk\u00e1 s [&hellip;]<\/p>\n","protected":false},"featured_media":284,"comment_status":"open","ping_status":"closed","template":"","meta":[],"product_brand":[],"product_cat":[15],"product_tag":[],"class_list":{"0":"post-283","1":"product","2":"type-product","3":"status-publish","4":"has-post-thumbnail","6":"product_cat-prirodni","8":"first","9":"instock","10":"sale","11":"shipping-taxable","12":"product-type-external"},"aioseo_notices":[],"_links":{"self":[{"href":"https:\/\/medtempl.cz\/pharm\/wp-json\/wp\/v2\/product\/283","targetHints":{"allow":["GET"]}}],"collection":[{"href":"https:\/\/medtempl.cz\/pharm\/wp-json\/wp\/v2\/product"}],"about":[{"href":"https:\/\/medtempl.cz\/pharm\/wp-json\/wp\/v2\/types\/product"}],"replies":[{"embeddable":true,"href":"https:\/\/medtempl.cz\/pharm\/wp-json\/wp\/v2\/comments?post=283"}],"wp:featuredmedia":[{"embeddable":true,"href":"https:\/\/medtempl.cz\/pharm\/wp-json\/wp\/v2\/media\/284"}],"wp:attachment":[{"href":"https:\/\/medtempl.cz\/pharm\/wp-json\/wp\/v2\/media?parent=283"}],"wp:term":[{"taxonomy":"product_brand","embeddable":true,"href":"https:\/\/medtempl.cz\/pharm\/wp-json\/wp\/v2\/product_brand?post=283"},{"taxonomy":"product_cat","embeddable":true,"href":"https:\/\/medtempl.cz\/pharm\/wp-json\/wp\/v2\/product_cat?post=283"},{"taxonomy":"product_tag","embeddable":true,"href":"https:\/\/medtempl.cz\/pharm\/wp-json\/wp\/v2\/product_tag?post=283"}],"curies":[{"name":"wp","href":"https:\/\/api.w.org\/{rel}","templated":true}]}}