{"id":266,"date":"2026-02-09T14:16:12","date_gmt":"2026-02-09T14:16:12","guid":{"rendered":"https:\/\/medtempl.cz\/pharm\/?post_type=product&#038;p=266"},"modified":"2026-02-09T14:16:13","modified_gmt":"2026-02-09T14:16:13","slug":"hemoroxin","status":"publish","type":"product","link":"https:\/\/medtempl.cz\/pharm\/product\/hemoroxin\/","title":{"rendered":"Hemoroxin"},"content":{"rendered":"<p data-start=\"9\" data-end=\"768\">Hemoroidy pat\u0159\u00ed mezi \u010dast\u00e9 zdravotn\u00ed pot\u00ed\u017ee, kter\u00e9 mohou v\u00fdrazn\u011b sn\u00ed\u017eit kvalitu ka\u017edodenn\u00edho \u017eivota. Nep\u0159\u00edjemn\u00e9 sv\u011bd\u011bn\u00ed, p\u00e1len\u00ed, bolest p\u0159i sezen\u00ed nebo krv\u00e1cen\u00ed p\u0159i stolici jsou symptomy, kter\u00e9 tr\u00e1p\u00ed miliony lid\u00ed nap\u0159\u00ed\u010d v\u011bkov\u00fdmi skupinami. Modern\u00ed \u017eivotn\u00ed styl, nedostatek pohybu, stres a nevhodn\u00e1 strava mohou riziko vzniku hemoroid\u016f je\u0161t\u011b zvy\u0161ovat. Proto roste z\u00e1jem o p\u0159\u00edrodn\u00ed a \u0161etrn\u00e1 \u0159e\u0161en\u00ed, kter\u00e1 pom\u00e1haj\u00ed zvl\u00e1dnout pot\u00ed\u017ee bez slo\u017eit\u00fdch l\u00e9ka\u0159sk\u00fdch z\u00e1krok\u016f. Hemoroxin p\u0159edstavuje modern\u00ed dopln\u011bk stravy ve form\u011b kapsl\u00ed, kter\u00fd byl vytvo\u0159en s d\u016frazem na podporu c\u00e9vn\u00edho syst\u00e9mu a komfortu v oblasti kone\u010dn\u00edku. Tento text p\u0159in\u00e1\u0161\u00ed p\u0159ehled d\u016fle\u017eit\u00fdch informac\u00ed pro z\u00e1jemce o tento produkt a vysv\u011btluje, jak m\u016f\u017ee Hemoroxin zapadnout do komplexn\u00ed p\u00e9\u010de o zdrav\u00ed.<\/p>\n<h2 data-start=\"770\" data-end=\"798\">Hemoroxin &#8211; stru\u010dn\u00fd popis<\/h2>\n<p data-start=\"800\" data-end=\"1575\">Hemoroxin je dopln\u011bk stravy ve form\u011b kapsl\u00ed ur\u010den\u00fd pro osoby, kter\u00e9 se pot\u00fdkaj\u00ed s projevy hemoroid\u016f nebo cht\u011bj\u00ed podpo\u0159it zdrav\u00ed c\u00e9v v oblasti kone\u010dn\u00edku. Produkt je navr\u017een tak, aby podporoval mikrocirkulaci krve, p\u0159isp\u00edval ke sn\u00ed\u017een\u00ed nep\u0159\u00edjemn\u00e9ho tlaku a pom\u00e1hal udr\u017eovat norm\u00e1ln\u00ed stav c\u00e9vn\u00edch st\u011bn. D\u00edky kombinaci p\u0159\u00edrodn\u00edch slo\u017eek je vhodn\u00fd pro dlouhodob\u011bj\u0161\u00ed u\u017e\u00edv\u00e1n\u00ed v r\u00e1mci komplexn\u00ed p\u00e9\u010de o t\u011blo. V\u00fdrobce se zam\u011b\u0159il na v\u00fdb\u011br l\u00e1tek zn\u00e1m\u00fdch sv\u00fdm pozitivn\u00edm vlivem na c\u00e9vy, z\u00e1n\u011btliv\u00e9 procesy a regeneraci tk\u00e1n\u00ed. Hemoroxin nen\u00ed ur\u010den jako n\u00e1hrada pestr\u00e9 stravy ani l\u00e9ka\u0159sk\u00e9 p\u00e9\u010de, ale m\u016f\u017ee slou\u017eit jako podp\u016frn\u00fd prost\u0159edek p\u0159i zvl\u00e1d\u00e1n\u00ed nep\u0159\u00edjemn\u00fdch symptom\u016f. Kapslov\u00e1 forma nav\u00edc umo\u017e\u0148uje pohodln\u00e9 d\u00e1vkov\u00e1n\u00ed a snadn\u00e9 za\u0159azen\u00ed do ka\u017edodenn\u00ed rutiny bez nutnosti slo\u017eit\u00e9 aplikace.<\/p>\n<h2 data-start=\"1577\" data-end=\"1606\">Slo\u017een\u00ed a \u00fa\u010dinky Hemoroxin<\/h2>\n<p data-start=\"1608\" data-end=\"2101\">Kvalita dopl\u0148ku stravy je v\u017edy z\u00e1visl\u00e1 na jeho slo\u017een\u00ed. Hemoroxin obsahuje kombinaci p\u0159\u00edrodn\u00edch l\u00e1tek, kter\u00e9 jsou \u010dasto spojov\u00e1ny s podporou c\u00e9vn\u00edho syst\u00e9mu a komfortu v oblasti kone\u010dn\u00edku. Pe\u010dliv\u011b vybran\u00e9 komponenty maj\u00ed synergick\u00fd \u00fa\u010dinek, co\u017e znamen\u00e1, \u017ee se jejich p\u016fsoben\u00ed vz\u00e1jemn\u011b dopl\u0148uje a posiluje. Pravideln\u00e9 u\u017e\u00edv\u00e1n\u00ed m\u016f\u017ee p\u0159isp\u011bt k lep\u0161\u00ed pru\u017enosti c\u00e9v, sn\u00ed\u017een\u00ed pocitu tlaku a podpo\u0159e regenerace tk\u00e1n\u00ed. D\u00edky tomu je Hemoroxin vhodn\u00fd pro osoby, kter\u00e9 hledaj\u00ed komplexn\u00ed p\u0159\u00edrodn\u00ed podporu.<\/p>\n<p data-start=\"2103\" data-end=\"2147\"><strong data-start=\"2103\" data-end=\"2147\">Hlavn\u00ed slo\u017eky mohou zahrnovat nap\u0159\u00edklad:<\/strong><\/p>\n<ul data-start=\"2148\" data-end=\"2398\">\n<li data-start=\"2148\" data-end=\"2205\">\n<p data-start=\"2150\" data-end=\"2205\"><strong>Extrakt z ka\u0161tanu ko\u0148sk\u00e9ho<\/strong> \u2013 podpora c\u00e9vn\u00ed elasticity<\/p>\n<\/li>\n<li data-start=\"2206\" data-end=\"2249\">\n<p data-start=\"2208\" data-end=\"2249\"><strong>Diosmin<\/strong> \u2013 pomoc p\u0159i norm\u00e1ln\u00ed funkci c\u00e9v<\/p>\n<\/li>\n<li data-start=\"2250\" data-end=\"2297\">\n<p data-start=\"2252\" data-end=\"2297\"><strong>Rutin<\/strong> \u2013 antioxidant podporuj\u00edc\u00ed c\u00e9vn\u00ed st\u011bny<\/p>\n<\/li>\n<li data-start=\"2298\" data-end=\"2348\">\n<p data-start=\"2300\" data-end=\"2348\"><strong>Extrakt z vil\u00ednu<\/strong> \u2013 zklid\u0148uj\u00edc\u00ed \u00fa\u010dinek na tk\u00e1n\u011b<\/p>\n<\/li>\n<li data-start=\"2349\" data-end=\"2398\">\n<p data-start=\"2351\" data-end=\"2398\"><strong>Vitamin C<\/strong> \u2013 podpora tvorby kolagenu a imunity<\/p>\n<\/li>\n<\/ul>\n<p data-start=\"2400\" data-end=\"2656\">Tyto slo\u017eky spole\u010dn\u011b vytv\u00e1\u0159ej\u00ed komplexn\u00ed formuli, kter\u00e1 se zam\u011b\u0159uje na v\u00edce faktor\u016f spojen\u00fdch s hemoroidy. Kombinace podpory c\u00e9v, antioxidant\u016f a l\u00e1tek pro regeneraci tk\u00e1n\u00ed \u010din\u00ed z produktu modern\u00ed \u0159e\u0161en\u00ed v oblasti dopl\u0148k\u016f stravy zam\u011b\u0159en\u00fdch na c\u00e9vn\u00ed komfort.<\/p>\n<h2 data-start=\"2658\" data-end=\"2679\">V\u00fdsledky Hemoroxin<\/h2>\n<p data-start=\"2681\" data-end=\"3435\">V\u00fdsledky u\u017e\u00edv\u00e1n\u00ed Hemoroxin se mohou li\u0161it v z\u00e1vislosti na individu\u00e1ln\u00edm stavu organismu, \u017eivotn\u00edm stylu a pravidelnosti u\u017e\u00edv\u00e1n\u00ed. U\u017eivatel\u00e9 \u010dasto uv\u00e1d\u011bj\u00ed postupn\u00e9 zlep\u0161en\u00ed komfortu v oblasti kone\u010dn\u00edku, sn\u00ed\u017een\u00ed pocitu tlaku a celkov\u00e9 zlep\u0161en\u00ed kvality \u017eivota. D\u016fle\u017eit\u00e9 je zd\u016fraznit, \u017ee dopl\u0148ky stravy obvykle nep\u016fsob\u00ed okam\u017eit\u011b, ale jejich \u00fa\u010dinek se projevuje postupn\u011b p\u0159i dlouhodob\u00e9m u\u017e\u00edv\u00e1n\u00ed. Pravideln\u00e9 u\u017e\u00edv\u00e1n\u00ed m\u016f\u017ee podpo\u0159it norm\u00e1ln\u00ed funkci c\u00e9v a p\u0159isp\u011bt k udr\u017een\u00ed jejich pru\u017enosti. V kombinaci se zdrav\u00fdm \u017eivotn\u00edm stylem, dostate\u010dn\u00fdm p\u0159\u00edjmem vl\u00e1kniny a pohybem m\u016f\u017ee b\u00fdt efekt je\u0161t\u011b v\u00fdrazn\u011bj\u0161\u00ed. Hemoroxin je proto vhodn\u00fd zejm\u00e9na pro osoby, kter\u00e9 hledaj\u00ed systematickou podporu a cht\u011bj\u00ed se zam\u011b\u0159it nejen na symptomy, ale tak\u00e9 na celkov\u00fd stav c\u00e9vn\u00edho syst\u00e9mu.<\/p>\n<h2 data-start=\"3437\" data-end=\"3467\">Recenze u\u017eivatel\u016f Hemoroxin<\/h2>\n<p data-start=\"3469\" data-end=\"3845\">V\u011bt\u0161ina dostupn\u00fdch zku\u0161enost\u00ed u\u017eivatel\u016f s produktem Hemoroxin je pozitivn\u00ed. Lid\u00e9 oce\u0148uj\u00ed p\u0159edev\u0161\u00edm p\u0159\u00edrodn\u00ed slo\u017een\u00ed, jednoduch\u00e9 d\u00e1vkov\u00e1n\u00ed a postupn\u00e9 zlep\u0161ov\u00e1n\u00ed komfortu. U\u017eivatel\u00e9 \u010dasto zmi\u0148uj\u00ed sn\u00ed\u017een\u00ed nep\u0159\u00edjemn\u00fdch pocit\u016f a lep\u0161\u00ed zvl\u00e1d\u00e1n\u00ed ka\u017edodenn\u00edch aktivit. Pozitivn\u00ed hodnocen\u00ed se objevuj\u00ed zejm\u00e9na u osob, kter\u00e9 kapsle u\u017e\u00edvaly pravideln\u011b a sou\u010dasn\u011b upravily \u017eivotn\u00ed styl.<\/p>\n<p data-start=\"3847\" data-end=\"3891\"><strong data-start=\"3847\" data-end=\"3891\">Nej\u010dast\u011bji zmi\u0148ovan\u00e9 v\u00fdhody v recenz\u00edch:<\/strong><\/p>\n<ul data-start=\"3892\" data-end=\"4029\">\n<li data-start=\"3892\" data-end=\"3917\">\n<p data-start=\"3894\" data-end=\"3917\">Snadn\u00e9 u\u017e\u00edv\u00e1n\u00ed kapsl\u00ed<\/p>\n<\/li>\n<li data-start=\"3918\" data-end=\"3961\">\n<p data-start=\"3920\" data-end=\"3961\">P\u0159\u00edrodn\u00ed slo\u017een\u00ed bez slo\u017eit\u00fdch aplikac\u00ed<\/p>\n<\/li>\n<li data-start=\"3962\" data-end=\"3992\">\n<p data-start=\"3964\" data-end=\"3992\">Postupn\u00e9 zlep\u0161en\u00ed komfortu<\/p>\n<\/li>\n<li data-start=\"3993\" data-end=\"4029\">\n<p data-start=\"3995\" data-end=\"4029\">Vhodn\u00e9 pro dlouhodob\u011bj\u0161\u00ed u\u017e\u00edv\u00e1n\u00ed<\/p>\n<\/li>\n<\/ul>\n<blockquote>\n<p data-start=\"4031\" data-end=\"4174\"><em data-start=\"4031\" data-end=\"4172\">\u201ePo n\u011bkolika t\u00fddnech u\u017e\u00edv\u00e1n\u00ed jsem zaznamenal v\u00fdrazn\u00e9 zlep\u0161en\u00ed komfortu p\u0159i sezen\u00ed i b\u011bhem dne. Oce\u0148uji hlavn\u011b jednoduchost u\u017e\u00edv\u00e1n\u00ed.\u201c \u2013 <\/em><strong>Petr<\/strong><\/p>\n<p data-start=\"4176\" data-end=\"4298\"><em data-start=\"4176\" data-end=\"4298\">\u201eVyzkou\u0161ela jsem v\u00edce p\u0159\u00edpravk\u016f, ale tento mi vyhovuje nejv\u00edc. Nem\u00e1m takov\u00fd pocit tlaku a celkov\u011b se c\u00edt\u00edm l\u00e9pe.\u201c \u2013<\/em> <strong>Jana<\/strong><\/p>\n<\/blockquote>\n<h2 data-start=\"4300\" data-end=\"4325\">Mo\u017en\u00e9 ne\u017e\u00e1douc\u00ed \u00fa\u010dinky<\/h2>\n<p data-start=\"4327\" data-end=\"5008\">Hemoroxin je dopln\u011bk stravy zalo\u017een\u00fd p\u0159ev\u00e1\u017en\u011b na p\u0159\u00edrodn\u00edch slo\u017ek\u00e1ch, proto je obecn\u011b dob\u0159e tolerov\u00e1n. P\u0159esto se u citliv\u00fdch osob mohou objevit m\u00edrn\u00e9 reakce, nap\u0159\u00edklad lehk\u00e9 za\u017e\u00edvac\u00ed pot\u00ed\u017ee nebo individu\u00e1ln\u00ed nesn\u00e1\u0161enlivost n\u011bkter\u00e9 slo\u017eky. Tyto p\u0159\u00edpady jsou obvykle vz\u00e1cn\u00e9 a v\u011bt\u0161inou odezn\u00ed po \u00faprav\u011b d\u00e1vkov\u00e1n\u00ed nebo vysazen\u00ed produktu. Pokud m\u00e1 u\u017eivatel alergii na n\u011bkterou slo\u017eku nebo u\u017e\u00edv\u00e1 l\u00e9ky ovliv\u0148uj\u00edc\u00ed c\u00e9vn\u00ed syst\u00e9m, doporu\u010duje se konzultace s l\u00e9ka\u0159em. Je d\u016fle\u017eit\u00e9 dodr\u017eovat doporu\u010den\u00e9 d\u00e1vkov\u00e1n\u00ed a nep\u0159ekra\u010dovat ho. Dopln\u011bk stravy nen\u00ed ur\u010den jako n\u00e1hrada l\u00e9\u010dby ani jako n\u00e1hrada pestr\u00e9 stravy. P\u0159i v\u00fdskytu neobvykl\u00fdch reakc\u00ed je vhodn\u00e9 u\u017e\u00edv\u00e1n\u00ed p\u0159eru\u0161it a poradit se s odborn\u00edkem.<\/p>\n<h2 data-start=\"5010\" data-end=\"5034\">Bezpe\u010dnostn\u00ed opat\u0159en\u00ed<\/h2>\n<p data-start=\"5036\" data-end=\"5732\">P\u0159i u\u017e\u00edv\u00e1n\u00ed Hemoroxin je vhodn\u00e9 dodr\u017eovat z\u00e1kladn\u00ed bezpe\u010dnostn\u00ed pravidla. Produkt by m\u011bl b\u00fdt skladov\u00e1n mimo dosah d\u011bt\u00ed a uchov\u00e1v\u00e1n v suchu a p\u0159i pokojov\u00e9 teplot\u011b. Osoby s chronick\u00fdmi onemocn\u011bn\u00edmi nebo t\u011bhotn\u00e9 a koj\u00edc\u00ed \u017eeny by m\u011bly u\u017e\u00edv\u00e1n\u00ed konzultovat s l\u00e9ka\u0159em. Dopln\u011bk nen\u00ed ur\u010den pro d\u011bti. Je d\u016fle\u017eit\u00e9 sledovat reakce vlastn\u00edho organismu a v p\u0159\u00edpad\u011b pochybnost\u00ed kontaktovat odborn\u00edka. Kombinace s jin\u00fdmi dopl\u0148ky by m\u011bla b\u00fdt zv\u00e1\u017eena individu\u00e1ln\u011b. Hemoroxin je ur\u010den jako podp\u016frn\u00fd prost\u0159edek v r\u00e1mci zdrav\u00e9ho \u017eivotn\u00edho stylu, nikoliv jako jedin\u00fd zp\u016fsob \u0159e\u0161en\u00ed zdravotn\u00edch obt\u00ed\u017e\u00ed. Dodr\u017eov\u00e1n\u00ed doporu\u010den\u00ed v\u00fdrobce pom\u00e1h\u00e1 minimalizovat riziko ne\u017e\u00e1douc\u00edch reakc\u00ed a zajistit maxim\u00e1ln\u00ed efektivitu u\u017e\u00edv\u00e1n\u00ed.<\/p>\n<h2 data-start=\"5734\" data-end=\"5752\">N\u00e1vod k pou\u017eit\u00ed<\/h2>\n<p data-start=\"5754\" data-end=\"5972\">Spr\u00e1vn\u00e9 u\u017e\u00edv\u00e1n\u00ed dopl\u0148ku stravy je kl\u00ed\u010dov\u00e9 pro dosa\u017een\u00ed optim\u00e1ln\u00edch v\u00fdsledk\u016f. Hemoroxin se obvykle u\u017e\u00edv\u00e1 pravideln\u011b ka\u017ed\u00fd den, ide\u00e1ln\u011b ve stejnou denn\u00ed dobu, aby si organismus vytvo\u0159il stabiln\u00ed hladinu \u00fa\u010dinn\u00fdch l\u00e1tek.<\/p>\n<p data-start=\"5974\" data-end=\"5999\"><strong data-start=\"5974\" data-end=\"5999\">Doporu\u010den\u00e9 d\u00e1vkov\u00e1n\u00ed:<\/strong><\/p>\n<ul data-start=\"6000\" data-end=\"6102\">\n<li data-start=\"6000\" data-end=\"6028\">\n<p data-start=\"6002\" data-end=\"6028\">Obvykle 1\u20132 kapsle denn\u011b<\/p>\n<\/li>\n<li data-start=\"6029\" data-end=\"6065\">\n<p data-start=\"6031\" data-end=\"6065\">Zap\u00edt dostate\u010dn\u00fdm mno\u017estv\u00edm vody<\/p>\n<\/li>\n<li data-start=\"6066\" data-end=\"6102\">\n<p data-start=\"6068\" data-end=\"6102\">U\u017e\u00edvat b\u011bhem j\u00eddla nebo po j\u00eddle<\/p>\n<\/li>\n<\/ul>\n<p data-start=\"6104\" data-end=\"6511\">Pravidelnost je d\u016fle\u017eit\u011bj\u0161\u00ed ne\u017e jednor\u00e1zov\u011b vy\u0161\u0161\u00ed d\u00e1vka. Doporu\u010duje se u\u017e\u00edvat kapsle minim\u00e1ln\u011b n\u011bkolik t\u00fddn\u016f, aby bylo mo\u017en\u00e9 pozorovat \u00fa\u010dinek. V p\u0159\u00edpad\u011b vynech\u00e1n\u00ed d\u00e1vky nen\u00ed vhodn\u00e9 u\u017e\u00edt dvojn\u00e1sobnou d\u00e1vku najednou. Nejlep\u0161\u00edch v\u00fdsledk\u016f lze dos\u00e1hnout kombinac\u00ed s vyv\u00e1\u017eenou stravou, dostatkem vl\u00e1kniny a pravideln\u00fdm pohybem. Takov\u00fd komplexn\u00ed p\u0159\u00edstup pom\u00e1h\u00e1 podporovat norm\u00e1ln\u00ed funkci tr\u00e1ven\u00ed a c\u00e9vn\u00edho syst\u00e9mu.<\/p>\n<h2 data-start=\"6513\" data-end=\"6538\">Cena v \u010cesk\u00e9 republice<\/h2>\n<p data-start=\"6540\" data-end=\"7211\">Cena produktu Hemoroxin se m\u016f\u017ee li\u0161it v z\u00e1vislosti na aktu\u00e1ln\u00edch akc\u00edch v\u00fdrobce nebo marketingov\u00fdch kampan\u00edch. Obecn\u011b se v\u0161ak doporu\u010duje sledovat ofici\u00e1ln\u00ed zdroje, proto\u017ee pr\u00e1v\u011b tam lze z\u00edskat nejaktu\u00e1ln\u011bj\u0161\u00ed informace. V tomto textu nen\u00ed uvedena konkr\u00e9tn\u00ed cena, proto\u017ee se m\u016f\u017ee m\u011bnit. Je d\u016fle\u017eit\u00e9 si uv\u011bdomit, \u017ee dopl\u0148ky stravy mohou m\u00edt r\u016fznou kvalitu a slo\u017een\u00ed, proto by rozhoduj\u00edc\u00edm faktorem nem\u011bla b\u00fdt pouze cena, ale p\u0159edev\u0161\u00edm kvalita a p\u016fvod produktu. P\u0159i v\u00fdb\u011bru dopl\u0148ku stravy je vhodn\u00e9 zam\u011b\u0159it se na transparentnost v\u00fdrobce, slo\u017een\u00ed produktu a dostupn\u00e9 recenze u\u017eivatel\u016f. Investice do kvalitn\u00edho produktu m\u016f\u017ee p\u0159isp\u011bt k lep\u0161\u00ed spokojenosti a dlouhodob\u00e9mu komfortu.<\/p>\n<h2 data-start=\"7213\" data-end=\"7237\">Kde koupit Hemoroxin?<\/h2>\n<p data-start=\"7239\" data-end=\"7927\">Hemoroxin se neprod\u00e1v\u00e1 v l\u00e9k\u00e1rn\u00e1ch. Doporu\u010duje se kupovat ho pouze na ofici\u00e1ln\u00edch str\u00e1nk\u00e1ch v\u00fdrobce, kde je zaji\u0161t\u011bna originalita produktu. N\u00e1kup z ofici\u00e1ln\u00edho zdroje minimalizuje riziko pad\u011blk\u016f a umo\u017e\u0148uje z\u00edskat aktu\u00e1ln\u00ed informace o produktu. Online objedn\u00e1vka je nav\u00edc pohodln\u00e1 a diskr\u00e9tn\u00ed. V\u00fdrobce \u010dasto poskytuje podrobn\u00e9 informace o slo\u017een\u00ed, d\u00e1vkov\u00e1n\u00ed a spr\u00e1vn\u00e9m u\u017e\u00edv\u00e1n\u00ed. P\u0159i n\u00e1kupu z neov\u011b\u0159en\u00fdch zdroj\u016f existuje riziko zakoupen\u00ed nekvalitn\u00edho nebo neorigin\u00e1ln\u00edho produktu. Proto je v\u017edy vhodn\u00e9 zkontrolovat ofici\u00e1ln\u00ed web v\u00fdrobce. Tento zp\u016fsob n\u00e1kupu je pova\u017eov\u00e1n za nejbezpe\u010dn\u011bj\u0161\u00ed a nejspolehliv\u011bj\u0161\u00ed variantu pro spot\u0159ebitele, kte\u0159\u00ed cht\u011bj\u00ed m\u00edt jistotu kvality a autenticity produktu.<\/p>\n<h2 data-start=\"7929\" data-end=\"7946\">V\u00fdhody u\u017e\u00edv\u00e1n\u00ed<\/h2>\n<p data-start=\"7948\" data-end=\"8262\">Hemoroxin nab\u00edz\u00ed \u0159adu potenci\u00e1ln\u00edch v\u00fdhod pro osoby, kter\u00e9 hledaj\u00ed p\u0159\u00edrodn\u00ed podporu p\u0159i nep\u0159\u00edjemn\u00fdch projevech hemoroid\u016f. D\u00edky komplexn\u00edmu slo\u017een\u00ed m\u016f\u017ee p\u0159isp\u011bt k celkov\u00e9 podpo\u0159e c\u00e9vn\u00edho syst\u00e9mu a komfortu. Produkt je navr\u017een s ohledem na modern\u00ed \u017eivotn\u00ed styl a pot\u0159ebu jednoduch\u00e9ho u\u017e\u00edv\u00e1n\u00ed bez slo\u017eit\u00fdch postup\u016f.<\/p>\n<p data-start=\"8264\" data-end=\"8298\"><strong data-start=\"8264\" data-end=\"8298\">Hlavn\u00ed v\u00fdhody mohou zahrnovat:<\/strong><\/p>\n<ul data-start=\"8299\" data-end=\"8441\">\n<li data-start=\"8299\" data-end=\"8330\">\n<p data-start=\"8301\" data-end=\"8330\">Podpora norm\u00e1ln\u00ed funkce c\u00e9v<\/p>\n<\/li>\n<li data-start=\"8331\" data-end=\"8351\">\n<p data-start=\"8333\" data-end=\"8351\">P\u0159\u00edrodn\u00ed slo\u017een\u00ed<\/p>\n<\/li>\n<li data-start=\"8352\" data-end=\"8377\">\n<p data-start=\"8354\" data-end=\"8377\">Snadn\u00e9 u\u017e\u00edv\u00e1n\u00ed kapsl\u00ed<\/p>\n<\/li>\n<li data-start=\"8378\" data-end=\"8410\">\n<p data-start=\"8380\" data-end=\"8410\">Mo\u017enost dlouhodob\u00e9ho u\u017e\u00edv\u00e1n\u00ed<\/p>\n<\/li>\n<li data-start=\"8411\" data-end=\"8441\">\n<p data-start=\"8413\" data-end=\"8441\">Podpora celkov\u00e9ho komfortu<\/p>\n<\/li>\n<\/ul>\n<p data-start=\"8443\" data-end=\"8741\">D\u016fle\u017eit\u00e9 je zd\u016fraznit, \u017ee dopln\u011bk stravy funguje nejl\u00e9pe jako sou\u010d\u00e1st zdrav\u00e9ho \u017eivotn\u00edho stylu. Pravideln\u00fd pohyb, dostate\u010dn\u00fd p\u0159\u00edjem tekutin a vyv\u00e1\u017een\u00e1 strava mohou \u00fa\u010dinek doplnit. Hemoroxin je proto vhodn\u00fd pro osoby, kter\u00e9 cht\u011bj\u00ed komplexn\u00ed p\u0159\u00edstup k p\u00e9\u010di o c\u00e9vn\u00ed syst\u00e9m a celkov\u00e9 pohodl\u00ed organismu.<\/p>\n","protected":false},"excerpt":{"rendered":"<p>Hemoroidy pat\u0159\u00ed mezi \u010dast\u00e9 zdravotn\u00ed pot\u00ed\u017ee, kter\u00e9 mohou v\u00fdrazn\u011b sn\u00ed\u017eit kvalitu ka\u017edodenn\u00edho \u017eivota. Nep\u0159\u00edjemn\u00e9 [&hellip;]<\/p>\n","protected":false},"featured_media":267,"comment_status":"open","ping_status":"closed","template":"","meta":[],"product_brand":[],"product_cat":[15],"product_tag":[],"class_list":{"0":"post-266","1":"product","2":"type-product","3":"status-publish","4":"has-post-thumbnail","6":"product_cat-prirodni","8":"first","9":"instock","10":"sale","11":"shipping-taxable","12":"product-type-external"},"aioseo_notices":[],"_links":{"self":[{"href":"https:\/\/medtempl.cz\/pharm\/wp-json\/wp\/v2\/product\/266","targetHints":{"allow":["GET"]}}],"collection":[{"href":"https:\/\/medtempl.cz\/pharm\/wp-json\/wp\/v2\/product"}],"about":[{"href":"https:\/\/medtempl.cz\/pharm\/wp-json\/wp\/v2\/types\/product"}],"replies":[{"embeddable":true,"href":"https:\/\/medtempl.cz\/pharm\/wp-json\/wp\/v2\/comments?post=266"}],"wp:featuredmedia":[{"embeddable":true,"href":"https:\/\/medtempl.cz\/pharm\/wp-json\/wp\/v2\/media\/267"}],"wp:attachment":[{"href":"https:\/\/medtempl.cz\/pharm\/wp-json\/wp\/v2\/media?parent=266"}],"wp:term":[{"taxonomy":"product_brand","embeddable":true,"href":"https:\/\/medtempl.cz\/pharm\/wp-json\/wp\/v2\/product_brand?post=266"},{"taxonomy":"product_cat","embeddable":true,"href":"https:\/\/medtempl.cz\/pharm\/wp-json\/wp\/v2\/product_cat?post=266"},{"taxonomy":"product_tag","embeddable":true,"href":"https:\/\/medtempl.cz\/pharm\/wp-json\/wp\/v2\/product_tag?post=266"}],"curies":[{"name":"wp","href":"https:\/\/api.w.org\/{rel}","templated":true}]}}