{"id":249,"date":"2026-02-09T13:29:44","date_gmt":"2026-02-09T13:29:44","guid":{"rendered":"https:\/\/medtempl.cz\/pharm\/?post_type=product&#038;p=249"},"modified":"2026-02-09T13:29:45","modified_gmt":"2026-02-09T13:29:45","slug":"depanten","status":"publish","type":"product","link":"https:\/\/medtempl.cz\/pharm\/product\/depanten\/","title":{"rendered":"Depanten"},"content":{"rendered":"<p class=\"font-claude-response-body break-words whitespace-normal leading-[1.7]\">Bolesti kloub\u016f p\u0159edstavuj\u00ed jeden z nej\u010dast\u011bj\u0161\u00edch zdravotn\u00edch probl\u00e9m\u016f, kter\u00fd postihuje miliony lid\u00ed v \u010cesk\u00e9 republice. A\u0165 u\u017e jde o d\u016fsledky sportovn\u00edch zran\u011bn\u00ed, p\u0159et\u00ed\u017een\u00ed p\u0159i pr\u00e1ci nebo degenerativn\u00ed zm\u011bny spojen\u00e9 s v\u011bkem, hled\u00e1n\u00ed \u00fa\u010dinn\u00e9 \u00falevy se st\u00e1v\u00e1 prioritou pro ka\u017ed\u00e9ho, kdo \u010del\u00ed t\u011bmto obt\u00ed\u017e\u00edm. Depanten gel nab\u00edz\u00ed komplexn\u00ed \u0159e\u0161en\u00ed pro ty, kte\u0159\u00ed hledaj\u00ed p\u0159\u00edrodn\u00ed cestu ke zm\u00edrn\u011bn\u00ed bolesti a zlep\u0161en\u00ed pohyblivosti kloub\u016f.<\/p>\n<h2 class=\"text-text-100 mt-3 -mb-1 text-[1.125rem] font-bold\">Depanten &#8211; stru\u010dn\u00fd popis<\/h2>\n<p class=\"font-claude-response-body break-words whitespace-normal leading-[1.7]\">Depanten p\u0159edstavuje modern\u00ed gel ur\u010den\u00fd k lok\u00e1ln\u00ed aplikaci na bolestiv\u00e9 klouby a svaly. Jedn\u00e1 se o produkt vyv\u00ednut\u00fd s ohledem na pot\u0159eby lid\u00ed trp\u00edc\u00edch r\u016fzn\u00fdmi formami kloubn\u00edch obt\u00ed\u017e\u00ed &#8211; od b\u011b\u017en\u00fdch bolest\u00ed zp\u016fsoben\u00fdch p\u0159et\u00ed\u017een\u00edm a\u017e po chronick\u00e9 stavy spojen\u00e9 s artritidou. Formulace gelu kombinuje tradi\u010dn\u00ed p\u0159\u00edrodn\u00ed ingredience zn\u00e1m\u00e9 sv\u00fdmi protiz\u00e1n\u011btliv\u00fdmi a analgetick\u00fdmi vlastnostmi s modern\u00edmi poznatky o p\u00e9\u010di o pohybov\u00fd apar\u00e1t.<\/p>\n<p class=\"font-claude-response-body break-words whitespace-normal leading-[1.7]\">Gel je ur\u010den pro dosp\u011bl\u00e9 osoby, kter\u00e9 poci\u0165uj\u00ed diskomfort v oblasti kloub\u016f, sval\u016f nebo \u0161lach. D\u00edky sv\u00e9 speci\u00e1ln\u00ed konzistenci se snadno rozt\u00edr\u00e1 po k\u016f\u017ei a rychle se vst\u0159eb\u00e1v\u00e1, co\u017e umo\u017e\u0148uje aktivn\u00edm l\u00e1tk\u00e1m proniknout k posti\u017een\u00fdm m\u00edst\u016fm. Produkt je navr\u017een tak, aby poskytoval jak okam\u017eitou \u00falevu d\u00edky chladiv\u00e9mu efektu, tak dlouhodob\u011bj\u0161\u00ed podporu d\u00edky protiz\u00e1n\u011btliv\u00fdm slo\u017ek\u00e1m.<\/p>\n<h2 class=\"text-text-100 mt-3 -mb-1 text-[1.125rem] font-bold\">Slo\u017een\u00ed a \u00fa\u010dinky Depanten<\/h2>\n<p class=\"font-claude-response-body break-words whitespace-normal leading-[1.7]\">\u00da\u010dinnost Depanten gelu spo\u010d\u00edv\u00e1 v pe\u010dliv\u011b vyv\u00e1\u017een\u00e9 kombinaci p\u0159\u00edrodn\u00edch extrakt\u016f a \u00e9terick\u00fdch olej\u016f, z nich\u017e ka\u017ed\u00fd p\u0159isp\u00edv\u00e1 specifick\u00fdmi vlastnostmi k celkov\u00e9mu terapeutick\u00e9mu efektu:<\/p>\n<p class=\"font-claude-response-body break-words whitespace-normal leading-[1.7]\"><strong>Extrakt arnika montana<\/strong><\/p>\n<ul class=\"[li_&amp;]:mb-0 [li_&amp;]:mt-1 [li_&amp;]:gap-1 [&amp;:not(:last-child)_ul]:pb-1 [&amp;:not(:last-child)_ol]:pb-1 list-disc flex flex-col gap-1 pl-8 mb-3\">\n<li class=\"whitespace-normal break-words pl-2\">Poskytuje v\u00fdrazn\u00e9 protiz\u00e1n\u011btliv\u00e9 vlastnosti<\/li>\n<li class=\"whitespace-normal break-words pl-2\">P\u016fsob\u00ed antiekchymoticky, \u010d\u00edm\u017e pom\u00e1h\u00e1 sni\u017eovat otoky a mod\u0159iny<\/li>\n<li class=\"whitespace-normal break-words pl-2\">Vykazuje analgetick\u00fd \u00fa\u010dinek zm\u00edr\u0148uj\u00edc\u00ed bolest<\/li>\n<li class=\"whitespace-normal break-words pl-2\">M\u00e1 antiseptick\u00e9 vlastnosti chr\u00e1n\u00edc\u00ed poko\u017eku p\u0159ed infekcemi<\/li>\n<li class=\"whitespace-normal break-words pl-2\">Podporuje vazoprotektivn\u00ed funkce pro zdrav\u00ed c\u00e9vn\u00edho syst\u00e9mu<\/li>\n<\/ul>\n<p class=\"font-claude-response-body break-words whitespace-normal leading-[1.7]\"><strong>Kafrov\u00fd olej<\/strong><\/p>\n<ul class=\"[li_&amp;]:mb-0 [li_&amp;]:mt-1 [li_&amp;]:gap-1 [&amp;:not(:last-child)_ul]:pb-1 [&amp;:not(:last-child)_ol]:pb-1 list-disc flex flex-col gap-1 pl-8 mb-3\">\n<li class=\"whitespace-normal break-words pl-2\">\u00da\u010dinn\u011b zm\u00edr\u0148uje bolesti kloub\u016f r\u016fzn\u00e9ho p\u016fvodu<\/li>\n<li class=\"whitespace-normal break-words pl-2\">Vyu\u017e\u00edv\u00e1 se p\u0159i l\u00e9\u010db\u011b revmatoidn\u00ed artritidy<\/li>\n<li class=\"whitespace-normal break-words pl-2\">Pom\u00e1h\u00e1 p\u0159i z\u00e1n\u011btech sval\u016f a \u0161lach<\/li>\n<li class=\"whitespace-normal break-words pl-2\">P\u0159in\u00e1\u0161\u00ed \u00falevu p\u0159i neuralgick\u00fdch bolestech<\/li>\n<li class=\"whitespace-normal break-words pl-2\">Podporuje prokrven\u00ed posti\u017een\u00e9 oblasti<\/li>\n<\/ul>\n<p class=\"font-claude-response-body break-words whitespace-normal leading-[1.7]\"><strong>Mentol<\/strong><\/p>\n<ul class=\"[li_&amp;]:mb-0 [li_&amp;]:mt-1 [li_&amp;]:gap-1 [&amp;:not(:last-child)_ul]:pb-1 [&amp;:not(:last-child)_ol]:pb-1 list-disc flex flex-col gap-1 pl-8 mb-3\">\n<li class=\"whitespace-normal break-words pl-2\">Vytv\u00e1\u0159\u00ed p\u0159\u00edjemn\u00fd chladiv\u00fd pocit na poko\u017ece<\/li>\n<li class=\"whitespace-normal break-words pl-2\">Poskytuje lok\u00e1ln\u011b anestetick\u00fd \u00fa\u010dinek<\/li>\n<li class=\"whitespace-normal break-words pl-2\">Vykazuje m\u00edrnou antiseptickou aktivitu<\/li>\n<li class=\"whitespace-normal break-words pl-2\">Pom\u00e1h\u00e1 rozptylovat pozornost od bolesti<\/li>\n<li class=\"whitespace-normal break-words pl-2\">Uvol\u0148uje svalov\u00e9 nap\u011bt\u00ed<\/li>\n<\/ul>\n<p class=\"font-claude-response-body break-words whitespace-normal leading-[1.7]\"><strong>Esenci\u00e1ln\u00ed olej eukalyptus<\/strong><\/p>\n<ul class=\"[li_&amp;]:mb-0 [li_&amp;]:mt-1 [li_&amp;]:gap-1 [&amp;:not(:last-child)_ul]:pb-1 [&amp;:not(:last-child)_ol]:pb-1 list-disc flex flex-col gap-1 pl-8 mb-3\">\n<li class=\"whitespace-normal break-words pl-2\">Obsahuje cineol s v\u00fdrazn\u00fdmi antiseptick\u00fdmi vlastnostmi<\/li>\n<li class=\"whitespace-normal break-words pl-2\">P\u016fsob\u00ed protiz\u00e1n\u011btliv\u011b v posti\u017een\u00e9 oblasti<\/li>\n<li class=\"whitespace-normal break-words pl-2\">Brzd\u00ed r\u016fst bakteri\u00ed na poko\u017ece<\/li>\n<li class=\"whitespace-normal break-words pl-2\">Vytv\u00e1\u0159\u00ed osv\u011b\u017euj\u00edc\u00ed chladiv\u00fd efekt<\/li>\n<li class=\"whitespace-normal break-words pl-2\">Podporuje regeneraci k\u016f\u017ee a sliznic<\/li>\n<\/ul>\n<p class=\"font-claude-response-body break-words whitespace-normal leading-[1.7]\">Tato synergick\u00e1 kombinace ingredienc\u00ed zaji\u0161\u0165uje, \u017ee Depanten p\u016fsob\u00ed na n\u011bkolika \u00farovn\u00edch sou\u010dasn\u011b &#8211; zm\u00edr\u0148uje bolest, redukuje z\u00e1n\u011bt, podporuje hojen\u00ed a poskytuje okam\u017eit\u00fd komfort d\u00edky chladiv\u00e9mu efektu.<\/p>\n<h2 class=\"text-text-100 mt-3 -mb-1 text-[1.125rem] font-bold\">V\u00fdsledky Depanten<\/h2>\n<p class=\"font-claude-response-body break-words whitespace-normal leading-[1.7]\">Pravideln\u00e9 pou\u017e\u00edv\u00e1n\u00ed Depanten gelu p\u0159in\u00e1\u0161\u00ed \u0159adu pozitivn\u00edch v\u00fdsledk\u016f, kter\u00e9 u\u017eivatel\u00e9 obvykle za\u010d\u00ednaj\u00ed poci\u0165ovat ji\u017e po n\u011bkolika aplikac\u00edch. Chladiv\u00fd efekt mentolu a eukalyptov\u00e9ho oleje poskytuje okam\u017eitou \u00falevu, zat\u00edmco protiz\u00e1n\u011btliv\u00e9 slo\u017eky jako arnika a kafr pracuj\u00ed na dlouhodob\u011bj\u0161\u00edm zlep\u0161en\u00ed stavu kloub\u016f.<\/p>\n<p class=\"font-claude-response-body break-words whitespace-normal leading-[1.7]\">Mnoho u\u017eivatel\u016f hl\u00e1s\u00ed v\u00fdznamn\u00e9 sn\u00ed\u017een\u00ed bolesti ji\u017e b\u011bhem prvn\u00edho t\u00fddne pou\u017e\u00edv\u00e1n\u00ed. Gel pom\u00e1h\u00e1 obnovit pohyblivost kloub\u016f, co\u017e umo\u017e\u0148uje n\u00e1vrat k b\u011b\u017en\u00fdm denn\u00edm aktivit\u00e1m bez omezen\u00ed. Protiz\u00e1n\u011btliv\u00e9 vlastnosti p\u0159isp\u00edvaj\u00ed ke sn\u00ed\u017een\u00ed otoku a zarudnut\u00ed v posti\u017een\u00fdch oblastech, co\u017e vede k celkov\u00e9mu zlep\u0161en\u00ed komfortu.<\/p>\n<p class=\"font-claude-response-body break-words whitespace-normal leading-[1.7]\">P\u0159i dlouhodob\u00e9m pou\u017e\u00edv\u00e1n\u00ed se projevuj\u00ed dal\u0161\u00ed p\u0159\u00edzniv\u00e9 \u00fa\u010dinky. Klouby se st\u00e1vaj\u00ed pru\u017en\u011bj\u0161\u00edmi, regenerace po fyzick\u00e9 z\u00e1t\u011b\u017ei je rychlej\u0161\u00ed a celkov\u00e1 kvalita \u017eivota se v\u00fdrazn\u011b zlep\u0161uje. Produkt je zvl\u00e1\u0161t\u011b oce\u0148ov\u00e1n sportovci a aktivn\u00edmi lidmi, kte\u0159\u00ed pot\u0159ebuj\u00ed spolehlivou podporu pro sv\u00e9 klouby p\u0159i n\u00e1ro\u010dn\u00fdch aktivit\u00e1ch.<\/p>\n<h2 class=\"text-text-100 mt-3 -mb-1 text-[1.125rem] font-bold\">Recenze u\u017eivatel\u016f Depanten<\/h2>\n<p class=\"font-claude-response-body break-words whitespace-normal leading-[1.7]\">V\u011bt\u0161ina recenz\u00ed na Depanten gel je pozitivn\u00edch, p\u0159i\u010dem\u017e u\u017eivatel\u00e9 vyzdvihuj\u00ed p\u0159edev\u0161\u00edm rychl\u00fd n\u00e1stup \u00falevy a p\u0159\u00edjemnou texturu produktu. Lid\u00e9 oce\u0148uj\u00ed p\u0159\u00edrodn\u00ed slo\u017een\u00ed a absenci nep\u0159\u00edjemn\u00e9ho z\u00e1pachu, kter\u00fd je typick\u00fd pro n\u011bkter\u00e9 podobn\u00e9 p\u0159\u00edpravky.<\/p>\n<blockquote>\n<p class=\"font-claude-response-body break-words whitespace-normal leading-[1.7]\"><strong>Jana Nov\u00e1kov\u00e1, 52 let:<\/strong>\u00a0<em>&#8222;S Depanten jsem za\u010dala kv\u016fli bolestem kolen, kter\u00e9 m\u011b tr\u00e1pily hlavn\u011b po del\u0161\u00ed ch\u016fzi. Mus\u00edm \u0159\u00edct, \u017ee jsem byla mile p\u0159ekvapena t\u00edm, jak rychle gel za\u00fa\u010dinkoval. U\u017e po prvn\u00edm pou\u017eit\u00ed jsem poc\u00edtila p\u0159\u00edjemn\u00fd chladiv\u00fd efekt a bolest se zm\u00edrnila. Po t\u0159ech t\u00fddnech pravideln\u00e9ho pou\u017e\u00edv\u00e1n\u00ed mohu norm\u00e1ln\u011b chodit na proch\u00e1zky bez obav. Konzistence gelu je p\u0159\u00edjemn\u00e1, rychle se vst\u0159eb\u00e1v\u00e1 a nezanech\u00e1v\u00e1 mastn\u00fd film. Ur\u010dit\u011b doporu\u010duji v\u0161em, kdo maj\u00ed podobn\u00e9 probl\u00e9my.&#8220;<\/em><\/p>\n<p class=\"font-claude-response-body break-words whitespace-normal leading-[1.7]\"><strong>Petr Dvo\u0159\u00e1k, 45 let:<\/strong>\u00a0<em>&#8222;Jako aktivn\u00ed sportovec jsem vyzkou\u0161el mnoho p\u0159\u00edpravk\u016f na klouby, ale Depanten m\u011b opravdu zaujal. Pou\u017e\u00edv\u00e1m ho zejm\u00e9na na ramena a kolena po n\u00e1ro\u010dn\u00fdch tr\u00e9ninc\u00edch. Gel funguje skv\u011ble &#8211; zm\u00edr\u0148uje bolest a urychluje regeneraci. L\u00edb\u00ed se mi p\u0159\u00edrodn\u00ed slo\u017een\u00ed a to, \u017ee neobsahuje chemick\u00e9 p\u0159\u00edsady. Po m\u011bs\u00edci pou\u017e\u00edv\u00e1n\u00ed c\u00edt\u00edm v\u00fdrazn\u00e9 zlep\u0161en\u00ed pohyblivosti a m\u016f\u017eu tr\u00e9novat intenzivn\u011bji. Je to m\u016fj st\u00e1l\u00fd pomocn\u00edk v ta\u0161ce.&#8220;<\/em><\/p>\n<\/blockquote>\n<h2 class=\"text-text-100 mt-3 -mb-1 text-[1.125rem] font-bold\">Mo\u017en\u00e9 ne\u017e\u00e1douc\u00ed \u00fa\u010dinky<\/h2>\n<p class=\"font-claude-response-body break-words whitespace-normal leading-[1.7]\">Depanten gel je obecn\u011b velmi dob\u0159e sn\u00e1\u0161en d\u00edky sv\u00e9mu p\u0159\u00edrodn\u00edmu slo\u017een\u00ed. V\u011bt\u0161ina u\u017eivatel\u016f nehl\u00e1s\u00ed \u017e\u00e1dn\u00e9 ne\u017e\u00e1douc\u00ed \u00fa\u010dinky p\u0159i spr\u00e1vn\u00e9m pou\u017eit\u00ed produktu. Nicm\u00e9n\u011b jako u ka\u017ed\u00e9ho topick\u00e9ho p\u0159\u00edpravku existuje mo\u017enost individu\u00e1ln\u00ed reakce organismu.<\/p>\n<p class=\"font-claude-response-body break-words whitespace-normal leading-[1.7]\">U citliv\u00fdch osob se m\u016f\u017ee ojedin\u011ble vyskytnout m\u00edrn\u00e9 podr\u00e1\u017ed\u011bn\u00ed k\u016f\u017ee, zarudnut\u00ed nebo sv\u011bd\u011bn\u00ed v m\u00edst\u011b aplikace. Tyto reakce jsou obvykle m\u00edrn\u00e9 a p\u0159echodn\u00e9. Pokud se objev\u00ed jak\u00e9koli neobvykl\u00e9 p\u0159\u00edznaky nebo alergick\u00e1 reakce, je nutn\u00e9 okam\u017eit\u011b p\u0159eru\u0161it pou\u017e\u00edv\u00e1n\u00ed a poko\u017eku om\u00fdt vodou.<\/p>\n<p class=\"font-claude-response-body break-words whitespace-normal leading-[1.7]\">Mentol a eukalyptov\u00fd olej mohou u n\u011bkter\u00fdch lid\u00ed vyvolat pocit p\u0159\u00edli\u0161n\u00e9ho chladu nebo p\u00e1len\u00ed. V p\u0159\u00edpad\u011b, \u017ee tyto pocity p\u0159etrv\u00e1vaj\u00ed nebo se zhor\u0161uj\u00ed, doporu\u010duje se gel nepou\u017e\u00edvat. Je d\u016fle\u017eit\u00e9 vyhnout se kontaktu s o\u010dima a sliznicemi, proto\u017ee aktivn\u00ed slo\u017eky mohou zp\u016fsobit podr\u00e1\u017ed\u011bn\u00ed.<\/p>\n<h2 class=\"text-text-100 mt-3 -mb-1 text-[1.125rem] font-bold\">Bezpe\u010dnostn\u00ed opat\u0159en\u00ed<\/h2>\n<p class=\"font-claude-response-body break-words whitespace-normal leading-[1.7]\">P\u0159ed pou\u017eit\u00edm Depanten gelu je vhodn\u00e9 prov\u00e9st test citlivosti &#8211; aplikujte mal\u00e9 mno\u017estv\u00ed produktu na malou plochu k\u016f\u017ee a vy\u010dkejte 24 hodin, zda se neobjev\u00ed alergick\u00e1 reakce. Toto opat\u0159en\u00ed je obzvl\u00e1\u0161t\u011b d\u016fle\u017eit\u00e9 pro osoby se sklony k alergi\u00edm nebo citlivou poko\u017ekou.<\/p>\n<p class=\"font-claude-response-body break-words whitespace-normal leading-[1.7]\">Gel je ur\u010den pouze k zevn\u00edmu pou\u017eit\u00ed a nesm\u00ed se po\u017e\u00edvat. Uchov\u00e1vejte mimo dosah d\u011bt\u00ed. Aplikujte pouze na neporu\u0161enou poko\u017eku &#8211; nepou\u017e\u00edvejte na otev\u0159en\u00e9 r\u00e1ny, pop\u00e1leniny nebo ekzematickou poko\u017eku. Po aplikaci si d\u016fkladn\u011b umyjte ruce, abyste zabr\u00e1nili n\u00e1hodn\u00e9mu kontaktu s o\u010dima nebo sliznicemi.<\/p>\n<p class=\"font-claude-response-body break-words whitespace-normal leading-[1.7]\">T\u011bhotn\u00e9 a koj\u00edc\u00ed \u017eeny by m\u011bly p\u0159ed pou\u017eit\u00edm konzultovat aplikaci s l\u00e9ka\u0159em, a\u010dkoli p\u0159\u00edrodn\u00ed slo\u017een\u00ed produktu nep\u0159edstavuje z\u00e1sadn\u00ed riziko. Pokud u\u017e\u00edv\u00e1te jin\u00e9 l\u00e9ky nebo trp\u00edte chronick\u00fdm onemocn\u011bn\u00edm, je vhodn\u00e9 poradit se s odborn\u00edkem o mo\u017en\u00fdch interakc\u00edch.<\/p>\n<p class=\"font-claude-response-body break-words whitespace-normal leading-[1.7]\">Produkt skladujte v suchu p\u0159i pokojov\u00e9 teplot\u011b, chra\u0148te p\u0159ed p\u0159\u00edm\u00fdm slune\u010dn\u00edm z\u00e1\u0159en\u00edm. Dbejte na dobu pou\u017eitelnosti uvedenou na obalu.<\/p>\n<h2 class=\"text-text-100 mt-3 -mb-1 text-[1.125rem] font-bold\">N\u00e1vod k pou\u017eit\u00ed<\/h2>\n<p class=\"font-claude-response-body break-words whitespace-normal leading-[1.7]\">Pro dosa\u017een\u00ed optim\u00e1ln\u00edch v\u00fdsledk\u016f je d\u016fle\u017eit\u00e9 Depanten gel aplikovat spr\u00e1vn\u011b a pravideln\u011b. P\u0159ed aplikac\u00ed zajist\u011bte, aby poko\u017eka v posti\u017een\u00e9 oblasti byla \u010dist\u00e1 a such\u00e1. Odstra\u0148te p\u0159\u00edpadn\u00e9 ne\u010distoty nebo zbytky jin\u00fdch p\u0159\u00edpravk\u016f.<\/p>\n<p class=\"font-claude-response-body break-words whitespace-normal leading-[1.7]\"><strong>Doporu\u010den\u00e9 d\u00e1vkov\u00e1n\u00ed:<\/strong><\/p>\n<ul class=\"[li_&amp;]:mb-0 [li_&amp;]:mt-1 [li_&amp;]:gap-1 [&amp;:not(:last-child)_ul]:pb-1 [&amp;:not(:last-child)_ol]:pb-1 list-disc flex flex-col gap-1 pl-8 mb-3\">\n<li class=\"whitespace-normal break-words pl-2\">Naneste mal\u00e9 mno\u017estv\u00ed gelu (p\u0159ibli\u017en\u011b velikosti l\u00edskov\u00e9ho o\u0159\u00ed\u0161ku) na posti\u017eenou oblast<\/li>\n<li class=\"whitespace-normal break-words pl-2\">Jemn\u011b vmas\u00edrujte krou\u017eiv\u00fdmi pohyby, dokud se gel zcela nevst\u0159eb\u00e1<\/li>\n<li class=\"whitespace-normal break-words pl-2\">Aplikujte 2-3\u00d7 denn\u011b podle intenzity obt\u00ed\u017e\u00ed<\/li>\n<li class=\"whitespace-normal break-words pl-2\">Pro akutn\u00ed bolest m\u016f\u017eete aplikovat a\u017e 4\u00d7 denn\u011b<\/li>\n<li class=\"whitespace-normal break-words pl-2\">Pou\u017e\u00edvejte pravideln\u011b po dobu minim\u00e1ln\u011b 3-4 t\u00fddn\u016f pro dosa\u017een\u00ed trval\u00fdch v\u00fdsledk\u016f<\/li>\n<\/ul>\n<p class=\"font-claude-response-body break-words whitespace-normal leading-[1.7]\">Nejlep\u0161\u00edch v\u00fdsledk\u016f dos\u00e1hnete p\u0159i aplikaci po tepl\u00e9 koupeli nebo spr\u0161e, kdy jsou p\u00f3ry otev\u0159en\u00e9 a vst\u0159eb\u00e1v\u00e1n\u00ed aktivn\u00edch l\u00e1tek je efektivn\u011bj\u0161\u00ed. Gel lze pou\u017e\u00edvat i preventivn\u011b p\u0159ed fyzickou aktivitou nebo po n\u00e1ro\u010dn\u00e9m dni. Pro sportovce je vhodn\u00e1 aplikace jak p\u0159ed tr\u00e9ninkem, tak po n\u011bm.<\/p>\n<p class=\"font-claude-response-body break-words whitespace-normal leading-[1.7]\">Pokud po 4 t\u00fddnech pravideln\u00e9ho pou\u017e\u00edv\u00e1n\u00ed nedoch\u00e1z\u00ed k v\u00fdrazn\u00e9mu zlep\u0161en\u00ed, doporu\u010duje se konzultovat stav s l\u00e9ka\u0159em, kter\u00fd m\u016f\u017ee vylou\u010dit z\u00e1va\u017en\u011bj\u0161\u00ed zdravotn\u00ed probl\u00e9my vy\u017eaduj\u00edc\u00ed odbornou l\u00e9\u010dbu.<\/p>\n<h2 class=\"text-text-100 mt-3 -mb-1 text-[1.125rem] font-bold\">Cena v \u010cesk\u00e9 republice<\/h2>\n<p class=\"font-claude-response-body break-words whitespace-normal leading-[1.7]\">Investice do zdrav\u00ed kloub\u016f je investic\u00ed do kvality \u017eivota. Aktu\u00e1ln\u00ed cena Depanten gelu se m\u016f\u017ee li\u0161it v z\u00e1vislosti na prob\u00edhaj\u00edc\u00edch akc\u00edch a slev\u00e1ch, kter\u00e9 v\u00fdrobce pravideln\u011b nab\u00edz\u00ed. Pro z\u00edsk\u00e1n\u00ed nejp\u0159esn\u011bj\u0161\u00edch informac\u00ed o cen\u011b a p\u0159\u00edpadn\u00fdch zv\u00fdhodn\u011bn\u00fdch nab\u00eddk\u00e1ch doporu\u010dujeme nav\u0161t\u00edvit ofici\u00e1ln\u00ed webov\u00e9 str\u00e1nky v\u00fdrobce.<\/p>\n<p class=\"font-claude-response-body break-words whitespace-normal leading-[1.7]\">P\u0159i zva\u017eov\u00e1n\u00ed ceny je d\u016fle\u017eit\u00e9 vz\u00edt v \u00favahu, \u017ee jedna tuba gelu vydr\u017e\u00ed p\u0159i pravideln\u00e9m pou\u017e\u00edv\u00e1n\u00ed n\u011bkolik t\u00fddn\u016f. Mnoho u\u017eivatel\u016f pova\u017euje investici za opodstatn\u011bnou vzhledem k rychl\u00fdm a dlouhodob\u00fdm v\u00fdsledk\u016fm, kter\u00e9 produkt p\u0159in\u00e1\u0161\u00ed. V\u00fdrobce \u010dasto nab\u00edz\u00ed bal\u00ed\u010dky s mno\u017estevn\u00ed slevou, co\u017e m\u016f\u017ee b\u00fdt v\u00fdhodn\u00e9 pro dlouhodob\u00e9 u\u017eivatele.<\/p>\n<h2 class=\"text-text-100 mt-3 -mb-1 text-[1.125rem] font-bold\">Kde koupit Depanten?<\/h2>\n<p class=\"font-claude-response-body break-words whitespace-normal leading-[1.7]\">Pro zaji\u0161t\u011bn\u00ed autenticity a kvality produktu doporu\u010dujeme zakoupit Depanten gel v\u00fdhradn\u011b na ofici\u00e1ln\u00edch webov\u00fdch str\u00e1nk\u00e1ch v\u00fdrobce. Tento p\u0159\u00edm\u00fd n\u00e1kupn\u00ed kan\u00e1l garantuje, \u017ee obdr\u017e\u00edte origin\u00e1ln\u00ed produkt s plnou \u00fa\u010dinnost\u00ed aktivn\u00edch slo\u017eek a platnou z\u00e1rukou.<\/p>\n<p class=\"font-claude-response-body break-words whitespace-normal leading-[1.7]\">Produkt nen\u00ed dostupn\u00fd v kamenn\u00fdch l\u00e9k\u00e1rn\u00e1ch ani v b\u011b\u017en\u00fdch prodejn\u00e1ch s dopl\u0148ky stravy. Toto obchodn\u00ed uspo\u0159\u00e1d\u00e1n\u00ed umo\u017e\u0148uje v\u00fdrobci udr\u017eovat p\u0159\u00edm\u00fd kontakt se z\u00e1kazn\u00edky, zaji\u0161\u0165ovat konzistentn\u00ed kvalitu a nab\u00edzet lep\u0161\u00ed cenov\u00e9 podm\u00ednky d\u00edky eliminaci zprost\u0159edkovatel\u016f.<\/p>\n<p class=\"font-claude-response-body break-words whitespace-normal leading-[1.7]\">Objedn\u00e1vka na ofici\u00e1ln\u00edm webu je jednoduch\u00e1 a bezpe\u010dn\u00e1. Vypln\u00edte z\u00e1kladn\u00ed \u00fadaje, vyberete po\u010det balen\u00ed a zp\u016fsob platby. V\u00fdrobce zaji\u0161\u0165uje diskr\u00e9tn\u00ed doru\u010den\u00ed p\u0159\u00edmo k v\u00e1m dom\u016f. Z\u00e1kaznick\u00fd servis je k dispozici pro p\u0159\u00edpadn\u00e9 dotazy ohledn\u011b produktu nebo objedn\u00e1vky.<\/p>\n<p class=\"font-claude-response-body break-words whitespace-normal leading-[1.7]\">Varujte se n\u00e1kupu na neov\u011b\u0159en\u00fdch internetov\u00fdch platform\u00e1ch nebo od neautorizovan\u00fdch prodejc\u016f, kde hroz\u00ed riziko pad\u011blk\u016f nebo produkt\u016f s pro\u0161lou z\u00e1ru\u010dn\u00ed dobou.<\/p>\n<h2 class=\"text-text-100 mt-3 -mb-1 text-[1.125rem] font-bold\">V\u00fdhody u\u017e\u00edv\u00e1n\u00ed<\/h2>\n<p class=\"font-claude-response-body break-words whitespace-normal leading-[1.7]\">Pravideln\u00e9 pou\u017e\u00edv\u00e1n\u00ed Depanten gelu p\u0159in\u00e1\u0161\u00ed komplexn\u00ed podporu pro zdrav\u00ed kloub\u016f a celkov\u011b zlep\u0161uje kvalitu \u017eivota. Mezi hlavn\u00ed benefity pat\u0159\u00ed rychl\u00e1 \u00faleva od bolesti, kter\u00e1 umo\u017e\u0148uje n\u00e1vrat k obl\u00edben\u00fdm aktivit\u00e1m bez omezen\u00ed. P\u0159\u00edrodn\u00ed slo\u017een\u00ed minimalizuje riziko ne\u017e\u00e1douc\u00edch \u00fa\u010dink\u016f, kter\u00e9 jsou \u010dasto spojeny se syntetick\u00fdmi p\u0159\u00edpravky.<\/p>\n<p class=\"font-claude-response-body break-words whitespace-normal leading-[1.7]\">Gel poskytuje jak okam\u017eit\u00fd efekt d\u00edky chladiv\u00fdm slo\u017ek\u00e1m, tak dlouhodobou podporu prost\u0159ednictv\u00edm protiz\u00e1n\u011btliv\u00fdch ingredienc\u00ed. Tato dvoj\u00ed akce zaji\u0161\u0165uje nejen symptomatickou \u00falevu, ale i podporu regenerace kloubn\u00edch struktur. U\u017eivatel\u00e9 oce\u0148uj\u00ed snadnou aplikaci, rychl\u00e9 vst\u0159eb\u00e1v\u00e1n\u00ed a nep\u0159\u00edtomnost nep\u0159\u00edjemn\u00e9ho z\u00e1pachu.<\/p>\n<p class=\"font-claude-response-body break-words whitespace-normal leading-[1.7]\">Depanten je vhodn\u00fd pro \u0161irok\u00e9 spektrum u\u017eivatel\u016f &#8211; od senior\u016f s degenerativn\u00edmi zm\u011bnami kloub\u016f a\u017e po aktivn\u00ed sportovce hledaj\u00edc\u00ed podporu regenerace. Produkt m\u016f\u017ee b\u00fdt pou\u017e\u00edv\u00e1n dlouhodob\u011b bez rizika z\u00e1vislosti nebo sn\u00ed\u017een\u00ed \u00fa\u010dinnosti. Pravideln\u00e1 aplikace podporuje pohyblivost, flexibility a celkovou kondici pohybov\u00e9ho apar\u00e1tu, co\u017e p\u0159isp\u00edv\u00e1 k aktivn\u00edmu a plnohodnotn\u00e9mu \u017eivotu v ka\u017ed\u00e9m v\u011bku.<\/p>\n","protected":false},"excerpt":{"rendered":"<p>Bolesti kloub\u016f p\u0159edstavuj\u00ed jeden z nej\u010dast\u011bj\u0161\u00edch zdravotn\u00edch probl\u00e9m\u016f, kter\u00fd postihuje miliony lid\u00ed v \u010cesk\u00e9 [&hellip;]<\/p>\n","protected":false},"featured_media":250,"comment_status":"open","ping_status":"closed","template":"","meta":[],"product_brand":[],"product_cat":[15],"product_tag":[],"class_list":{"0":"post-249","1":"product","2":"type-product","3":"status-publish","4":"has-post-thumbnail","6":"product_cat-prirodni","8":"first","9":"instock","10":"sale","11":"shipping-taxable","12":"product-type-external"},"aioseo_notices":[],"_links":{"self":[{"href":"https:\/\/medtempl.cz\/pharm\/wp-json\/wp\/v2\/product\/249","targetHints":{"allow":["GET"]}}],"collection":[{"href":"https:\/\/medtempl.cz\/pharm\/wp-json\/wp\/v2\/product"}],"about":[{"href":"https:\/\/medtempl.cz\/pharm\/wp-json\/wp\/v2\/types\/product"}],"replies":[{"embeddable":true,"href":"https:\/\/medtempl.cz\/pharm\/wp-json\/wp\/v2\/comments?post=249"}],"wp:featuredmedia":[{"embeddable":true,"href":"https:\/\/medtempl.cz\/pharm\/wp-json\/wp\/v2\/media\/250"}],"wp:attachment":[{"href":"https:\/\/medtempl.cz\/pharm\/wp-json\/wp\/v2\/media?parent=249"}],"wp:term":[{"taxonomy":"product_brand","embeddable":true,"href":"https:\/\/medtempl.cz\/pharm\/wp-json\/wp\/v2\/product_brand?post=249"},{"taxonomy":"product_cat","embeddable":true,"href":"https:\/\/medtempl.cz\/pharm\/wp-json\/wp\/v2\/product_cat?post=249"},{"taxonomy":"product_tag","embeddable":true,"href":"https:\/\/medtempl.cz\/pharm\/wp-json\/wp\/v2\/product_tag?post=249"}],"curies":[{"name":"wp","href":"https:\/\/api.w.org\/{rel}","templated":true}]}}