{"id":222,"date":"2026-02-08T11:09:13","date_gmt":"2026-02-08T11:09:13","guid":{"rendered":"https:\/\/medtempl.cz\/pharm\/?post_type=product&#038;p=222"},"modified":"2026-02-08T11:09:14","modified_gmt":"2026-02-08T11:09:14","slug":"osteomed","status":"publish","type":"product","link":"https:\/\/medtempl.cz\/pharm\/product\/osteomed\/","title":{"rendered":"Osteomed"},"content":{"rendered":"<p class=\"font-claude-response-body break-words whitespace-normal leading-[1.7]\">Bolest kloub\u016f v\u00fdrazn\u011b sni\u017euje kvalitu \u017eivota a omezuje ka\u017edodenn\u00ed aktivity. Pokud hled\u00e1te \u00fa\u010dinn\u00e9 \u0159e\u0161en\u00ed pro zm\u00edrn\u011bn\u00ed kloubn\u00edch pot\u00ed\u017e\u00ed, Osteomed kr\u00e9m m\u016f\u017ee b\u00fdt odpov\u011bd\u00ed na va\u0161e probl\u00e9my. Tento p\u0159\u00edrodn\u00ed gel kombinuje s\u00edlu rostlinn\u00fdch extrakt\u016f s osv\u011bd\u010den\u00fdmi aktivn\u00edmi slo\u017ekami pro komplexn\u00ed p\u00e9\u010di o klouby a svaly.<\/p>\n<h2 class=\"text-text-100 mt-3 -mb-1 text-[1.125rem] font-bold\">Osteomed &#8211; stru\u010dn\u00fd popis<\/h2>\n<p class=\"font-claude-response-body break-words whitespace-normal leading-[1.7]\">Osteomed je speci\u00e1ln\u011b vyvinut\u00fd kr\u00e9m ur\u010den\u00fd pro vn\u011bj\u0161\u00ed aplikaci na klouby a svalov\u00e9 partie. Produkt byl navr\u017een pro lidi trp\u00edc\u00ed artritidou, artr\u00f3zou, revmatismem nebo sportovn\u00edmi \u00farazy. Gel rychle pronik\u00e1 k\u016f\u017e\u00ed a p\u016fsob\u00ed p\u0159\u00edmo v posti\u017een\u00e9 oblasti, kde pom\u00e1h\u00e1 zm\u00edrnit bolest, sni\u017euje z\u00e1n\u011bt a podporuje regeneraci chrupavky.<\/p>\n<p class=\"font-claude-response-body break-words whitespace-normal leading-[1.7]\">P\u0159\u00edpravek kombinuje tradi\u010dn\u00ed l\u00e9\u010div\u00e9 rostliny s modern\u00edmi poznatky o p\u00e9\u010di o pohybov\u00fd apar\u00e1t. D\u00edky sv\u00e9 p\u0159\u00edrodn\u00ed formulaci je vhodn\u00fd pro dlouhodob\u00e9 pou\u017eit\u00ed a p\u0159edstavuje bezpe\u010dnou alternativu k chemick\u00fdm analgetik\u016fm. Osteomed nezat\u011b\u017euje organizmus ne\u017e\u00e1douc\u00edmi l\u00e1tkami a zam\u011b\u0159uje se na odstran\u011bn\u00ed p\u0159\u00ed\u010din probl\u00e9m\u016f, nikoli pouze na maskov\u00e1n\u00ed p\u0159\u00edznak\u016f.<\/p>\n<h2 class=\"text-text-100 mt-3 -mb-1 text-[1.125rem] font-bold\">Slo\u017een\u00ed a \u00fa\u010dinky Osteomed<\/h2>\n<p class=\"font-claude-response-body break-words whitespace-normal leading-[1.7]\">\u00da\u010dinnost p\u0159\u00edpravku Osteomed spo\u010d\u00edv\u00e1 v pe\u010dliv\u011b vyv\u00e1\u017een\u00e9 kombinaci aktivn\u00edch slo\u017eek p\u0159\u00edrodn\u00edho p\u016fvodu:<\/p>\n<p class=\"font-claude-response-body break-words whitespace-normal leading-[1.7]\"><strong>Extrakt kv\u011bt\u016f horsk\u00e9 arniky<\/strong><\/p>\n<ul class=\"[li_&amp;]:mb-0 [li_&amp;]:mt-1 [li_&amp;]:gap-1 [&amp;:not(:last-child)_ul]:pb-1 [&amp;:not(:last-child)_ol]:pb-1 list-disc flex flex-col gap-1 pl-8 mb-3\">\n<li class=\"whitespace-normal break-words pl-2\">Obsahuje seskviterpenov\u00e9 laktony s v\u00fdrazn\u00fdm protiz\u00e1n\u011btliv\u00fdm p\u016fsoben\u00edm<\/li>\n<li class=\"whitespace-normal break-words pl-2\">Helenalin poskytuje antiseptick\u00fd \u00fa\u010dinek a br\u00e1n\u00ed \u0161\u00ed\u0159en\u00ed infekce<\/li>\n<li class=\"whitespace-normal break-words pl-2\">Flavonoidy a proantokyanidy chr\u00e1n\u00ed c\u00e9vy a zlep\u0161uj\u00ed mikrocirkulaci<\/li>\n<li class=\"whitespace-normal break-words pl-2\">Zm\u00edr\u0148uje otoky a hematomy po \u00farazech<\/li>\n<li class=\"whitespace-normal break-words pl-2\">Podporuje antiekchemick\u00e9 vlastnosti organismu<\/li>\n<\/ul>\n<p class=\"font-claude-response-body break-words whitespace-normal leading-[1.7]\"><strong>Mentol<\/strong><\/p>\n<ul class=\"[li_&amp;]:mb-0 [li_&amp;]:mt-1 [li_&amp;]:gap-1 [&amp;:not(:last-child)_ul]:pb-1 [&amp;:not(:last-child)_ol]:pb-1 list-disc flex flex-col gap-1 pl-8 mb-3\">\n<li class=\"whitespace-normal break-words pl-2\">Vytv\u00e1\u0159\u00ed p\u0159\u00edjemn\u00fd chladiv\u00fd efekt na poko\u017ece<\/li>\n<li class=\"whitespace-normal break-words pl-2\">P\u016fsob\u00ed jako lok\u00e1ln\u00ed anestetikum pro okam\u017eit\u00e9 zm\u00edrn\u011bn\u00ed bolesti<\/li>\n<li class=\"whitespace-normal break-words pl-2\">Vykazuje m\u00edrnou antiseptickou aktivitu<\/li>\n<li class=\"whitespace-normal break-words pl-2\">Uvol\u0148uje nap\u011bt\u00ed ve svalech a kloubech<\/li>\n<\/ul>\n<p class=\"font-claude-response-body break-words whitespace-normal leading-[1.7]\"><strong>Olej z eukalyptu<\/strong><\/p>\n<ul class=\"[li_&amp;]:mb-0 [li_&amp;]:mt-1 [li_&amp;]:gap-1 [&amp;:not(:last-child)_ul]:pb-1 [&amp;:not(:last-child)_ol]:pb-1 list-disc flex flex-col gap-1 pl-8 mb-3\">\n<li class=\"whitespace-normal break-words pl-2\">D\u00edky obsahu cineolu m\u00e1 siln\u00e9 antiseptick\u00e9 vlastnosti<\/li>\n<li class=\"whitespace-normal break-words pl-2\">\u00da\u010dinn\u011b potla\u010duje z\u00e1n\u011btliv\u00e9 procesy<\/li>\n<li class=\"whitespace-normal break-words pl-2\">Zabra\u0148uje r\u016fstu bakteri\u00ed v posti\u017een\u00e9 oblasti<\/li>\n<li class=\"whitespace-normal break-words pl-2\">Poskytuje osv\u011b\u017euj\u00edc\u00ed a chladiv\u00fd pocit<\/li>\n<\/ul>\n<p class=\"font-claude-response-body break-words whitespace-normal leading-[1.7]\"><strong>Kafrov\u00fd olej<\/strong><\/p>\n<ul class=\"[li_&amp;]:mb-0 [li_&amp;]:mt-1 [li_&amp;]:gap-1 [&amp;:not(:last-child)_ul]:pb-1 [&amp;:not(:last-child)_ol]:pb-1 list-disc flex flex-col gap-1 pl-8 mb-3\">\n<li class=\"whitespace-normal break-words pl-2\">Po aplikaci reflexn\u011b roz\u0161i\u0159uje krevn\u00ed c\u00e9vy<\/li>\n<li class=\"whitespace-normal break-words pl-2\">Vytv\u00e1\u0159\u00ed pocit tepla v bolestiv\u00fdch kloubech<\/li>\n<li class=\"whitespace-normal break-words pl-2\">Zlep\u0161uje prokrven\u00ed a dod\u00e1v\u00e1 pocit lehkosti<\/li>\n<li class=\"whitespace-normal break-words pl-2\">Podporuje vst\u0159eb\u00e1v\u00e1n\u00ed ostatn\u00edch aktivn\u00edch slo\u017eek<\/li>\n<\/ul>\n<h2 class=\"text-text-100 mt-3 -mb-1 text-[1.125rem] font-bold\">V\u00fdsledky Osteomed<\/h2>\n<p class=\"font-claude-response-body break-words whitespace-normal leading-[1.7]\">Pravideln\u00e1 aplikace kr\u00e9mu Osteomed p\u0159in\u00e1\u0161\u00ed komplexn\u00ed hojiv\u00fd \u00fa\u010dinek na pohybov\u00fd apar\u00e1t:<\/p>\n<ul class=\"[li_&amp;]:mb-0 [li_&amp;]:mt-1 [li_&amp;]:gap-1 [&amp;:not(:last-child)_ul]:pb-1 [&amp;:not(:last-child)_ol]:pb-1 list-disc flex flex-col gap-1 pl-8 mb-3\">\n<li class=\"whitespace-normal break-words pl-2\"><strong>Zm\u00edrn\u011bn\u00ed z\u00e1n\u011bt\u016f<\/strong>: Gel rychle a \u00fa\u010dinn\u011b potla\u010duje z\u00e1n\u011btliv\u00e9 procesy ve svalov\u00fdch kloubech a okoln\u00edch tk\u00e1n\u00edch<\/li>\n<li class=\"whitespace-normal break-words pl-2\"><strong>Regenerace chrupavky<\/strong>: Obnovuje v\u0161echny metabolick\u00e9 procesy a spou\u0161t\u00ed p\u0159irozenou regeneraci kloubn\u00ed chrupavky<\/li>\n<li class=\"whitespace-normal break-words pl-2\"><strong>L\u00e9\u010dba \u00faraz\u016f<\/strong>: Pom\u00e1h\u00e1 p\u0159i pohmo\u017ed\u011bnin\u00e1ch, podvrtnut\u00ed kotn\u00edk\u016f a urychluje hojen\u00ed hematom\u016f<\/li>\n<li class=\"whitespace-normal break-words pl-2\"><strong>Redukce otok\u016f<\/strong>: Sni\u017euje t\u011bsn\u011bn\u00ed a otoky po mod\u0159in\u00e1ch a \u00farazech<\/li>\n<li class=\"whitespace-normal break-words pl-2\"><strong>Prevence a terapie<\/strong>: \u00da\u010dinn\u00fd p\u0159i prevenci i l\u00e9\u010db\u011b artritidy, artr\u00f3zy a revmatismu<\/li>\n<li class=\"whitespace-normal break-words pl-2\"><strong>Zlep\u0161en\u00ed mobility<\/strong>: Stimuluje krevn\u00ed ob\u011bh a pom\u00e1h\u00e1 normalizovat pohyblivost kloub\u016f<\/li>\n<li class=\"whitespace-normal break-words pl-2\"><strong>Uvoln\u011bn\u00ed sval\u016f<\/strong>: M\u00e1 antikonvulzivn\u00ed \u00fa\u010dinek a uvol\u0148uje svalov\u00e9 k\u0159e\u010de<\/li>\n<li class=\"whitespace-normal break-words pl-2\"><strong>Sportovn\u00ed regenerace<\/strong>: Sni\u017euje bolest po sportovn\u00edm v\u00fdkonu a urychluje zotaven\u00ed<\/li>\n<li class=\"whitespace-normal break-words pl-2\"><strong>Lep\u0161\u00ed prokrven\u00ed<\/strong>: Aktivn\u011b stimuluje krevn\u00ed ob\u011bh v posti\u017een\u00fdch oblastech<\/li>\n<\/ul>\n<p class=\"font-claude-response-body break-words whitespace-normal leading-[1.7]\">\u00da\u010dinky se dostavuj\u00ed postupn\u011b &#8211; prvn\u00ed \u00falevu poc\u00edt\u00edte obvykle ji\u017e b\u011bhem n\u011bkolika minut po aplikaci d\u00edky chladiv\u00e9mu efektu mentolu a eukalyptu. Dlouhodob\u00e9 hojiv\u00e9 p\u016fsoben\u00ed se projevuje po pravideln\u00e9m pou\u017e\u00edv\u00e1n\u00ed po dobu 2-3 t\u00fddn\u016f.<\/p>\n<h2 class=\"text-text-100 mt-3 -mb-1 text-[1.125rem] font-bold\">Recenze u\u017eivatel\u016f Osteomed<\/h2>\n<p class=\"font-claude-response-body break-words whitespace-normal leading-[1.7]\">V\u011bt\u0161ina u\u017eivatel\u016f hodnot\u00ed Osteomed velmi pozitivn\u011b a oce\u0148uje jeho rychl\u00e9 p\u016fsoben\u00ed i p\u0159\u00edrodn\u00ed slo\u017een\u00ed. Z\u00e1kazn\u00edci zvl\u00e1\u0161t\u011b vyzdvihuj\u00ed zm\u00edrn\u011bn\u00ed bolesti a zlep\u0161en\u00ed pohyblivosti kloub\u016f.<\/p>\n<blockquote>\n<p class=\"font-claude-response-body break-words whitespace-normal leading-[1.7]\"><strong>Jana K., 58 let, Praha:<\/strong> <em>&#8222;Trp\u00edm arthr\u00f3zou kolen ji\u017e n\u011bkolik let a vyzkou\u0161ela jsem mnoho r\u016fzn\u00fdch p\u0159\u00edpravk\u016f. Osteomed mi pom\u00e1h\u00e1 nejl\u00e9pe &#8211; po aplikaci c\u00edt\u00edm \u00falevu asi za 10 minut a mohu norm\u00e1ln\u011b chodit. Pou\u017e\u00edv\u00e1m ho ka\u017ed\u00fd den r\u00e1no a ve\u010der, po t\u0159ech t\u00fddnech jsou moje kolena mnohem pohybliv\u011bj\u0161\u00ed. Nejlep\u0161\u00ed je, \u017ee je to p\u0159\u00edrodn\u00ed slo\u017een\u00ed, tak\u017ee nemus\u00edm m\u00edt obavy z ne\u017e\u00e1douc\u00edch \u00fa\u010dink\u016f jako u tablet.&#8220;<\/em><\/p>\n<p class=\"font-claude-response-body break-words whitespace-normal leading-[1.7]\"><strong>Miroslav P., 45 let, Brno:<\/strong> <em>&#8222;Jako aktivn\u00ed sportovec m\u00e1m \u010dasto probl\u00e9my se zran\u011bn\u00edmi a p\u0159et\u00ed\u017een\u00edm kloub\u016f. Osteomed pou\u017e\u00edv\u00e1m hlavn\u011b po n\u00e1ro\u010dn\u00fdch tr\u00e9ninc\u00edch na kolena a lokty. Kr\u00e9m rychle odstra\u0148uje bolest a zrychluje regeneraci. Oce\u0148uji p\u0159edev\u0161\u00edm jeho chladiv\u00fd efekt, kter\u00fd okam\u017eit\u011b ulevuje. Doporu\u010dil jsem ho i koleg\u016fm z t\u00fdmu a v\u0161ichni jsou spokojeni. V\u00fdborn\u00fd pom\u011br kvality a \u00fa\u010dinnosti.&#8220;<\/em><\/p>\n<\/blockquote>\n<h2 class=\"text-text-100 mt-3 -mb-1 text-[1.125rem] font-bold\">Mo\u017en\u00e9 ne\u017e\u00e1douc\u00ed \u00fa\u010dinky<\/h2>\n<p class=\"font-claude-response-body break-words whitespace-normal leading-[1.7]\">Osteomed je p\u0159\u00edpravek s p\u0159\u00edrodn\u00edm slo\u017een\u00edm, kter\u00fd je v\u011bt\u0161inou pacient\u016f dob\u0159e sn\u00e1\u0161en. D\u00edky vn\u011bj\u0161\u00ed aplikaci nedoch\u00e1z\u00ed k syst\u00e9mov\u00e9mu zat\u00ed\u017een\u00ed organismu, co\u017e v\u00fdrazn\u011b sni\u017euje riziko ne\u017e\u00e1douc\u00edch \u00fa\u010dink\u016f.<\/p>\n<p class=\"font-claude-response-body break-words whitespace-normal leading-[1.7]\">V ojedin\u011bl\u00fdch p\u0159\u00edpadech se m\u016f\u017ee objevit m\u00edstn\u00ed alergick\u00e1 reakce projevuj\u00edc\u00ed se zarudnut\u00edm k\u016f\u017ee, sv\u011bd\u011bn\u00edm nebo vyr\u00e1\u017ekou v m\u00edst\u011b aplikace. Tyto reakce jsou obvykle m\u00edrn\u00e9 a vymiz\u00ed po ukon\u010den\u00ed pou\u017e\u00edv\u00e1n\u00ed p\u0159\u00edpravku.<\/p>\n<p class=\"font-claude-response-body break-words whitespace-normal leading-[1.7]\">Pokud m\u00e1te zn\u00e1mou citlivost na n\u011bkterou ze slo\u017eek kr\u00e9mu (arnika, mentol, eukalyptov\u00fd olej, kafr), m\u016f\u017ee doj\u00edt k intenzivn\u011bj\u0161\u00ed ko\u017en\u00ed reakci. V takov\u00e9m p\u0159\u00edpad\u011b okam\u017eit\u011b omyjte posti\u017een\u00e9 m\u00edsto vodou a p\u0159eru\u0161te pou\u017e\u00edv\u00e1n\u00ed.<\/p>\n<p class=\"font-claude-response-body break-words whitespace-normal leading-[1.7]\">Velmi vz\u00e1cn\u011b se m\u016f\u017ee objevit pocit nadm\u011brn\u00e9ho chladu nebo tepla v m\u00edst\u011b aplikace, kter\u00fd m\u016f\u017ee b\u00fdt pro n\u011bkter\u00e9 u\u017eivatele nep\u0159\u00edjemn\u00fd. Tento efekt je v\u0161ak do\u010dasn\u00fd a zm\u00edrn\u00ed se po n\u011bkolika minut\u00e1ch.<\/p>\n<h2 class=\"text-text-100 mt-3 -mb-1 text-[1.125rem] font-bold\">Bezpe\u010dnostn\u00ed opat\u0159en\u00ed<\/h2>\n<p class=\"font-claude-response-body break-words whitespace-normal leading-[1.7]\">Pro bezpe\u010dn\u00e9 a \u00fa\u010dinn\u00e9 pou\u017eit\u00ed kr\u00e9mu Osteomed dodr\u017eujte n\u00e1sleduj\u00edc\u00ed doporu\u010den\u00ed:<\/p>\n<ul>\n<li class=\"font-claude-response-body break-words whitespace-normal leading-[1.7]\">Nepou\u017e\u00edvejte p\u0159\u00edpravek na po\u0161kozenou k\u016f\u017ei, otev\u0159en\u00e9 r\u00e1ny, sliznice nebo v oblasti o\u010d\u00ed. Pokud gel n\u00e1hodn\u011b vnikne do oka, d\u016fkladn\u011b vypl\u00e1chn\u011bte velkim mno\u017estv\u00edm \u010dist\u00e9 vody.<\/li>\n<li class=\"font-claude-response-body break-words whitespace-normal leading-[1.7]\">Kr\u00e9m nen\u00ed ur\u010den pro vnit\u0159n\u00ed pou\u017eit\u00ed. Po aplikaci si d\u016fkladn\u011b umyjte ruce, abyste zabr\u00e1nili n\u00e1hodn\u00e9mu p\u0159enosu do o\u010d\u00ed nebo \u00fast.<\/li>\n<li class=\"font-claude-response-body break-words whitespace-normal leading-[1.7]\">T\u011bhotn\u00e9 a koj\u00edc\u00ed \u017eeny by m\u011bly p\u0159ed pou\u017eit\u00edm konzultovat aplikaci s l\u00e9ka\u0159em. P\u0159\u00edpravek nen\u00ed doporu\u010den pro d\u011bti mlad\u0161\u00ed 12 let bez konzultace s pediatrem.<\/li>\n<li class=\"font-claude-response-body break-words whitespace-normal leading-[1.7]\">Pokud u\u017e\u00edv\u00e1te jin\u00e9 l\u00e9ky nebo m\u00e1te diagnostikovan\u00e9 chronick\u00e9 onemocn\u011bn\u00ed, informujte sv\u00e9ho l\u00e9ka\u0159e o \u00famyslu pou\u017e\u00edvat Osteomed. A\u010dkoliv interakce s jin\u00fdmi l\u00e9ky nejsou zn\u00e1my, konzultace je v\u017edy vhodn\u00e1.<\/li>\n<li class=\"font-claude-response-body break-words whitespace-normal leading-[1.7]\">Uchov\u00e1vejte mimo dosah d\u011bt\u00ed na chladn\u00e9m a such\u00e9m m\u00edst\u011b, chr\u00e1n\u011bn\u00e9m p\u0159ed p\u0159\u00edm\u00fdm slune\u010dn\u00edm z\u00e1\u0159en\u00edm. Nepou\u017e\u00edvejte po uplynut\u00ed doby pou\u017eitelnosti uveden\u00e9 na obalu.<\/li>\n<\/ul>\n<h2 class=\"text-text-100 mt-3 -mb-1 text-[1.125rem] font-bold\">N\u00e1vod k pou\u017eit\u00ed<\/h2>\n<p class=\"font-claude-response-body break-words whitespace-normal leading-[1.7]\">Pro dosa\u017een\u00ed optim\u00e1ln\u00edch v\u00fdsledk\u016f aplikujte Osteomed kr\u00e9m podle n\u00e1sleduj\u00edc\u00edho postupu:<\/p>\n<p class=\"font-claude-response-body break-words whitespace-normal leading-[1.7]\"><strong>D\u00e1vkov\u00e1n\u00ed<\/strong>: Vy\u017ed\u00edmejte z tuby mno\u017estv\u00ed gelu odpov\u00eddaj\u00edc\u00ed velikosti t\u0159e\u0161n\u011b a\u017e vla\u0161sk\u00e9ho o\u0159echu v z\u00e1vislosti na velikosti posti\u017een\u00e9 oblasti.<\/p>\n<p class=\"font-claude-response-body break-words whitespace-normal leading-[1.7]\"><strong>Frekvence<\/strong>: Aplikujte 2-3kr\u00e1t denn\u011b, nejl\u00e9pe r\u00e1no po probuzen\u00ed, odpoledne a p\u0159ed span\u00edm. V p\u0159\u00edpad\u011b akutn\u00ed bolesti nebo po sportovn\u00edm v\u00fdkonu m\u016f\u017eete aplikovat a\u017e 4kr\u00e1t denn\u011b.<\/p>\n<p class=\"font-claude-response-body break-words whitespace-normal leading-[1.7]\"><strong>Postup aplikace<\/strong>:<\/p>\n<ol class=\"[li_&amp;]:mb-0 [li_&amp;]:mt-1 [li_&amp;]:gap-1 [&amp;:not(:last-child)_ul]:pb-1 [&amp;:not(:last-child)_ol]:pb-1 list-decimal flex flex-col gap-1 pl-8 mb-3\">\n<li class=\"whitespace-normal break-words pl-2\">Ujist\u011bte se, \u017ee k\u016f\u017ee v posti\u017een\u00e9 oblasti je \u010dist\u00e1 a such\u00e1<\/li>\n<li class=\"whitespace-normal break-words pl-2\">Naneste pot\u0159ebn\u00e9 mno\u017estv\u00ed kr\u00e9mu na bolestiv\u00fd kloub nebo sval<\/li>\n<li class=\"whitespace-normal break-words pl-2\">Jemn\u011b vmas\u00edrujte krou\u017eiv\u00fdmi pohyby po dobu 2-3 minut<\/li>\n<li class=\"whitespace-normal break-words pl-2\">Nechte kr\u00e9m vst\u0159ebat, nen\u00ed nutn\u00e9 oplachovat<\/li>\n<li class=\"whitespace-normal break-words pl-2\">Po aplikaci si d\u016fkladn\u011b umyjte ruce<\/li>\n<\/ol>\n<p class=\"font-claude-response-body break-words whitespace-normal leading-[1.7]\"><strong>D\u00e9lka l\u00e9\u010dby<\/strong>: Pro akutn\u00ed stavy pou\u017e\u00edvejte 7-14 dn\u00ed. Pro chronick\u00e9 probl\u00e9my nebo preventivn\u00ed \u00fa\u010dely je vhodn\u00e9 pou\u017e\u00edvat 4-6 t\u00fddn\u016f, pot\u00e9 m\u016f\u017eete ud\u011blat t\u00fddenn\u00ed p\u0159est\u00e1vku a v kurzu pokra\u010dovat.<\/p>\n<p class=\"font-claude-response-body break-words whitespace-normal leading-[1.7]\">Pro zv\u00fd\u0161en\u00ed \u00fa\u010dinnosti m\u016f\u017eete po aplikaci posti\u017een\u00e9 m\u00edsto lehce p\u0159ekr\u00fdt bavln\u011bnou tkaninou a ponechat p\u016fsobit. Nevystavujte o\u0161et\u0159en\u00e9 m\u00edsto p\u0159\u00edm\u00e9mu chladu nebo extr\u00e9mn\u00edmu teplu alespo\u0148 30 minut po aplikaci.<\/p>\n<h2 class=\"text-text-100 mt-3 -mb-1 text-[1.125rem] font-bold\">Cena v \u010cesk\u00e9 republice<\/h2>\n<p class=\"font-claude-response-body break-words whitespace-normal leading-[1.7]\">V\u00fdrobce Osteomed pravideln\u011b nab\u00edz\u00ed zv\u00fdhodn\u011bn\u00e9 ak\u010dn\u00ed ceny a bonusov\u00e9 bal\u00ed\u010dky p\u0159\u00edmo na sv\u00e9m ofici\u00e1ln\u00edm webu. Aktu\u00e1ln\u00ed cenov\u00e1 nab\u00eddka se m\u016f\u017ee m\u011bnit v z\u00e1vislosti na prob\u00edhaj\u00edc\u00edch promoc\u00edch.<\/p>\n<p class=\"font-claude-response-body break-words whitespace-normal leading-[1.7]\">Pro z\u00edsk\u00e1n\u00ed nejlep\u0161\u00ed ceny a z\u00e1ruku originality produktu doporu\u010dujeme sledovat ofici\u00e1ln\u00ed webov\u00e9 str\u00e1nky v\u00fdrobce. \u010casto jsou k dispozici bal\u00ed\u010dky obsahuj\u00edc\u00ed v\u00edce tub s v\u00fdraznou slevou, co\u017e je ekonomicky v\u00fdhodn\u011bj\u0161\u00ed pro dlouhodobou l\u00e9\u010dbu.<\/p>\n<h2 class=\"text-text-100 mt-3 -mb-1 text-[1.125rem] font-bold\">Kde koupit Osteomed?<\/h2>\n<p class=\"font-claude-response-body break-words whitespace-normal leading-[1.7]\">Osteomed kr\u00e9m z\u00edsk\u00e1te v\u00fdhradn\u011b prost\u0159ednictv\u00edm ofici\u00e1ln\u00edho webu v\u00fdrobce. Tento p\u0159\u00edpravek nen\u00ed dostupn\u00fd v b\u011b\u017en\u00fdch l\u00e9k\u00e1rn\u00e1ch ani ve voln\u00e9m prodeji, co\u017e zaru\u010duje jeho autenticitu a kvalitu.<\/p>\n<p class=\"font-claude-response-body break-words whitespace-normal leading-[1.7]\">N\u00e1kup p\u0159\u00edmo od v\u00fdrobce m\u00e1 n\u011bkolik v\u00fdhod. M\u00e1te absolutn\u00ed jistotu, \u017ee obdr\u017e\u00edte origin\u00e1ln\u00ed produkt s ov\u011b\u0159en\u00fdm slo\u017een\u00edm a \u00fa\u010dinnost\u00ed. Vyhnete se riziku pad\u011blk\u016f nebo skladovac\u00edch chyb, kter\u00e9 mohou negativn\u011b ovlivnit kvalitu p\u0159\u00edpravku.<\/p>\n<p class=\"font-claude-response-body break-words whitespace-normal leading-[1.7]\">V\u00fdrobce poskytuje z\u00e1kaznickou podporu, rychl\u00e9 dod\u00e1n\u00ed a mo\u017enost vr\u00e1cen\u00ed pen\u011bz v p\u0159\u00edpad\u011b nespokojenosti. Objedn\u00e1vkov\u00fd proces je jednoduch\u00fd a diskr\u00e9tn\u00ed, bal\u00ed\u010dek obdr\u017e\u00edte do n\u011bkolika pracovn\u00edch dn\u016f.<\/p>\n<h2 class=\"text-text-100 mt-3 -mb-1 text-[1.125rem] font-bold\">V\u00fdhody u\u017e\u00edv\u00e1n\u00ed<\/h2>\n<p class=\"font-claude-response-body break-words whitespace-normal leading-[1.7]\">Osteomed se odli\u0161uje od jin\u00fdch p\u0159\u00edpravk\u016f na klouby \u0159adou v\u00fdznamn\u00fdch p\u0159ednost\u00ed:<\/p>\n<ul>\n<li class=\"font-claude-response-body break-words whitespace-normal leading-[1.7]\"><strong>P\u0159\u00edrodn\u00ed slo\u017een\u00ed<\/strong>: V\u0161echny aktivn\u00ed ingredience jsou rostlinn\u00e9ho p\u016fvodu, co\u017e minimalizuje riziko ne\u017e\u00e1douc\u00edch \u00fa\u010dink\u016f a umo\u017e\u0148uje dlouhodob\u00e9 pou\u017e\u00edv\u00e1n\u00ed bez obav z chemick\u00e9ho zat\u00ed\u017een\u00ed organismu.<\/li>\n<li class=\"font-claude-response-body break-words whitespace-normal leading-[1.7]\"><strong>Rychl\u00e9 p\u016fsoben\u00ed<\/strong>: Kombinace mentolu a eukalyptov\u00e9ho oleje poskytuje okam\u017eitou \u00falevu od bolesti ji\u017e n\u011bkolik minut po aplikaci, zat\u00edmco dlouhodob\u00e9 hojiv\u00e9 \u00fa\u010dinky se rozv\u00edjej\u00ed postupn\u011b.<\/li>\n<li class=\"font-claude-response-body break-words whitespace-normal leading-[1.7]\"><strong>Komplexn\u00ed \u00fa\u010dinek<\/strong>: Kr\u00e9m nejen zm\u00edr\u0148uje symptomy, ale aktivn\u011b podporuje regeneraci chrupavky a zlep\u0161uje stav kloub\u016f, \u010d\u00edm\u017e \u0159e\u0161\u00ed p\u0159\u00ed\u010dinu probl\u00e9m\u016f.<\/li>\n<li class=\"font-claude-response-body break-words whitespace-normal leading-[1.7]\"><strong>Bezpe\u010dnost<\/strong>: Vn\u011bj\u0161\u00ed aplikace nezat\u011b\u017euje j\u00e1tra, ledviny ani tr\u00e1vic\u00ed syst\u00e9m, na rozd\u00edl od peror\u00e1ln\u00edch analgetik. Nevy\u017eaduje l\u00e9ka\u0159sk\u00fd p\u0159edpis.<\/li>\n<li class=\"font-claude-response-body break-words whitespace-normal leading-[1.7]\"><strong>Univerz\u00e1lnost<\/strong>: Vhodn\u00fd pro r\u016fzn\u00e9 typy kloubn\u00edch pot\u00ed\u017e\u00ed &#8211; od sportovn\u00edch \u00faraz\u016f p\u0159es chronickou artritidu a\u017e po v\u011bkem podm\u00edn\u011bnou artr\u00f3zu.<\/li>\n<li class=\"font-claude-response-body break-words whitespace-normal leading-[1.7]\"><strong>Pohodl\u00ed<\/strong>: Jednoduch\u00e9 pou\u017eit\u00ed bez nutnosti slo\u017eit\u00fdch procedur. Kr\u00e9m se rychle vst\u0159eb\u00e1v\u00e1, nezanech\u00e1v\u00e1 mastn\u00e9 stopy a m\u00e1 p\u0159\u00edjemnou v\u016fni.<\/li>\n<li class=\"font-claude-response-body break-words whitespace-normal leading-[1.7]\"><strong>Prevence<\/strong>: M\u016f\u017ee b\u00fdt pou\u017e\u00edv\u00e1n preventivn\u011b sportovci nebo osobami s rizikem kloubn\u00edch pot\u00ed\u017e\u00ed, \u010d\u00edm\u017e p\u0159edch\u00e1z\u00ed vzniku v\u00e1\u017en\u011bj\u0161\u00edch probl\u00e9m\u016f.<\/li>\n<\/ul>\n<p class=\"font-claude-response-body break-words whitespace-normal leading-[1.7]\">Osteomed p\u0159edstavuje modern\u00ed p\u0159\u00edstup k p\u00e9\u010di o klouby, kter\u00fd kombinuje osv\u011bd\u010den\u00e9 p\u0159\u00edrodn\u00ed l\u00e1tky s v\u011bdeck\u00fdmi poznatky o regeneraci pohybov\u00e9ho apar\u00e1tu. Je to spolehliv\u00e1 volba pro ka\u017ed\u00e9ho, kdo hled\u00e1 \u00fa\u010dinn\u00e9 a bezpe\u010dn\u00e9 \u0159e\u0161en\u00ed sv\u00fdch kloubn\u00edch pot\u00ed\u017e\u00ed.<\/p>\n","protected":false},"excerpt":{"rendered":"<p>Bolest kloub\u016f v\u00fdrazn\u011b sni\u017euje kvalitu \u017eivota a omezuje ka\u017edodenn\u00ed aktivity. Pokud hled\u00e1te \u00fa\u010dinn\u00e9 \u0159e\u0161en\u00ed [&hellip;]<\/p>\n","protected":false},"featured_media":223,"comment_status":"open","ping_status":"closed","template":"","meta":[],"product_brand":[],"product_cat":[15],"product_tag":[],"class_list":{"0":"post-222","1":"product","2":"type-product","3":"status-publish","4":"has-post-thumbnail","6":"product_cat-prirodni","8":"first","9":"instock","10":"sale","11":"shipping-taxable","12":"product-type-external"},"aioseo_notices":[],"_links":{"self":[{"href":"https:\/\/medtempl.cz\/pharm\/wp-json\/wp\/v2\/product\/222","targetHints":{"allow":["GET"]}}],"collection":[{"href":"https:\/\/medtempl.cz\/pharm\/wp-json\/wp\/v2\/product"}],"about":[{"href":"https:\/\/medtempl.cz\/pharm\/wp-json\/wp\/v2\/types\/product"}],"replies":[{"embeddable":true,"href":"https:\/\/medtempl.cz\/pharm\/wp-json\/wp\/v2\/comments?post=222"}],"wp:featuredmedia":[{"embeddable":true,"href":"https:\/\/medtempl.cz\/pharm\/wp-json\/wp\/v2\/media\/223"}],"wp:attachment":[{"href":"https:\/\/medtempl.cz\/pharm\/wp-json\/wp\/v2\/media?parent=222"}],"wp:term":[{"taxonomy":"product_brand","embeddable":true,"href":"https:\/\/medtempl.cz\/pharm\/wp-json\/wp\/v2\/product_brand?post=222"},{"taxonomy":"product_cat","embeddable":true,"href":"https:\/\/medtempl.cz\/pharm\/wp-json\/wp\/v2\/product_cat?post=222"},{"taxonomy":"product_tag","embeddable":true,"href":"https:\/\/medtempl.cz\/pharm\/wp-json\/wp\/v2\/product_tag?post=222"}],"curies":[{"name":"wp","href":"https:\/\/api.w.org\/{rel}","templated":true}]}}