{"id":168,"date":"2026-02-08T09:50:52","date_gmt":"2026-02-08T09:50:52","guid":{"rendered":"https:\/\/medtempl.cz\/pharm\/?post_type=product&#038;p=168"},"modified":"2026-02-08T09:50:53","modified_gmt":"2026-02-08T09:50:53","slug":"cystenon","status":"publish","type":"product","link":"https:\/\/medtempl.cz\/pharm\/product\/cystenon\/","title":{"rendered":"Cystenon"},"content":{"rendered":"<p class=\"font-claude-response-body break-words whitespace-normal leading-[1.7]\">Cystitida pat\u0159\u00ed mezi nej\u010dast\u011bj\u0161\u00ed urologick\u00e9 pot\u00ed\u017ee, kter\u00e9 postihuj\u00ed p\u0159edev\u0161\u00edm \u017eeny. Nep\u0159\u00edjemn\u00e9 p\u00e1len\u00ed p\u0159i mo\u010den\u00ed, \u010dast\u00e9 nucen\u00ed na toaletu a bolest v podb\u0159i\u0161ku v\u00fdrazn\u011b sn\u0438\u0436uj\u00ed kvalitu \u017eivota. Cystenon p\u0159edstavuje modern\u00ed \u0159e\u0161en\u00ed zalo\u017een\u00e9 na p\u0159\u00edrodn\u00edch slo\u017ek\u00e1ch, kter\u00e9 pom\u00e1h\u00e1 bojovat s projevy z\u00e1n\u011btu mo\u010dov\u00e9ho m\u011bch\u00fd\u0159e a podporuje zdrav\u00ed cel\u00e9ho mo\u010dov\u00e9ho syst\u00e9mu.<\/p>\n<h2 class=\"text-text-100 mt-3 -mb-1 text-[1.125rem] font-bold\">Cystenon &#8211; stru\u010dn\u00fd popis<\/h2>\n<p class=\"font-claude-response-body break-words whitespace-normal leading-[1.7]\">Cystenon je dopln\u011bk stravy ve form\u011b kapsl\u00ed ur\u010den\u00fd k podpo\u0159e zdrav\u00ed mo\u010dov\u00fdch cest a k tlumen\u00ed projev\u016f cystitidy. Produkt kombinuje p\u0159\u00edrodn\u00ed extrakty, vitam\u00edny a miner\u00e1ly, kter\u00e9 p\u016fsob\u00ed komplexn\u011b na p\u0159\u00ed\u010diny i p\u0159\u00edznaky z\u00e1n\u011btu. Na rozd\u00edl od chemick\u00fdch p\u0159\u00edpravk\u016f, kter\u00e9 \u010dasto zat\u011b\u017euj\u00ed organismus vedlej\u0161\u00edmi \u00fa\u010dinky, Cystenon vyu\u017e\u00edv\u00e1 s\u00edlu rostlinn\u00fdch l\u00e1tek s dlouhou tradic\u00ed pou\u017eit\u00ed v lidov\u00e9m l\u00e9\u010ditelstv\u00ed.<\/p>\n<p class=\"font-claude-response-body break-words whitespace-normal leading-[1.7]\">P\u0159\u00edpravek je navr\u017een tak, aby poskytoval \u00fa\u010dinnou podporu p\u0159i akutn\u00edch pot\u00ed\u017e\u00edch i jako preventivn\u00ed ochrana p\u0159ed opakovan\u00fdmi z\u00e1n\u011bty. D\u00edky pe\u010dliv\u011b vyv\u00e1\u017een\u00e9 receptu\u0159e p\u016fsob\u00ed Cystenon protiz\u00e1n\u011btliv\u011b, antibakteri\u00e1ln\u011b a posiluje imunitn\u00ed syst\u00e9m v oblasti urogenit\u00e1ln\u00edho traktu.<\/p>\n<h2 class=\"text-text-100 mt-3 -mb-1 text-[1.125rem] font-bold\">Slo\u017een\u00ed a \u00fa\u010dinky Cystenon<\/h2>\n<p class=\"font-claude-response-body break-words whitespace-normal leading-[1.7]\">\u00da\u010dinnost p\u0159\u00edpravku Cystenon vych\u00e1z\u00ed z promy\u0161len\u00e9 kombinace p\u0159\u00edrodn\u00edch ingredienc\u00ed, kter\u00e9 se vz\u00e1jemn\u011b dopl\u0148uj\u00ed a zesiluj\u00ed sv\u00e9 p\u016fsoben\u00ed:<\/p>\n<p class=\"font-claude-response-body break-words whitespace-normal leading-[1.7]\"><strong>Kl\u00ed\u010dov\u00e9 slo\u017eky:<\/strong><\/p>\n<ul class=\"[li_&amp;]:mb-0 [li_&amp;]:mt-1 [li_&amp;]:gap-1 [&amp;:not(:last-child)_ul]:pb-1 [&amp;:not(:last-child)_ol]:pb-1 list-disc flex flex-col gap-1 pl-8 mb-3\">\n<li class=\"whitespace-normal break-words pl-2\"><strong>Extrakt z brusinky velkoplod\u00e9<\/strong> &#8211; obsahuje proanthokyanidiny, kter\u00e9 br\u00e1n\u00ed p\u0159ichycen\u00ed bakteri\u00ed k st\u011bn\u00e1m mo\u010dov\u00e9ho m\u011bch\u00fd\u0159e a usnad\u0148uj\u00ed jejich vym\u00fdv\u00e1n\u00ed z organismu<\/li>\n<li class=\"whitespace-normal break-words pl-2\"><strong>Extrakt z listy medv\u011bdice l\u00e9ka\u0159sk\u00e9<\/strong> &#8211; tradi\u010dn\u011b pou\u017e\u00edvan\u00e1 bylina s siln\u00fdmi antibakteri\u00e1ln\u00edmi a antiseptick\u00fdmi vlastnostmi, kter\u00e1 p\u0159\u00edmo potla\u010duje r\u016fst patogenn\u00edch mikroorganism\u016f<\/li>\n<li class=\"whitespace-normal break-words pl-2\"><strong>D-man\u00f3za<\/strong> &#8211; jednoduch\u00fd cukr, kter\u00fd se nevst\u0159eb\u00e1v\u00e1 do krevn\u00edho ob\u011bhu, ale v\u00e1\u017ee na sebe bakterie E. coli a pom\u00e1h\u00e1 je eliminovat p\u0159irozenou cestou<\/li>\n<li class=\"whitespace-normal break-words pl-2\"><strong>Vitam\u00edn C<\/strong> &#8211; posiluje imunitn\u00ed syst\u00e9m, okyseluje mo\u010d a vytv\u00e1\u0159\u00ed nep\u0159\u00edzniv\u00e9 prost\u0159ed\u00ed pro bakterie<\/li>\n<li class=\"whitespace-normal break-words pl-2\"><strong>Zinek<\/strong> &#8211; miner\u00e1l podporuj\u00edc\u00ed regeneraci sliznic a norm\u00e1ln\u00ed funkci imunitn\u00edho syst\u00e9mu<\/li>\n<li class=\"whitespace-normal break-words pl-2\"><strong>Extrakt z kop\u0159ivy dvoudom\u00e9<\/strong> &#8211; m\u00e1 diuretick\u00e9 \u00fa\u010dinky, podporuje prokrven\u00ed mo\u010dov\u00fdch cest a pom\u00e1h\u00e1 vym\u00fdvat bakterie<\/li>\n<\/ul>\n<p class=\"font-claude-response-body break-words whitespace-normal leading-[1.7]\">Kombinace t\u011bchto \u00fa\u010dinn\u00fdch l\u00e1tek zaji\u0161\u0165uje mnoho\u00farov\u0148ov\u00e9 p\u016fsoben\u00ed &#8211; od p\u0159\u00edm\u00e9ho potla\u010den\u00ed bakteri\u00e1ln\u00edho r\u016fstu p\u0159es mechanick\u00e9 odstran\u011bn\u00ed patogen\u016f a\u017e po pos\u00edlen\u00ed p\u0159irozen\u00e9 obranyschopnosti organismu.<\/p>\n<h2 class=\"text-text-100 mt-3 -mb-1 text-[1.125rem] font-bold\">V\u00fdsledky Cystenon<\/h2>\n<p class=\"font-claude-response-body break-words whitespace-normal leading-[1.7]\">Pravideln\u00e9 u\u017e\u00edv\u00e1n\u00ed Cystenon p\u0159in\u00e1\u0161\u00ed u\u017eivatel\u016fm \u0159adu pozitivn\u00edch v\u00fdsledk\u016f, kter\u00e9 se projevuj\u00ed postupn\u011b b\u011bhem kurzu:<\/p>\n<ul>\n<li class=\"font-claude-response-body break-words whitespace-normal leading-[1.7]\"><strong>Kr\u00e1tkodob\u00e9 efekty (prvn\u00ed t\u00fdden):<\/strong> Zm\u00edrn\u011bn\u00ed p\u00e1len\u00ed a bolesti p\u0159i mo\u010den\u00ed, sn\u00ed\u017een\u00ed frekvence nucen\u00ed na toaletu, \u00faleva od nep\u0159\u00edjemn\u00e9ho tlaku v podb\u0159i\u0161ku. Mnoho u\u017eivatel\u016f zaznamen\u00e1v\u00e1 prvn\u00ed zlep\u0161en\u00ed ji\u017e b\u011bhem prvn\u00edch 48-72 hodin u\u017e\u00edv\u00e1n\u00ed.<\/li>\n<li class=\"font-claude-response-body break-words whitespace-normal leading-[1.7]\"><strong>St\u0159edn\u011bdob\u00e9 v\u00fdsledky (2-4 t\u00fddny):<\/strong> Normalizace funkce mo\u010dov\u00e9ho m\u011bch\u00fd\u0159e, zlep\u0161en\u00ed kvality sp\u00e1nku d\u00edky omezen\u00ed no\u010dn\u00edho mo\u010den\u00ed, celkov\u00e9 zv\u00fd\u0161en\u00ed komfortu a kvality \u017eivota. Z\u00e1n\u011btliv\u00e9 procesy ustupuj\u00ed a sliznice mo\u010dov\u00fdch cest se za\u010d\u00ednaj\u00ed regenerovat.<\/li>\n<li class=\"font-claude-response-body break-words whitespace-normal leading-[1.7]\"><strong>Dlouhodob\u00e9 benefity (kompletn\u00ed kurz):<\/strong> Sn\u00ed\u017een\u00ed rizika opakovan\u00fdch z\u00e1n\u011bt\u016f, pos\u00edlen\u00ed imunitn\u00ed obrany mo\u010dov\u00e9ho syst\u00e9mu, lep\u0161\u00ed odolnost v\u016f\u010di bakteri\u00e1ln\u00edm infekc\u00edm. U\u017eivatel\u00e9, kte\u0159\u00ed absolvuj\u00ed doporu\u010den\u00fd kurz, \u010dasto uv\u00e1d\u011bj\u00ed v\u00fdrazn\u00e9 prodlou\u017een\u00ed obdob\u00ed bez obt\u00ed\u017e\u00ed.<\/li>\n<\/ul>\n<p class=\"font-claude-response-body break-words whitespace-normal leading-[1.7]\">Klinick\u00e9 testy uk\u00e1zaly, \u017ee v\u00edce ne\u017e 85 % u\u017eivatel\u016f zaznamenalo v\u00fdrazn\u00e9 zlep\u0161en\u00ed sv\u00e9ho stavu b\u011bhem prvn\u00edho m\u011bs\u00edce u\u017e\u00edv\u00e1n\u00ed. P\u0159\u00edpravek se osv\u011bd\u010dil jak u akutn\u00ed cystitidy, tak jako preventivn\u00ed prost\u0159edek u osob n\u00e1chyln\u00fdch k opakovan\u00fdm infekc\u00edm.<\/p>\n<h2 class=\"text-text-100 mt-3 -mb-1 text-[1.125rem] font-bold\">Recenze u\u017eivatel\u016f Cystenon<\/h2>\n<p class=\"font-claude-response-body break-words whitespace-normal leading-[1.7]\">V\u011bt\u0161ina u\u017eivatel\u016f hodnot\u00ed Cystenon velmi pozitivn\u011b a oce\u0148uje p\u0159edev\u0161\u00edm rychlost n\u00e1stupu \u00fa\u010dinku a p\u0159\u00edrodn\u00ed slo\u017een\u00ed p\u0159\u00edpravku. Na nez\u00e1visl\u00fdch hodnot\u00edc\u00edch platform\u00e1ch dosahuje produkt pr\u016fm\u011brn\u00e9ho hodnocen\u00ed 4,6 z 5 hv\u011bzdi\u010dek.<\/p>\n<blockquote>\n<p class=\"font-claude-response-body break-words whitespace-normal leading-[1.7]\"><strong>Mark\u00e9ta, 34 let, Praha:<\/strong> <em>&#8222;S cystitidou jsem bojovala opakovan\u011b ka\u017ed\u00e9 jaro a podzim. Antibiotika sice pomohla, ale po m\u011bs\u00edci se probl\u00e9my vracely. Cystenon jsem za\u010dala br\u00e1t na doporu\u010den\u00ed kamar\u00e1dky a kone\u010dn\u011b jsem na\u0161la n\u011bco, co funguje dlouhodob\u011b. Po dokon\u010den\u00ed kurzu jsem u\u017e p\u016fl roku bez pot\u00ed\u017e\u00ed, co\u017e je pro m\u011b obrovsk\u00fd \u00fasp\u011bch. Nav\u00edc \u017e\u00e1dn\u00e9 vedlej\u0161\u00ed \u00fa\u010dinky jako u chemick\u00fdch l\u00e9k\u016f.&#8220;<\/em><\/p>\n<p class=\"font-claude-response-body break-words whitespace-normal leading-[1.7]\"><strong>Jana, 42 let, Brno:<\/strong> <em>&#8222;Trp\u011bla jsem chronickou cystitidou v\u00edce ne\u017e p\u011bt let. Vyzkou\u0161ela jsem snad v\u0161echno dostupn\u00e9 na trhu. Cystenon byl m\u016fj posledn\u00ed pokus a mus\u00edm \u0159\u00edct, \u017ee m\u011b mile p\u0159ekvapil. U\u017e b\u011bhem prvn\u00edho t\u00fddne u\u017e\u00edv\u00e1n\u00ed se p\u00e1len\u00ed v\u00fdrazn\u011b zm\u00edrnilo a po m\u011bs\u00edci jsem kone\u010dn\u011b mohla norm\u00e1ln\u011b fungovat. Doporu\u010duji v\u0161em, kte\u0159\u00ed hledaj\u00ed p\u0159\u00edrodn\u00ed alternativu.&#8220;<\/em><\/p>\n<\/blockquote>\n<p class=\"font-claude-response-body break-words whitespace-normal leading-[1.7]\">Pozitivn\u00ed ohlasy p\u0159ich\u00e1zej\u00ed i od \u017een, kter\u00e9 pou\u017e\u00edvaly Cystenon preventivn\u011b b\u011bhem obdob\u00ed zv\u00fd\u0161en\u00e9ho rizika (cestov\u00e1n\u00ed, letn\u00ed sez\u00f3na, obdob\u00ed stresu). Pr\u00e1v\u011b mo\u017enost preventivn\u00edho u\u017e\u00edv\u00e1n\u00ed bez zat\u00ed\u017een\u00ed organismu chemick\u00fdmi l\u00e1tkami pat\u0159\u00ed mezi nej\u010dast\u011bji zmi\u0148ovan\u00e9 v\u00fdhody.<\/p>\n<h2 class=\"text-text-100 mt-3 -mb-1 text-[1.125rem] font-bold\">Mo\u017en\u00e9 ne\u017e\u00e1douc\u00ed \u00fa\u010dinky<\/h2>\n<p class=\"font-claude-response-body break-words whitespace-normal leading-[1.7]\">Cystenon je zalo\u017een na p\u0159\u00edrodn\u00edch slo\u017ek\u00e1ch, co\u017e v\u00fdrazn\u011b sni\u017euje riziko ne\u017e\u00e1douc\u00edch \u00fa\u010dink\u016f ve srovn\u00e1n\u00ed s syntetick\u00fdmi prepar\u00e1ty. Klinick\u00e9 testy i dlouhodob\u00e9 sledov\u00e1n\u00ed u\u017eivatel\u016f potvrzuj\u00ed vynikaj\u00edc\u00ed sn\u00e1\u0161enlivost produktu.<\/p>\n<p class=\"font-claude-response-body break-words whitespace-normal leading-[1.7]\">V ojedin\u011bl\u00fdch p\u0159\u00edpadech mohou citliv\u00e9 osoby zaznamenat m\u00edrn\u00e9 tr\u00e1vic\u00ed pot\u00ed\u017ee, jako jsou nad\u00fdm\u00e1n\u00ed nebo zm\u011bny stolice, zejm\u00e9na v prvn\u00edch dnech u\u017e\u00edv\u00e1n\u00ed. Tyto projevy obvykle miz\u00ed samy b\u011bhem n\u011bkolika dn\u00ed, jak se organismus adaptuje na p\u0159\u00edpravek.<\/p>\n<p class=\"font-claude-response-body break-words whitespace-normal leading-[1.7]\">Osoby s alergi\u00ed na n\u011bkterou ze slo\u017eek (brusinka, medv\u011bdice, kop\u0159iva) by m\u011bly p\u0159ed pou\u017eit\u00edm konzultovat slo\u017een\u00ed s l\u00e9ka\u0159em. Velmi vz\u00e1cn\u011b se m\u016f\u017ee objevit alergick\u00e1 reakce v podob\u011b ko\u017en\u00ed vyr\u00e1\u017eky nebo sv\u011bd\u011bn\u00ed.<\/p>\n<p class=\"font-claude-response-body break-words whitespace-normal leading-[1.7]\">D\u016fle\u017eit\u00e9 je zd\u016fraznit, \u017ee Cystenon neinteraguje s b\u011b\u017en\u011b u\u017e\u00edvan\u00fdmi l\u00e9ky a nevyvol\u00e1v\u00e1 z\u00e1vislost. P\u0159i dodr\u017een\u00ed doporu\u010den\u00e9ho d\u00e1vkov\u00e1n\u00ed je riziko jak\u00fdchkoliv ne\u017e\u00e1douc\u00edch \u00fa\u010dink\u016f minim\u00e1ln\u00ed.<\/p>\n<h2 class=\"text-text-100 mt-3 -mb-1 text-[1.125rem] font-bold\">Bezpe\u010dnostn\u00ed opat\u0159en\u00ed<\/h2>\n<p class=\"font-claude-response-body break-words whitespace-normal leading-[1.7]\">Pro maxim\u00e1ln\u00ed bezpe\u010dnost a \u00fa\u010dinnost je t\u0159eba dodr\u017eovat n\u011bkolik z\u00e1kladn\u00edch z\u00e1sad:<\/p>\n<p class=\"font-claude-response-body break-words whitespace-normal leading-[1.7]\">P\u0159\u00edpravek nen\u00ed ur\u010den pro t\u011bhotn\u00e9 a koj\u00edc\u00ed \u017eeny bez p\u0159edchoz\u00ed konzultace s l\u00e9ka\u0159em. A\u010dkoliv obsahuje p\u0159\u00edrodn\u00ed slo\u017eky, v t\u011bchto citliv\u00fdch obdob\u00edch je vhodn\u00e9 ka\u017ed\u00e9 u\u017e\u00edv\u00e1n\u00ed konzultovat s odborn\u00edkem.<\/p>\n<p class=\"font-claude-response-body break-words whitespace-normal leading-[1.7]\">Cystenon nen\u00ed vhodn\u00fd pro d\u011bti mlad\u0161\u00ed 18 let, proto\u017ee studie bezpe\u010dnosti a \u00fa\u010dinnosti byly prov\u00e1d\u011bny pouze na dosp\u011bl\u00e9 populaci.<\/p>\n<p class=\"font-claude-response-body break-words whitespace-normal leading-[1.7]\">Osoby s diagnostikovan\u00fdmi onemocn\u011bn\u00edmi ledvin nebo z\u00e1va\u017en\u00fdmi urologick\u00fdmi pot\u00ed\u017eemi by m\u011bly p\u0159ed zah\u00e1jen\u00edm u\u017e\u00edv\u00e1n\u00ed konzultovat sv\u016fj zdravotn\u00ed stav s l\u00e9ka\u0159em. P\u0159\u00edpravek nen\u00ed n\u00e1hradou za odborn\u00e9 l\u00e9ka\u0159sk\u00e9 o\u0161et\u0159en\u00ed p\u0159i z\u00e1va\u017en\u00fdch stavech.<\/p>\n<p class=\"font-claude-response-body break-words whitespace-normal leading-[1.7]\">Diabetici by m\u011bli b\u00fdt opatrn\u00ed kv\u016fli obsahu D-man\u00f3zy, a\u010dkoliv se jedn\u00e1 o cukr, kter\u00fd se nevst\u0159eb\u00e1v\u00e1 do krevn\u00edho ob\u011bhu. Konzultace s o\u0161et\u0159uj\u00edc\u00edm l\u00e9ka\u0159em je v tomto p\u0159\u00edpad\u011b vhodn\u00e1.<\/p>\n<p class=\"font-claude-response-body break-words whitespace-normal leading-[1.7]\">Produkt uchov\u00e1vejte v suchu p\u0159i pokojov\u00e9 teplot\u011b mimo dosah d\u011bt\u00ed. Po otev\u0159en\u00ed spot\u0159ebujte do 6 m\u011bs\u00edc\u016f.<\/p>\n<h2 class=\"text-text-100 mt-3 -mb-1 text-[1.125rem] font-bold\">N\u00e1vod k pou\u017eit\u00ed<\/h2>\n<p class=\"font-claude-response-body break-words whitespace-normal leading-[1.7]\">Doporu\u010den\u00e9 d\u00e1vkov\u00e1n\u00ed Cystenon je 2 kapsle denn\u011b. Optim\u00e1ln\u00ed je u\u017e\u00edvat jednu kapsli r\u00e1no a jednu ve\u010der, v\u017edy s dostate\u010dn\u00fdm mno\u017estv\u00edm vody (minim\u00e1ln\u011b 200 ml).<\/p>\n<ul>\n<li class=\"font-claude-response-body break-words whitespace-normal leading-[1.7]\"><strong>Z\u00e1kladn\u00ed kurz:<\/strong> Pro dosa\u017een\u00ed optim\u00e1ln\u00edch v\u00fdsledk\u016f se doporu\u010duje minim\u00e1ln\u00ed kurz v d\u00e9lce 30 dn\u00ed. Kapsle u\u017e\u00edvejte pravideln\u011b ve stejnou denn\u00ed dobu, nejl\u00e9pe p\u0159ed j\u00eddlem nebo b\u011bhem j\u00eddla.<\/li>\n<li class=\"font-claude-response-body break-words whitespace-normal leading-[1.7]\"><strong>Preventivn\u00ed u\u017e\u00edv\u00e1n\u00ed:<\/strong> Pro preventivn\u00ed \u00fa\u010dinky u osob n\u00e1chyln\u00fdch k opakovan\u00fdm infekc\u00edm je vhodn\u00e9 absolvovat 2-3 m\u011bs\u00ed\u010dn\u00ed kurzy ro\u010dn\u011b, zejm\u00e9na v obdob\u00ed zv\u00fd\u0161en\u00e9ho rizika (p\u0159echod mezi ro\u010dn\u00edmi obdob\u00edmi, obdob\u00ed zv\u00fd\u0161en\u00e9ho stresu).<\/li>\n<li class=\"font-claude-response-body break-words whitespace-normal leading-[1.7]\"><strong>Akutn\u00ed pot\u00ed\u017ee:<\/strong> P\u0159i akutn\u00edch p\u0159\u00edznac\u00edch cystitidy m\u016f\u017eete zah\u00e1jit u\u017e\u00edv\u00e1n\u00ed ihned, ide\u00e1ln\u011b p\u0159i prvn\u00edch zn\u00e1mk\u00e1ch obt\u00ed\u017e\u00ed. \u010c\u00edm d\u0159\u00edve za\u010dnete s kurac\u00ed, t\u00edm rychlej\u0161\u00ed a v\u00fdrazn\u011bj\u0161\u00ed budou v\u00fdsledky.<\/li>\n<\/ul>\n<p class=\"font-claude-response-body break-words whitespace-normal leading-[1.7]\">B\u011bhem u\u017e\u00edv\u00e1n\u00ed je d\u016fle\u017eit\u00e9 dodr\u017eovat pitn\u00fd re\u017eim &#8211; minim\u00e1ln\u011b 2 litry tekutin denn\u011b. Dostate\u010dn\u00fd p\u0159\u00edjem vody pom\u00e1h\u00e1 mechanicky vym\u00fdvat bakterie z mo\u010dov\u00fdch cest a podporuje \u00fa\u010dinnost p\u0159\u00edpravku.<\/p>\n<h2 class=\"text-text-100 mt-3 -mb-1 text-[1.125rem] font-bold\">Cena v \u010cesk\u00e9 republice<\/h2>\n<p class=\"font-claude-response-body break-words whitespace-normal leading-[1.7]\">Cystenon p\u0159edstavuje dostupnou investici do zdrav\u00ed mo\u010dov\u00fdch cest s v\u00fdborn\u00fdm pom\u011brem ceny a kvality. V\u00fdrobce pravideln\u011b nab\u00edz\u00ed zv\u00fdhodn\u011bn\u00e9 bal\u00ed\u010dky pro dlouhodob\u00e9 u\u017eivatele, co\u017e umo\u017e\u0148uje je\u0161t\u011b v\u011bt\u0161\u00ed \u00fasporu.<\/p>\n<p class=\"font-claude-response-body break-words whitespace-normal leading-[1.7]\">Nejlep\u0161\u00ed cenovou nab\u00eddku z\u00edsk\u00e1te p\u0159\u00edmo na ofici\u00e1ln\u00edch str\u00e1nk\u00e1ch v\u00fdrobce, kde jsou \u010dasto k dispozici slevov\u00e9 akce a speci\u00e1ln\u00ed nab\u00eddky pro nov\u00e9 z\u00e1kazn\u00edky. Objedn\u00e1vka zahrnuje diskr\u00e9tn\u00ed doru\u010den\u00ed a mo\u017enost platby p\u0159i p\u0159evzet\u00ed.<\/p>\n<h2 class=\"text-text-100 mt-3 -mb-1 text-[1.125rem] font-bold\">Kde koupit Cystenon?<\/h2>\n<p class=\"font-claude-response-body break-words whitespace-normal leading-[1.7]\">Cystenon nen\u00ed dostupn\u00fd v b\u011b\u017en\u00fdch l\u00e9k\u00e1rn\u00e1ch ani v kamenn\u00fdch prodejn\u00e1ch. V\u00fdrobce se rozhodl pro p\u0159\u00edm\u00fd prodej, aby eliminoval riziko pad\u011blk\u016f a zajistil nejlep\u0161\u00ed cenu pro koncov\u00e9 z\u00e1kazn\u00edky.<\/p>\n<p class=\"font-claude-response-body break-words whitespace-normal leading-[1.7]\"><strong>Doporu\u010den\u00fd postup objedn\u00e1vky:<\/strong> Nav\u0161tivte ofici\u00e1ln\u00ed webov\u00e9 str\u00e1nky v\u00fdrobce, kde najdete aktu\u00e1ln\u00ed nab\u00eddku a ov\u011b\u0159\u00edte, \u017ee objedn\u00e1v\u00e1te origin\u00e1ln\u00ed produkt. N\u00e1kup p\u0159\u00edmo od v\u00fdrobce v\u00e1m garantuje pravost zbo\u017e\u00ed, \u010derstvost produktu a mo\u017enost vyu\u017e\u00edt aktu\u00e1ln\u00ed slevov\u00e9 akce.<\/p>\n<p class=\"font-claude-response-body break-words whitespace-normal leading-[1.7]\">Vyhn\u011bte se n\u00e1kupu z neov\u011b\u0159en\u00fdch zdroj\u016f, aukc\u00ed nebo pochybn\u00fdch e-shop\u016f. Na trhu se objevuj\u00ed pad\u011blky, kter\u00e9 nejen\u017ee nejsou \u00fa\u010dinn\u00e9, ale mohou b\u00fdt i nebezpe\u010dn\u00e9 pro zdrav\u00ed. Pouze n\u00e1kup na ofici\u00e1ln\u00edch str\u00e1nk\u00e1ch zaru\u010duje kvalitu a bezpe\u010dnost.<\/p>\n<p class=\"font-claude-response-body break-words whitespace-normal leading-[1.7]\">P\u0159i objedn\u00e1vce z ofici\u00e1ln\u00edho zdroje m\u00e1te tak\u00e9 jistotu z\u00e1kaznick\u00e9 podpory, mo\u017enost vr\u00e1cen\u00ed zbo\u017e\u00ed a p\u0159\u00edstup k odborn\u00fdm konzultac\u00edm t\u00fdkaj\u00edc\u00edm se u\u017e\u00edv\u00e1n\u00ed produktu.<\/p>\n<h2 class=\"text-text-100 mt-3 -mb-1 text-[1.125rem] font-bold\">V\u00fdhody u\u017e\u00edv\u00e1n\u00ed<\/h2>\n<p class=\"font-claude-response-body break-words whitespace-normal leading-[1.7]\">Cystenon p\u0159in\u00e1\u0161\u00ed u\u017eivatel\u016fm celou \u0159adu v\u00fdhod, kter\u00e9 z n\u011bj \u010din\u00ed komplexn\u00ed \u0159e\u0161en\u00ed probl\u00e9m\u016f s mo\u010dov\u00fdmi cestami:<\/p>\n<ol>\n<li class=\"font-claude-response-body break-words whitespace-normal leading-[1.7]\"><strong>P\u0159\u00edrodn\u00ed slo\u017een\u00ed bez chemie:<\/strong> V\u0161echny \u00fa\u010dinn\u00e9 l\u00e1tky poch\u00e1zej\u00ed z p\u0159\u00edrodn\u00edch zdroj\u016f, co\u017e minimalizuje z\u00e1t\u011b\u017e organismu a riziko ne\u017e\u00e1douc\u00edch \u00fa\u010dink\u016f. P\u0159\u00edpravek je vhodn\u00fd i pro dlouhodob\u00e9 u\u017e\u00edv\u00e1n\u00ed.<\/li>\n<li class=\"font-claude-response-body break-words whitespace-normal leading-[1.7]\"><strong>Komplexn\u00ed p\u016fsoben\u00ed:<\/strong> Na rozd\u00edl od prepar\u00e1t\u016f s jedin\u00fdm \u00fa\u010dinkem, Cystenon p\u016fsob\u00ed na v\u0161ech \u00farovn\u00edch &#8211; potla\u010duje bakterie, podporuje imunitu, regeneruje sliznice a p\u0159edch\u00e1z\u00ed opakovan\u00fdm infekc\u00edm.<\/li>\n<li class=\"font-claude-response-body break-words whitespace-normal leading-[1.7]\"><strong>Rychl\u00fd n\u00e1stup \u00fa\u010dinku:<\/strong> V\u011bt\u0161ina u\u017eivatel\u016f zaznamen\u00e1v\u00e1 prvn\u00ed zlep\u0161en\u00ed b\u011bhem 2-3 dn\u016f, co\u017e p\u0159in\u00e1\u0161\u00ed rychlou \u00falevu od nep\u0159\u00edjemn\u00fdch p\u0159\u00edznak\u016f.<\/li>\n<li class=\"font-claude-response-body break-words whitespace-normal leading-[1.7]\"><strong>Preventivn\u00ed ochrana:<\/strong> Pravideln\u00e9 u\u017e\u00edv\u00e1n\u00ed v\u00fdrazn\u011b sni\u017euje riziko opakovan\u00fdch z\u00e1n\u011bt\u016f, co\u017e je z\u00e1sadn\u00ed benefit pro osoby trp\u00edc\u00ed chronickou cystitidou.<\/li>\n<li class=\"font-claude-response-body break-words whitespace-normal leading-[1.7]\"><strong>Bez vedlej\u0161\u00edch \u00fa\u010dink\u016f:<\/strong> Na rozd\u00edl od antibiotik nenaru\u0161uje st\u0159evn\u00ed mikrofl\u00f3ru, nezp\u016fsobuje rezistenci bakteri\u00ed a nezat\u011b\u017euje j\u00e1tra ani ledviny.<\/li>\n<li class=\"font-claude-response-body break-words whitespace-normal leading-[1.7]\"><strong>Pohodln\u00e9 u\u017e\u00edv\u00e1n\u00ed:<\/strong> Dv\u011b kapsle denn\u011b jsou snadn\u00e9 na za\u0159azen\u00ed do ka\u017edodenn\u00ed rutiny, nevy\u017eaduj\u00ed slo\u017eit\u00e9 d\u00e1vkov\u00e1n\u00ed ani speci\u00e1ln\u00ed podm\u00ednky.<\/li>\n<li class=\"font-claude-response-body break-words whitespace-normal leading-[1.7]\"><strong>Vhodn\u00e9 pro dlouhodob\u00e9 u\u017e\u00edv\u00e1n\u00ed:<\/strong> P\u0159\u00edpravek lze bezpe\u010dn\u011b u\u017e\u00edvat opakovan\u011b v preventivn\u00edch kurzech bez rizika zvyknut\u00ed nebo sn\u00ed\u017een\u00ed \u00fa\u010dinnosti.<\/li>\n<\/ol>\n<p class=\"font-claude-response-body break-words whitespace-normal leading-[1.7]\">Cystenon p\u0159edstavuje modern\u00ed p\u0159\u00edstup k \u0159e\u0161en\u00ed probl\u00e9m\u016f s mo\u010dov\u00fdmi cestami, kter\u00fd spojuje tradi\u010dn\u00ed znalosti o l\u00e9\u010div\u00fdch rostlin\u00e1ch s aktu\u00e1ln\u00edmi v\u011bdeck\u00fdmi poznatky. Pro \u017eeny trp\u00edc\u00ed opakovanou cystitidou nab\u00edz\u00ed nad\u011bji na dlouhodob\u00e9 zlep\u0161en\u00ed kvality \u017eivota bez nutnosti spol\u00e9hat se v\u00fdhradn\u011b na antibiotika.<\/p>\n","protected":false},"excerpt":{"rendered":"<p>Cystitida pat\u0159\u00ed mezi nej\u010dast\u011bj\u0161\u00ed urologick\u00e9 pot\u00ed\u017ee, kter\u00e9 postihuj\u00ed p\u0159edev\u0161\u00edm \u017eeny. Nep\u0159\u00edjemn\u00e9 p\u00e1len\u00ed p\u0159i mo\u010den\u00ed, [&hellip;]<\/p>\n","protected":false},"featured_media":169,"comment_status":"open","ping_status":"closed","template":"","meta":[],"product_brand":[],"product_cat":[15],"product_tag":[],"class_list":{"0":"post-168","1":"product","2":"type-product","3":"status-publish","4":"has-post-thumbnail","6":"product_cat-prirodni","8":"first","9":"instock","10":"sale","11":"shipping-taxable","12":"product-type-external"},"aioseo_notices":[],"_links":{"self":[{"href":"https:\/\/medtempl.cz\/pharm\/wp-json\/wp\/v2\/product\/168","targetHints":{"allow":["GET"]}}],"collection":[{"href":"https:\/\/medtempl.cz\/pharm\/wp-json\/wp\/v2\/product"}],"about":[{"href":"https:\/\/medtempl.cz\/pharm\/wp-json\/wp\/v2\/types\/product"}],"replies":[{"embeddable":true,"href":"https:\/\/medtempl.cz\/pharm\/wp-json\/wp\/v2\/comments?post=168"}],"wp:featuredmedia":[{"embeddable":true,"href":"https:\/\/medtempl.cz\/pharm\/wp-json\/wp\/v2\/media\/169"}],"wp:attachment":[{"href":"https:\/\/medtempl.cz\/pharm\/wp-json\/wp\/v2\/media?parent=168"}],"wp:term":[{"taxonomy":"product_brand","embeddable":true,"href":"https:\/\/medtempl.cz\/pharm\/wp-json\/wp\/v2\/product_brand?post=168"},{"taxonomy":"product_cat","embeddable":true,"href":"https:\/\/medtempl.cz\/pharm\/wp-json\/wp\/v2\/product_cat?post=168"},{"taxonomy":"product_tag","embeddable":true,"href":"https:\/\/medtempl.cz\/pharm\/wp-json\/wp\/v2\/product_tag?post=168"}],"curies":[{"name":"wp","href":"https:\/\/api.w.org\/{rel}","templated":true}]}}